{"id":4377,"date":"2025-09-24T22:19:38","date_gmt":"2025-09-24T19:19:38","guid":{"rendered":"https:\/\/margus.lv\/?post_type=product&#038;p=4377"},"modified":"2025-09-24T22:22:39","modified_gmt":"2025-09-24T19:22:39","slug":"clear-cell-salicilskabes-seju-attiross-toniks","status":"publish","type":"product","link":"https:\/\/margus.lv\/ru\/shop\/clear-cell-salicilskabes-seju-attiross-toniks\/","title":{"rendered":"CLEAR CELL Salicilsk\u0101bes seju att\u012bro\u0161s toniks"},"content":{"rendered":"<p>Salicilsk\u0101bes un glikolsk\u0101bes sejas toniks taukainai \u0101dai. Toniks maigi no\u0146em taukus un bakt\u0113rijas, \u0101da k\u013c\u016bst pat\u012bkami mat\u0113ta.<\/p>\n<p>T\u0113jas koka, burvju lazdas un kumel\u012b\u0161u ekstrakti nomierina iekaisu\u0161u \u0101du. \u0100bolu cilmes \u0161\u016bnu ekstrakts pal\u012bdz aizsarg\u0101t \u0101das \u0161\u016bnu DNS.<\/p>\n<p>Piem\u0113rots ieaugu\u0161u mati\u0146u mazin\u0101\u0161anai un nov\u0113r\u0161anai.<\/p>\n<h6 class=\"yikes-custom-woo-tab-title yikes-custom-woo-tab-title-lietosana\">Lieto\u0161ana<\/h6>\n<p>Samitriniet vates spilventi\u0146u ar toniku un da\u017eas reizes dien\u0101 ar to not\u012briet seju. P\u0101rtrauciet produkta lieto\u0161anu, ja rodas sp\u0113c\u012bgs \u0101das kairin\u0101jums. Izvairieties no saskares ar ac\u012bm, l\u016bp\u0101m un muti. Uzglab\u0101t b\u0113rniem nepieejam\u0101 viet\u0101.<\/p>\n<p>Pirms lieto\u0161anas uzglab\u0101jiet ledusskap\u012b, lai ieg\u016btu nomierino\u0161u efektu.<\/p>\n<h6 class=\"yikes-custom-woo-tab-title yikes-custom-woo-tab-title-sastavs\">Sast\u0101vs<\/h6>\n<p>AQUA, ALCOHOL DENAT. SD ALCOHOL 40, GLYCOLIC ACID, GLYCERIN, POLYSORBATE 20, HAMAMELIS VIRGINIANA LEAF WATER, POLYSORBATE 80, PROPYLENE GLYCOL, SALICYLIC ACID, SODIUM HYDROXIDE, CHAMOMILLA RECUTITA EXTRACT, MELIA AZADIRACHTA LEAF EXTRACT, ARNICA MONTANA FLOWER, BUTYLENE GLYCOL, POTASSIUM SORBATE, CAMELLIA OLFERA LEAF EXTRACT, DISODIUM EDTA, MENTHA VIRIDIS LEAF OIL, SODIUM BENZOATE, EUCALYPTUS GLOBULUS LEAF OIL, EQUISETUM HIEMALE EXTRACT, FUCUS VESICULOSUS EXTRACT, SYMPHUTUM OFFICINALE LEAF EXTRACT, THYMUS VULGARIS(THYME) EXTRACT, MELALEUCA ALTERNIFOLIA LEAF OLI, PHENOXYETHANOL<\/p>\n<p>* Produkta sast\u0101v\u0101 var b\u016bt da\u017eas izmai\u0146as. Prec\u012bzs sast\u0101vs ir nor\u0101d\u012bts uz produkta iepakojuma.<\/p>","protected":false},"excerpt":{"rendered":"<p>Sejas toniks taukainai \u0101dai<\/p>","protected":false},"featured_media":4378,"comment_status":"open","ping_status":"closed","template":"","meta":[],"product_cat":[160,147,145,99,90],"product_tag":[],"class_list":{"0":"post-4377","1":"product","2":"type-product","3":"status-publish","4":"has-post-thumbnail","6":"product_cat-oily-skin","7":"product_cat-salicylic-acid","8":"product_cat-glycolic-acid","9":"product_cat-face-care","10":"product_cat-cleansers","11":"pa_brands-image-skincare","12":"pa_capacity-118-ml","14":"first","15":"instock","16":"taxable","17":"shipping-taxable","18":"purchasable","19":"product-type-simple"},"_links":{"self":[{"href":"https:\/\/margus.lv\/ru\/wp-json\/wp\/v2\/product\/4377","targetHints":{"allow":["GET"]}}],"collection":[{"href":"https:\/\/margus.lv\/ru\/wp-json\/wp\/v2\/product"}],"about":[{"href":"https:\/\/margus.lv\/ru\/wp-json\/wp\/v2\/types\/product"}],"replies":[{"embeddable":true,"href":"https:\/\/margus.lv\/ru\/wp-json\/wp\/v2\/comments?post=4377"}],"version-history":[{"count":2,"href":"https:\/\/margus.lv\/ru\/wp-json\/wp\/v2\/product\/4377\/revisions"}],"predecessor-version":[{"id":4382,"href":"https:\/\/margus.lv\/ru\/wp-json\/wp\/v2\/product\/4377\/revisions\/4382"}],"wp:featuredmedia":[{"embeddable":true,"href":"https:\/\/margus.lv\/ru\/wp-json\/wp\/v2\/media\/4378"}],"wp:attachment":[{"href":"https:\/\/margus.lv\/ru\/wp-json\/wp\/v2\/media?parent=4377"}],"wp:term":[{"taxonomy":"product_cat","embeddable":true,"href":"https:\/\/margus.lv\/ru\/wp-json\/wp\/v2\/product_cat?post=4377"},{"taxonomy":"product_tag","embeddable":true,"href":"https:\/\/margus.lv\/ru\/wp-json\/wp\/v2\/product_tag?post=4377"}],"curies":[{"name":"wp","href":"https:\/\/api.w.org\/{rel}","templated":true}]}}