{"id":4373,"date":"2025-09-24T22:12:32","date_gmt":"2025-09-24T19:12:32","guid":{"rendered":"https:\/\/margus.lv\/?post_type=product&#038;p=4373"},"modified":"2025-09-24T22:12:32","modified_gmt":"2025-09-24T19:12:32","slug":"ormedic-balansejoss-sejas-mazgasanas-gels","status":"publish","type":"product","link":"https:\/\/margus.lv\/ru\/shop\/ormedic-balansejoss-sejas-mazgasanas-gels\/","title":{"rendered":"ORMEDIC Balans\u0113jo\u0161s sejas mazg\u0101\u0161anas g\u0113ls"},"content":{"rendered":"<p>Viegl\u0101m put\u0101m bag\u0101ts sejas mazg\u0101\u0161anas gels ar organisk\u0101m sast\u0101vda\u013c\u0101m, piem\u0113rots visiem \u0101das tipiem. Ide\u0101li piem\u0113rots r\u012bta un vakara lieto\u0161anai \u2013 att\u012bra \u0101du no net\u012brumiem un kosm\u0113tikas, vienlaikus l\u012bdzsvarojot \u0101das pH l\u012bmeni, t\u0101p\u0113c toniks p\u0113c tam nav nepiecie\u0161ams. Organiska alveja un kumel\u012b\u0161u ekstrakts mitrina un nomierina \u0101du.<\/p>\n<p>Problem\u0101tiskas \u0101das gad\u012bjum\u0101 apvienojiet Ormedic mazg\u0101\u0161anas g\u0113lu ar Ageless vai MD sejas mazg\u0101\u0161anas g\u0113liem, lai l\u012bdzsvarotu sp\u0113c\u012bgo mazg\u0101\u0161anas g\u0113lu iedarb\u012bbu un nov\u0113rstu \u0101das kairin\u0101jumu.<\/p>\n<p>Produkts ir piem\u0113rots ar\u012b sk\u016b\u0161an\u0101s vajadz\u012bb\u0101m.<\/p>\n<h6 class=\"yikes-custom-woo-tab-title yikes-custom-woo-tab-title-lietosana\">Lieto\u0161ana<\/h6>\n<p>Uzkl\u0101jiet g\u0113lu uz mitras \u0101das, mas\u0113jiet 1 min\u016bti un p\u0113c tam noskalojiet ar remdenu \u016bdeni. Lietojiet no r\u012bta un vakar\u0101.<\/p>\n<h6 class=\"yikes-custom-woo-tab-title yikes-custom-woo-tab-title-sastavs\">Sast\u0101vs<\/h6>\n<p>AQUA\/WATER\/EAU, SODIUM LAUROYL METHYL ISETHIONATE, GLYCERIN, COCAMIDOPROPYL BETAINE, PEG-18 GLYCERYL OLEATE\/COCOATE, PEG-120 METHYL GLUCOSE DIOLEATE, SORBITOL, CAPRYLYL\/CAPRYL GLUCOSIDE, DECYL GLUCOSIDE, ALOE BARBADENSIS LEAF JUICE POWDER*, SUPEROXIDE DISMUTASE MALUS DOMESTICA FRUIT EXTRACT, OLIVE OIL PEG-7 ESTERS, TOCOPHEROL, ORYZA SATIVA (RICE) EXTRACT, PANTHENOL, PYRUS COMMUNIS (PEAR) FRUIT EXTRACT, AVENA SATIVA (OAT) KERNEL EXTRACT*, CALENDULA OFFICINALIS FLOWER EXTRACT, CAMELLIA SINENSIS LEAF EXTRACT, CHAMOMILLA RECUTITA (MATRICARIA) FLOWER EXTRACT, MUSA SAPIENTUM (BANANA) FRUIT EXTRACT, RUBUS IDAEUS (RASPBERRY) FRUIT EXTRACT, SYMPHYTUM OFFICINALE ROOT EXTRACT, ARNICA MONTANA FLOWER EXTRACT, CITRIC ACID SODIUM PEG-7 OLIVE OIL CARBOXYLATE, SOYBEAN PEROXIDASE, POTASSIUM SORBATE, SODIUM BENZOATE, ETHYLHEXYLGLYCERIN, LEUCONOSTOC FERMENT FILTRATE, DISUCCINATE, PHENOXYETHANOL, TRISODIUM ETHYLENEDIAMINE, BENZYL ALCOHOL. *CERTIFIED ORGANIC.<\/p>\n<p>* Produkta sast\u0101v\u0101 var b\u016bt da\u017eas izmai\u0146as. Prec\u012bzs sast\u0101vs ir nor\u0101d\u012bts uz produkta iepakojuma.<\/p>","protected":false},"excerpt":{"rendered":"<p>Sejas mazg\u0101\u0161anas gels ar organisk\u0101m sast\u0101vda\u013c\u0101m, piem\u0113rots visiem \u0101das tipiem.<\/p>","protected":false},"featured_media":4374,"comment_status":"open","ping_status":"closed","template":"","meta":[],"product_cat":[171,172,173,170,160,99,90],"product_tag":[],"class_list":{"0":"post-4373","1":"product","2":"type-product","3":"status-publish","4":"has-post-thumbnail","6":"product_cat-sensitive-skin","7":"product_cat-aging-skin","8":"product_cat-pigmented-skin","9":"product_cat-dry-skin","10":"product_cat-oily-skin","11":"product_cat-face-care","12":"product_cat-cleansers","13":"pa_brands-image-skincare","14":"pa_capacity-177-ml","16":"first","17":"instock","18":"taxable","19":"shipping-taxable","20":"purchasable","21":"product-type-simple"},"_links":{"self":[{"href":"https:\/\/margus.lv\/ru\/wp-json\/wp\/v2\/product\/4373","targetHints":{"allow":["GET"]}}],"collection":[{"href":"https:\/\/margus.lv\/ru\/wp-json\/wp\/v2\/product"}],"about":[{"href":"https:\/\/margus.lv\/ru\/wp-json\/wp\/v2\/types\/product"}],"replies":[{"embeddable":true,"href":"https:\/\/margus.lv\/ru\/wp-json\/wp\/v2\/comments?post=4373"}],"version-history":[{"count":1,"href":"https:\/\/margus.lv\/ru\/wp-json\/wp\/v2\/product\/4373\/revisions"}],"predecessor-version":[{"id":4376,"href":"https:\/\/margus.lv\/ru\/wp-json\/wp\/v2\/product\/4373\/revisions\/4376"}],"wp:featuredmedia":[{"embeddable":true,"href":"https:\/\/margus.lv\/ru\/wp-json\/wp\/v2\/media\/4374"}],"wp:attachment":[{"href":"https:\/\/margus.lv\/ru\/wp-json\/wp\/v2\/media?parent=4373"}],"wp:term":[{"taxonomy":"product_cat","embeddable":true,"href":"https:\/\/margus.lv\/ru\/wp-json\/wp\/v2\/product_cat?post=4373"},{"taxonomy":"product_tag","embeddable":true,"href":"https:\/\/margus.lv\/ru\/wp-json\/wp\/v2\/product_tag?post=4373"}],"curies":[{"name":"wp","href":"https:\/\/api.w.org\/{rel}","templated":true}]}}