{"id":4369,"date":"2025-09-24T22:01:40","date_gmt":"2025-09-24T19:01:40","guid":{"rendered":"https:\/\/margus.lv\/?post_type=product&#038;p=4369"},"modified":"2025-09-24T22:01:41","modified_gmt":"2025-09-24T19:01:41","slug":"daily-prevention-mitrinoss-un-matejoss-dienas-krems-spf-30","status":"publish","type":"product","link":"https:\/\/margus.lv\/ru\/shop\/daily-prevention-mitrinoss-un-matejoss-dienas-krems-spf-30\/","title":{"rendered":"DAILY PREVENTION Mitrino\u0161s un mat\u0113jo\u0161s dienas kr\u0113ms SPF 30"},"content":{"rendered":"<p>Mat\u0113jo\u0161s dienas kr\u0113ms ar dubultu aizsardz\u012bbu sejas \u0101dai nodro\u0161ina bag\u0101t\u012bgu mitrin\u0101\u0161anu un mat\u0113tu toni visas dienas garum\u0101. Ide\u0101li piem\u0113rots taukainai, p\u016bt\u012bt\u0113m pak\u013cautai \u0101dai un tiem, kas v\u0113las mat\u0113tu sejas toni. Pal\u012bdz nov\u0113rst noveco\u0161an\u0101s paz\u012bmes un aizsarg\u0101 \u0101du no p\u0101rm\u0113r\u012bga UV starojuma un ekr\u0101na zil\u0101s gaismas ietekmes.<br \/>\nKr\u0113ms ar neitr\u0101lu un iedarb\u012bgi izl\u012bdzino\u0161u toni \u0101d\u0101 uzs\u016bcas, neatst\u0101jot p\u0113das, turkl\u0101t ir piem\u0113rots ar\u012b v\u012brie\u0161iem. Unik\u0101l\u0101 XOSM tehnolo\u0123ija veicina antioksidantu aizsarg\u0101jo\u0161o un pretnoveco\u0161an\u0101s iedarb\u012bbu.<\/p>\n<p>NB! Uzturoties saul\u0113, sau\u013co\u0161an\u0101s kr\u0113mu atjaunojiet ik p\u0113c 2 stund\u0101m!<\/p>\n<p><strong>Kl\u012bnisko p\u0113t\u012bjumu rezult\u0101ti:*<\/strong><\/p>\n<p>90% dal\u012bbnieku atzina, ka uz \u0101das nepaliek balts sl\u0101nis.<br \/>\n80% dal\u012bbnieku atzina, ka kr\u0113ms mat\u0113tu toni saglab\u0101 visas dienas garum\u0101.<\/p>\n<p>Eksperiment\u0101 piedal\u012bj\u0101s 30 cilv\u0113ki vecum\u0101 no 20 l\u012bdz 40 gadiem. Testa dal\u012bbnieki produktu lietoja 1 reizi dien\u0101.<\/p>\n<h6 class=\"yikes-custom-woo-tab-title yikes-custom-woo-tab-title-lietosana\">Lieto\u0161ana<\/h6>\n<p>Lietojiet kr\u0113mu no r\u012bta, lai mitrin\u0101tu un aizsarg\u0101tu \u0101du. Atrodoties saul\u0113, lietojiet ik p\u0113c div\u0101m stund\u0101m vai p\u0113c vajadz\u012bbas. Izvairieties no kr\u0113ma nok\u013c\u016b\u0161anas ac\u012bs! Piem\u0113rots k\u0101 grima pamats. Uzkl\u0101jiet 15 min\u016btes pirms do\u0161an\u0101s saul\u0113.<\/p>\n<p>Produkts ir \u016bdensiztur\u012bgs l\u012bdz 40 min\u016bt\u0113m.<\/p>\n<h6 class=\"yikes-custom-woo-tab-title yikes-custom-woo-tab-title-sastavs\">Sast\u0101vs<\/h6>\n<p><em>Clean Clinical Skincare<\/em><\/p>\n<p>Produkts atbilst\u00a0<em>Image Skincare Clean Clinical Skincare\u2122<\/em>\u00a0standartam. Tas nesatur parab\u0113nus, ftal\u0101tus, miner\u0101le\u013c\u013cas, m\u0101ksl\u012bgos aromatiz\u0113t\u0101jus un sint\u0113tiskas k\u0101rsvielas. Produkts nav test\u0113ts uz dz\u012bvniekiem.\u00a0<em>Animal-test free by PETA\u00a0<\/em>sertific\u0113ts.<\/p>\n<p><strong>ACTIVE INGREDIENT:<\/strong><br \/>\nHOMOSALATE: 5.0% OCTISALATE: 5.0% ZINC OXIDE: 9.3%<\/p>\n<p><strong>INACTIVE INGREDIENTS:<\/strong><br \/>\nAQUA\/WATER\/EAU, CYCLOPENTASILOXANE, POLYHYDROXYSTEARIC ACID, DIMETHICONE, COCONUT ALKANES, STEARIC ACID, LECITHIN, ALOE BARBADENSIS LEAF JUICE, ISOHEXADECANE, ISODODECANE, MAGNESIUM SULFATE, POLYGLYCERYL-3 POLYDIMETHYLSILOXYETHYL DIMETHICONE, TRIETHOXYSILYLETHYL POLYDIMETHYLSILOXYETHYL HEXYL DIMETHICONE, POLYSILICONE-11, COCO-CAPRYLATE\/CAPRATE, DIMETHICONE\/PEG-10\/15 CROSSPOLYMER, DIPROPYLENE GLYCOL, SODIUM CITRATE, TOCOPHEROL, CETEARYL OLIVATE, SORBITAN OLIVATE, SODIUM HYALURONATE, PHENOXYETHANOL, HYDROXYETHYL ACRYLATE\/SODIUM ACRYLOYLDIMETHYL TAURATE COPOLYMER, SQUALANE, POLYSORBATE 60, SORBITAN ISOSTEARATE, CAPRYLYL GLYCOL, ETHYLHEXYLGLYCERIN, HEXYLENE GLYCOL, PHOSPHATIDYLCHOLINE, MANNITOL, GLYCERIN, METHYLPROPANEDIOL, CAPRYLIC\/CAPRIC TRIGLYCERIDE, ECTOIN, PALMITIC ACID, HAEMATOCOCCUS PLUVIALIS EXTRACT, TETRAHEXYLDECYL ASCORBATE, PANTHENOL, PHENYLPROPANOL, ANILLA PLANIFOLIA FRUIT EXTRACT, SILICA, DIMETHICONE\/VINYL DIMETHICONE CROSSPOLYMER,<br \/>\nACETYL ZINGERONE, CAMELLIA SINENSIS LEAF EXTRACT, SODIUM BENZOATE, POTASSIUM SORBATE, OCTYLDODECANOL, SORBITAN OLEATE,<\/p>","protected":false},"excerpt":{"rendered":"<p>Mat\u0113jo\u0161s dienas kr\u0113ms ar dubultu aizsardz\u012bbu sejas \u0101dai<\/p>","protected":false},"featured_media":4370,"comment_status":"open","ping_status":"closed","template":"","meta":[],"product_cat":[172,160,99,89],"product_tag":[],"class_list":{"0":"post-4369","1":"product","2":"type-product","3":"status-publish","4":"has-post-thumbnail","6":"product_cat-aging-skin","7":"product_cat-oily-skin","8":"product_cat-face-care","9":"product_cat-creams-face-care","10":"pa_brands-image-skincare","11":"pa_capacity-73-g","13":"first","14":"instock","15":"taxable","16":"shipping-taxable","17":"purchasable","18":"product-type-simple"},"_links":{"self":[{"href":"https:\/\/margus.lv\/ru\/wp-json\/wp\/v2\/product\/4369","targetHints":{"allow":["GET"]}}],"collection":[{"href":"https:\/\/margus.lv\/ru\/wp-json\/wp\/v2\/product"}],"about":[{"href":"https:\/\/margus.lv\/ru\/wp-json\/wp\/v2\/types\/product"}],"replies":[{"embeddable":true,"href":"https:\/\/margus.lv\/ru\/wp-json\/wp\/v2\/comments?post=4369"}],"version-history":[{"count":1,"href":"https:\/\/margus.lv\/ru\/wp-json\/wp\/v2\/product\/4369\/revisions"}],"predecessor-version":[{"id":4372,"href":"https:\/\/margus.lv\/ru\/wp-json\/wp\/v2\/product\/4369\/revisions\/4372"}],"wp:featuredmedia":[{"embeddable":true,"href":"https:\/\/margus.lv\/ru\/wp-json\/wp\/v2\/media\/4370"}],"wp:attachment":[{"href":"https:\/\/margus.lv\/ru\/wp-json\/wp\/v2\/media?parent=4369"}],"wp:term":[{"taxonomy":"product_cat","embeddable":true,"href":"https:\/\/margus.lv\/ru\/wp-json\/wp\/v2\/product_cat?post=4369"},{"taxonomy":"product_tag","embeddable":true,"href":"https:\/\/margus.lv\/ru\/wp-json\/wp\/v2\/product_tag?post=4369"}],"curies":[{"name":"wp","href":"https:\/\/api.w.org\/{rel}","templated":true}]}}