{"id":4366,"date":"2025-09-24T21:48:08","date_gmt":"2025-09-24T18:48:08","guid":{"rendered":"https:\/\/margus.lv\/?post_type=product&#038;p=4366"},"modified":"2025-09-24T21:48:09","modified_gmt":"2025-09-24T18:48:09","slug":"ageless-retinola-krems-03-50-g","status":"publish","type":"product","link":"https:\/\/margus.lv\/ru\/shop\/ageless-retinola-krems-03-50-g\/","title":{"rendered":"AGELESS+ Retinola kr\u0113ms 0,3% 50 g"},"content":{"rendered":"<p>Nakts kr\u0113ma sast\u0101v\u0101 apvienots kapsul\u0113ts retinols (0,1%) ar baku\u010diolu (0,2%) \u2013 lai maksim\u0101li izmantotu abu akt\u012bvo vielu sp\u0113ku grumbu un smalko l\u012bniju mazin\u0101\u0161anai. Niacinam\u012bds kop\u0101 ar trim da\u017e\u0101d\u0101m sk\u0101b\u0113m (glikolsk\u0101bi, kojsk\u0101bi un piensk\u0101bi) pal\u012bdz vien\u0101dot pigment\u0101ciju un \u0101das toni. Pateicoties nomierino\u0161ajai iedarb\u012bbai, kr\u0113ms ir piem\u0113rots ar\u012b rosacejas un kuperozei rakstur\u012bgas \u0101das kop\u0161anai.<\/p>\n<p>KAM?<\/p>\n<ul>\n<li>Piem\u0113rots ikdienas lieto\u0161anai visiem \u0101das tipiem<\/li>\n<li>Tiem, kas lieto retinolu pirmo reizi<\/li>\n<li>Pigment\u0101cijas un tum\u0161o plankumu mazin\u0101\u0161anai<\/li>\n<li>Rosacejai un aps\u0101rtu\u0161ai \u0101dai<\/li>\n<li>Aknes vai izteikta iekaisuma mazin\u0101\u0161anai<\/li>\n<\/ul>\n<p>KL\u012aNISKIE P\u0112T\u012aJUMI<\/p>\n<ul>\n<li>100% jut\u0101s, ka \u0101da ir tvirt\u0101ka un mirdzo\u0161\u0101ka<\/li>\n<li>97% nor\u0101d\u012bja, ka \u0101das tonis ir vienm\u0113r\u012bg\u0101ks*<\/li>\n<li>97% nov\u0113roja maz\u0101k grumbu un smalko l\u012bniju*<\/li>\n<\/ul>\n<p><em>*Balst\u012bts uz 28 dienu kl\u012bnisko p\u0113t\u012bjumu, kur\u0101 piedal\u012bj\u0101s 30 cilv\u0113ki vecum\u0101 no 36 l\u012bdz 55 gadiem, kuri regul\u0101ri lietoja akt\u012bvu \u0101das kop\u0161anu. Dal\u012bbnieki uzkl\u0101ja kr\u0113mu vienu reizi dien\u0101.<\/em><\/p>\n<div id=\"product-26560\" class=\"product type-product post-26560 status-publish first outofstock product_cat-2025-gada-jaunie-produkti product_cat-ageless-plus product_cat-apbalvotie-un-popularakie product_cat-jaunumi product_cat-nakts-kremi has-post-thumbnail taxable shipping-taxable purchasable product-type-simple ct-default-gallery ct-ajax-add-to-cart sticky-gallery sticky-summary\">\n<div class=\"woocommerce-tabs wc-tabs-wrapper\" data-type=\"type-1:center\">\n<article>\n<div id=\"tab-how_to_use_tab\" class=\"woocommerce-Tabs-panel woocommerce-Tabs-panel--how_to_use_tab panel entry-content wc-tab is-layout-constrained\" role=\"tabpanel\" aria-labelledby=\"tab-title-how_to_use_tab\">\n<p>Piem\u0113rots lieto\u0161anai visa gada garum\u0101. Uzkl\u0101j vakar\u0101 uz \u0101das 1\u20132 devas k\u0101 p\u0113d\u0113jo soli skaistumkop\u0161anas rut\u012bn\u0101. N\u0101kamaj\u0101 dien\u0101 noteikti lieto dienas kr\u0113mu ar saules aizsardz\u012bbu un izvairies no intens\u012bvas saules gaismas.<\/p>\n<p>WATER\/AQUA\/EAU, CAPRYLIC\/CAPRIC TRIGLYCERIDE, NIACINAMIDE, C9-12 ALKANE, PROPANEDIOL, DIMETHICONE, GLYCERIN, GLYCERYL STEARATE, PEG-100 STEARATE, GLYCOLIC ACID, CETYL ALCOHOL, CETEARYL ALCOHOL, BUTYROSPERMUM PARKII (SHEA) BUTTER, SODIUM HYDROXIDE, LACTIC ACID, SQUALANE, RETINOL, BAKUCHIOL, BISABOLOL, KOJIC ACID, FERULIC ACID, ZINGIBER OFFICINALE (GINGER) ROOT EXTRACT, HAEMATOCOCCUS PLUVIALIS EXTRACT, TETRAHEXYLDECYL ASCORBATE, ECTOIN, ACETYL TETRAPEPTIDE-2, HYALURONIC ACID, LINOLEIC ACID, PHOSPHOLIPIDS, TOCOPHEROL, TOCOPHERYL ACETATE, PERSEA GRATISSIMA (AVOCADO) OIL, ORYZA SATIVA (RICE) BRAN EXTRACT, HELIANTHUS ANNUUS (SUNFLOWER) EXTRACT, ROSMARINUS OFFICINALIS (ROSEMARY) LEAF EXTRACT, VANILLA PLANIFOLIA FRUIT EXTRACT, MANNITOL, ETHYLHEXYLGLYCERIN, COCO-CAPRYLATE\/CAPRATE, DIPOTASSIUM GLYCYRRHIZATE, GLYCINE SOJA (SOYBEAN) STEROLS, PALMITIC ACID, STEARIC ACID, POLYACRYLATE CROSSPOLYMER-6, POLYSILICONE-11, CAPRYLYL GLYCOL, PHOSPHATIDYLCHOLINE, PENTYLENE GLYCOL, HEXYLENE GLYCOL, DISODIUM EDTA, PANTHENOL, XANTHAN GUM, POLYGLYCERYL- 10 LAURATE, METHYLPROPANEDIOL, T-BUTYL ALCOHOL, PHENYLPROPANOL, PHENOXYETHANOL, MAGNESIUM ALUMINUM SILICATE.<\/p>\n<\/div>\n<\/article>\n<\/div>\n<\/div>","protected":false},"excerpt":{"rendered":"<p>Pretnoveco\u0161an\u0101s nakts kr\u0113ms ar retinola kompleksu, izstr\u0101d\u0101ts, lai nostiprin\u0101tu \u0101du, izl\u012bdzin\u0101tu toni un pie\u0161\u0137irtu vesel\u012bgu mirdzumu.<\/p>","protected":false},"featured_media":4367,"comment_status":"open","ping_status":"closed","template":"","meta":[],"product_cat":[171,172,173,170,160,140,138,99,89,92,134],"product_tag":[],"class_list":{"0":"post-4366","1":"product","2":"type-product","3":"status-publish","4":"has-post-thumbnail","6":"product_cat-sensitive-skin","7":"product_cat-aging-skin","8":"product_cat-pigmented-skin","9":"product_cat-dry-skin","10":"product_cat-oily-skin","11":"product_cat-niacinamide","12":"product_cat-retinol","13":"product_cat-face-care","14":"product_cat-creams-face-care","15":"product_cat-body-care","16":"product_cat-creams-body-care","17":"pa_brands-image-skincare","18":"pa_capacity-50-g","20":"first","21":"outofstock","22":"taxable","23":"shipping-taxable","24":"purchasable","25":"product-type-simple"},"_links":{"self":[{"href":"https:\/\/margus.lv\/ru\/wp-json\/wp\/v2\/product\/4366","targetHints":{"allow":["GET"]}}],"collection":[{"href":"https:\/\/margus.lv\/ru\/wp-json\/wp\/v2\/product"}],"about":[{"href":"https:\/\/margus.lv\/ru\/wp-json\/wp\/v2\/types\/product"}],"replies":[{"embeddable":true,"href":"https:\/\/margus.lv\/ru\/wp-json\/wp\/v2\/comments?post=4366"}],"version-history":[{"count":1,"href":"https:\/\/margus.lv\/ru\/wp-json\/wp\/v2\/product\/4366\/revisions"}],"predecessor-version":[{"id":4368,"href":"https:\/\/margus.lv\/ru\/wp-json\/wp\/v2\/product\/4366\/revisions\/4368"}],"wp:featuredmedia":[{"embeddable":true,"href":"https:\/\/margus.lv\/ru\/wp-json\/wp\/v2\/media\/4367"}],"wp:attachment":[{"href":"https:\/\/margus.lv\/ru\/wp-json\/wp\/v2\/media?parent=4366"}],"wp:term":[{"taxonomy":"product_cat","embeddable":true,"href":"https:\/\/margus.lv\/ru\/wp-json\/wp\/v2\/product_cat?post=4366"},{"taxonomy":"product_tag","embeddable":true,"href":"https:\/\/margus.lv\/ru\/wp-json\/wp\/v2\/product_tag?post=4366"}],"curies":[{"name":"wp","href":"https:\/\/api.w.org\/{rel}","templated":true}]}}