{"id":4342,"date":"2025-09-13T13:49:27","date_gmt":"2025-09-13T10:49:27","guid":{"rendered":"https:\/\/margus.lv\/?post_type=product&#038;p=4342"},"modified":"2025-09-13T14:02:05","modified_gmt":"2025-09-13T11:02:05","slug":"cc-vitamin-micellar-cleansing-water","status":"publish","type":"product","link":"https:\/\/margus.lv\/ru\/shop\/cc-vitamin-micellar-cleansing-water\/","title":{"rendered":"C+C Vitamin Micellar Cleansing Water"},"content":{"rendered":"<p><strong data-start=\"83\" data-end=\"153\">Not\u012bra \u0101du un no\u0146em visus grima p\u0113das ar \u0161o \u0101tro skaistuma pal\u012bgu.<\/strong> Atsvaidzino\u0161a micel\u0101r\u0101 \u016bdens formula, kas no\u0146em net\u012brumus un atst\u0101j \u0101du ide\u0101li mitrin\u0101tu tikai vien\u0101 sol\u012b. T\u0101 citrusaug\u013cu arom\u0101ts most ma\u0146as un padara t\u012br\u012b\u0161an\u0101s ritu\u0101lu patiesi iedvesmojo\u0161u!<\/p>\n<p>&nbsp;<\/p>\n<p data-start=\"89\" data-end=\"133\"><strong data-start=\"89\" data-end=\"131\">C+C vitam\u012bnu micel\u0101rais sejas t\u012br\u012bt\u0101js<\/strong><\/p>\n<p data-start=\"135\" data-end=\"317\">Vienl\u012bdz efekt\u012bvs visiem \u0101das tipiem \u2013 maiga formula ar akt\u012bviem, \u0101du att\u012bro\u0161iem komponentiem un antioksidantiem, kas mitrina, r\u016bp\u012bgi att\u012bra un atsvaidzina sejas, acu un l\u016bpu zonu.<\/p>\n<p data-start=\"319\" data-end=\"465\">K\u0101 net\u012brumu neskalojams t\u012br\u012bt\u0101js, akt\u012bv\u0101s sast\u0101vda\u013cas paliek uz \u0101das, padarot \u0161o produktu par ide\u0101lu pirmo soli jebkur\u0101 skaistumkop\u0161anas rut\u012bn\u0101.<\/p>\n<p data-start=\"467\" data-end=\"525\">Ieg\u016bsti dz\u012bv\u012bgumu ar \u0161o neaizst\u0101jamo skaistuma l\u012bdzekli!<\/p>\n<p data-start=\"85\" data-end=\"119\">\n<p data-start=\"85\" data-end=\"119\"><strong data-start=\"85\" data-end=\"117\">Galven\u0101s akt\u012bv\u0101s sast\u0101vda\u013cas:<\/strong><\/p>\n<p data-start=\"121\" data-end=\"223\"><strong data-start=\"121\" data-end=\"147\">Maigi akt\u012bvie t\u012br\u012bt\u0101ji<\/strong><br data-start=\"147\" data-end=\"150\" \/>\u0160ie surfaktanti uztver net\u012brumus, cienot \u0101das aizsargbarjeras funkciju.<\/p>\n<p data-start=\"225\" data-end=\"313\"><strong data-start=\"225\" data-end=\"253\">Organiska apels\u012bnu \u016bdens<\/strong><br data-start=\"253\" data-end=\"256\" \/>\u0160\u012b att\u012br\u012bt\u0101 \u016bdens sast\u0101vda\u013ca nodro\u0161ina barojo\u0161u efektu.<\/p>\n<p data-start=\"315\" data-end=\"420\"><strong data-start=\"315\" data-end=\"343\">R\u016bgt\u0101 apels\u012bna ekstrakts<\/strong><br data-start=\"343\" data-end=\"346\" \/>Nov\u0113r\u0161 transepiderm\u0101lo mitruma zudumu un sniedz antioksidantu ieguvumus.<\/p>\n<hr data-start=\"422\" data-end=\"425\" \/>\n<p data-start=\"427\" data-end=\"983\"><strong data-start=\"427\" data-end=\"448\">Visas sast\u0101vda\u013cas<\/strong><br data-start=\"448\" data-end=\"451\" \/>Water (Aqua), PEG-6 Caprylic\/Capric Glycerides, Propanediol, PEG-60 Hydrogenated Castor Oil, Betaine, Citrus Aurantium Dulcis (Orange) Fruit Water, Citrus Aurantifolia (Lime) Fruit Extract, Citrus Aurantium Amara (Bitter Orange) Peel Extract, Citrus Nobilis (Mandarin Orange) Oil, Citrus Aurantium Dulcis (Orange) Oil, Arginine, Pentylene Glycol, Citric Acid, Glycerin, Sodium Hydroxide, Disodium EDTA, Butylene Glycol, Phenoxyethanol, Ethylhexylglycerin, Potassium Sorbate, Sodium Benzoate, Fragrance (Parfum), Limonene. (200110)<\/p>\n<p data-start=\"985\" data-end=\"1146\"><em data-start=\"985\" data-end=\"1144\">L\u016bdzu, \u0146emiet v\u0113r\u0101, ka sast\u0101vda\u013cas m\u016bsu produktos var laiku pa laikam main\u012bties. Lai ieg\u016btu prec\u012bzu inform\u0101ciju par ieg\u0101d\u0101to produktu, p\u0101rbaudiet iepakojumu.<\/em><\/p>","protected":false},"excerpt":{"rendered":"<p>Att\u012bro\u0161s micel\u0101rais \u016bdens sejai<\/p>","protected":false},"featured_media":4344,"comment_status":"open","ping_status":"closed","template":"","meta":[],"product_cat":[137,141,99,90],"product_tag":[],"class_list":{"0":"post-4342","1":"product","2":"type-product","3":"status-publish","4":"has-post-thumbnail","6":"product_cat-ingredients","7":"product_cat-vitamin-c","8":"product_cat-face-care","9":"product_cat-cleansers","10":"pa_brands-natura-bisse","11":"pa_capacity-200-ml","13":"first","14":"instock","15":"taxable","16":"shipping-taxable","17":"purchasable","18":"product-type-simple"},"_links":{"self":[{"href":"https:\/\/margus.lv\/ru\/wp-json\/wp\/v2\/product\/4342","targetHints":{"allow":["GET"]}}],"collection":[{"href":"https:\/\/margus.lv\/ru\/wp-json\/wp\/v2\/product"}],"about":[{"href":"https:\/\/margus.lv\/ru\/wp-json\/wp\/v2\/types\/product"}],"replies":[{"embeddable":true,"href":"https:\/\/margus.lv\/ru\/wp-json\/wp\/v2\/comments?post=4342"}],"version-history":[{"count":4,"href":"https:\/\/margus.lv\/ru\/wp-json\/wp\/v2\/product\/4342\/revisions"}],"predecessor-version":[{"id":4352,"href":"https:\/\/margus.lv\/ru\/wp-json\/wp\/v2\/product\/4342\/revisions\/4352"}],"wp:featuredmedia":[{"embeddable":true,"href":"https:\/\/margus.lv\/ru\/wp-json\/wp\/v2\/media\/4344"}],"wp:attachment":[{"href":"https:\/\/margus.lv\/ru\/wp-json\/wp\/v2\/media?parent=4342"}],"wp:term":[{"taxonomy":"product_cat","embeddable":true,"href":"https:\/\/margus.lv\/ru\/wp-json\/wp\/v2\/product_cat?post=4342"},{"taxonomy":"product_tag","embeddable":true,"href":"https:\/\/margus.lv\/ru\/wp-json\/wp\/v2\/product_tag?post=4342"}],"curies":[{"name":"wp","href":"https:\/\/api.w.org\/{rel}","templated":true}]}}