{"id":4334,"date":"2025-09-13T13:23:43","date_gmt":"2025-09-13T10:23:43","guid":{"rendered":"https:\/\/margus.lv\/?post_type=product&#038;p=4334"},"modified":"2025-09-13T13:59:32","modified_gmt":"2025-09-13T10:59:32","slug":"cc-vitamin-20-antiox-solution","status":"publish","type":"product","link":"https:\/\/margus.lv\/ru\/shop\/cc-vitamin-20-antiox-solution\/","title":{"rendered":"C+C Vitamin 20% Antiox Solution"},"content":{"rendered":"<p><strong data-start=\"95\" data-end=\"186\">\u0160\u012b inovat\u012bv\u0101 formula ir tr\u012bs reizes efekt\u012bv\u0101ks antioksidants nek\u0101 tikai askorb\u012bnsk\u0101be*<\/strong>. Ekskluz\u012bvs serums, kas nodro\u0161ina \u0101dai visas C vitam\u012bna atjaunojo\u0161\u0101s, mirdzumu pie\u0161\u0137iro\u0161\u0101s un tonusu atjaunojo\u0161\u0101s priek\u0161roc\u012bbas. Tie\u0161i tas stimuls, kas nepiecie\u0161ams J\u016bsu \u0101dai, lai pal\u012bdz\u0113tu c\u012bn\u012bties ar noveco\u0161an\u0101s paz\u012bm\u0113m, elast\u012bbas zudumu un bl\u0101vu toni. Palieliniet savu dabisko mirdzumu!<\/p>\n<p data-start=\"77\" data-end=\"168\"><strong data-start=\"77\" data-end=\"166\">Inovat\u012bvs serums ar 20% antioksidantu kokteili, ieskaitot iespaid\u012bgus 12% C vitam\u012bna:<\/strong><\/p>\n<p data-start=\"170\" data-end=\"610\">\u2714\ufe0e T\u012brs un \u012bpa\u0161i koncentr\u0113ts efekt\u012bvai pretnoveco\u0161an\u0101s iedarb\u012bbai.<br data-start=\"236\" data-end=\"239\" \/>\u2714\ufe0e Tr\u012bs reizes sp\u0113c\u012bg\u0101ks antioksidants nek\u0101 tikai askorb\u012bnsk\u0101be \u2013 pier\u0101d\u012bts p\u0113t\u012bjum\u0101, ko izv\u0113l\u0113jusies IFSCC (Starptautisk\u0101 Kosmetolo\u0123ijas \u0137\u012bmi\u0137u feder\u0101cija).<br data-start=\"396\" data-end=\"399\" \/>\u2714\ufe0e Bag\u0101tin\u0101ts ar citiem inovat\u012bviem akt\u012bvajiem komponentiem papildu ieguvumiem.<br data-start=\"478\" data-end=\"481\" \/>\u2714\ufe0e Z\u012bdaina, \u016bdeni nesaturo\u0161a tekst\u016bra ar t\u016bl\u012bt\u0113ju mirdzuma efektu.<br data-start=\"547\" data-end=\"550\" \/>\u2714\ufe0e 100% stabils \u2013 maksim\u0101lai efektivit\u0101tei ilg\u0101kam laikam.<\/p>\n<p data-start=\"612\" data-end=\"737\"><strong data-start=\"612\" data-end=\"646\">Izj\u016bti Super C vitam\u012bna sp\u0113ku!<\/strong> Neaizst\u0101jama sast\u0101vda\u013ca, kas pal\u012bdz \u0101dai izskat\u012bties jaun\u0101kai, tvirt\u0101kai un mirdzo\u0161\u0101kai.<\/p>\n<p data-start=\"99\" data-end=\"122\"><strong data-start=\"99\" data-end=\"120\">Galvenie ieguvumi:<\/strong><\/p>\n<p data-start=\"124\" data-end=\"457\"><strong data-start=\"126\" data-end=\"138\">Stiprina<\/strong> \u2013 uzlabo \u0101das elast\u012bbu un gludumu.<br data-start=\"173\" data-end=\"176\" \/><strong data-start=\"178\" data-end=\"189\">Atjauno<\/strong> \u2013 pal\u012bdz mazin\u0101t grumbu, smalko l\u012bniju un \u0101das nosl\u012bd\u0113juma paz\u012bmes.<br data-start=\"257\" data-end=\"260\" \/><strong data-start=\"262\" data-end=\"282\">Pie\u0161\u0137ir mirdzumu<\/strong> \u2013 atjauno \u0101das dz\u012bv\u012bgumu, mazinot bl\u0101vumu un saules rad\u012btos boj\u0101jumus.<br data-start=\"353\" data-end=\"356\" \/><strong data-start=\"358\" data-end=\"374\">Vien\u0101do toni<\/strong> \u2013 samazina pigment\u0101cijas plankumu redzam\u012bbu un nodro\u0161ina vienm\u0113r\u012bg\u0101ku \u0101das toni.<\/p>\n<p data-start=\"110\" data-end=\"144\"><strong data-start=\"110\" data-end=\"142\">Galven\u0101s akt\u012bv\u0101s sast\u0101vda\u013cas:<\/strong><\/p>\n<p data-start=\"146\" data-end=\"345\"><strong data-start=\"146\" data-end=\"181\">T\u012bra askorb\u012bnsk\u0101be (C vitam\u012bns)<\/strong><br data-start=\"181\" data-end=\"184\" \/>Jaud\u012bgs antioksidants, kas pal\u012bdz mazin\u0101t noveco\u0161an\u0101s paz\u012bmes \u2013 \u012bpa\u0161i t\u0101s, ko izraisa \u0101r\u0113jie faktori, piem\u0113ram, \u0101das nosl\u012bd\u0113jums, bl\u0101vums un hiperpigment\u0101cija.<\/p>\n<p data-start=\"347\" data-end=\"452\"><strong data-start=\"347\" data-end=\"360\">Karnos\u012bns<\/strong><br data-start=\"360\" data-end=\"363\" \/>Pastiprina C vitam\u012bna iedarb\u012bbu, pal\u012bdzot samazin\u0101t grumbu un m\u012bmikas l\u012bniju redzam\u012bbu.<\/p>\n<p data-start=\"454\" data-end=\"607\"><strong data-start=\"454\" data-end=\"486\">Kurkum\u0430s un prie\u017eu ekstrakti<\/strong><br data-start=\"486\" data-end=\"489\" \/>Bag\u0101ti ar C, E un K vitam\u012bniem \u2013 pastiprina antioksidantu aizsardz\u012bbu un nodro\u0161ina izcilu pretnoveco\u0161an\u0101s iedarb\u012bbu.<\/p>\n<p data-start=\"609\" data-end=\"696\"><strong data-start=\"609\" data-end=\"626\">Alfa-arbut\u012bns<\/strong><br data-start=\"626\" data-end=\"629\" \/>Atjauno \u0101das mirdzumu un pal\u012bdz mazin\u0101t tum\u0161o plankumu redzam\u012bbu.<\/p>\n<hr data-start=\"698\" data-end=\"701\" \/>\n<p data-start=\"703\" data-end=\"1081\"><strong data-start=\"703\" data-end=\"724\">Visas sast\u0101vda\u013cas<\/strong><br data-start=\"724\" data-end=\"727\" \/>Propanediol, Ascorbic Acid, Dimethyl Isosorbide, Alcohol Denat., PEG-12 Dimethicone, Carnosine, Alpha-Arbutin, Salicylic Acid, Curcuma Longa (Turmeric) Root Extract, Pinus Pinaster Bark\/Bud Extract, Diglycerin, Fragrance (Parfum), Limonene, Linalool, Amyl Cinnamal, Hexyl Cinnamal, alpha-Isomethyl Ionone, Citral, Yellow 5 (CI 19140), Red 4 (CI 14700).<\/p>\n<p data-start=\"1083\" data-end=\"1253\"><em data-start=\"1083\" data-end=\"1251\">Formulas un sast\u0101vda\u013cas var tikt laiku pa laikam uzlabotas. Aktu\u0101lo inform\u0101ciju par produktu vienm\u0113r atrad\u012bsiet uz iepakojuma vai pievienotaj\u0101 lieto\u0161anas instrukcij\u0101.<\/em><\/p>","protected":false},"excerpt":{"rendered":"<p>Izgaismojo\u0161s serums ar C vitam\u012bnu<\/p>","protected":false},"featured_media":4343,"comment_status":"open","ping_status":"closed","template":"","meta":[],"product_cat":[141,147,99,91],"product_tag":[],"class_list":{"0":"post-4334","1":"product","2":"type-product","3":"status-publish","4":"has-post-thumbnail","6":"product_cat-vitamin-c","7":"product_cat-salicylic-acid","8":"product_cat-face-care","9":"product_cat-serums","10":"pa_brands-natura-bisse","11":"pa_capacity-30ml","13":"first","14":"instock","15":"taxable","16":"shipping-taxable","17":"purchasable","18":"product-type-simple"},"_links":{"self":[{"href":"https:\/\/margus.lv\/ru\/wp-json\/wp\/v2\/product\/4334","targetHints":{"allow":["GET"]}}],"collection":[{"href":"https:\/\/margus.lv\/ru\/wp-json\/wp\/v2\/product"}],"about":[{"href":"https:\/\/margus.lv\/ru\/wp-json\/wp\/v2\/types\/product"}],"replies":[{"embeddable":true,"href":"https:\/\/margus.lv\/ru\/wp-json\/wp\/v2\/comments?post=4334"}],"version-history":[{"count":2,"href":"https:\/\/margus.lv\/ru\/wp-json\/wp\/v2\/product\/4334\/revisions"}],"predecessor-version":[{"id":4341,"href":"https:\/\/margus.lv\/ru\/wp-json\/wp\/v2\/product\/4334\/revisions\/4341"}],"wp:featuredmedia":[{"embeddable":true,"href":"https:\/\/margus.lv\/ru\/wp-json\/wp\/v2\/media\/4343"}],"wp:attachment":[{"href":"https:\/\/margus.lv\/ru\/wp-json\/wp\/v2\/media?parent=4334"}],"wp:term":[{"taxonomy":"product_cat","embeddable":true,"href":"https:\/\/margus.lv\/ru\/wp-json\/wp\/v2\/product_cat?post=4334"},{"taxonomy":"product_tag","embeddable":true,"href":"https:\/\/margus.lv\/ru\/wp-json\/wp\/v2\/product_tag?post=4334"}],"curies":[{"name":"wp","href":"https:\/\/api.w.org\/{rel}","templated":true}]}}