{"id":4035,"date":"2025-08-26T16:32:13","date_gmt":"2025-08-26T13:32:13","guid":{"rendered":"https:\/\/margus.lv\/?post_type=product&#038;p=4035"},"modified":"2025-08-26T16:52:40","modified_gmt":"2025-08-26T13:52:40","slug":"iluma-adas-toni-izlidzinoss-kermena-losjons","status":"publish","type":"product","link":"https:\/\/margus.lv\/ru\/shop\/iluma-adas-toni-izlidzinoss-kermena-losjons\/","title":{"rendered":"ILUMA \u0137erme\u0146a losjons"},"content":{"rendered":"<p>\u0100das toni izl\u012bdzino\u0161s <strong>\u0137erme\u0146a<\/strong> <strong>losjons<\/strong>. Losjona akt\u012bv\u0101s sast\u0101vda\u013cas izgaismo un izl\u012bdzina noveco\u0161an\u0101s un saules rad\u012bto pigment\u0101ciju, k\u0101 ar\u012b c\u012bn\u0101s pret hiperpigment\u0101ciju. Losjons ne tikai izl\u012bdzina \u0101das toni, bet ar\u012b padara \u0101du \u013coti maigu un mitrin\u0101tu.<\/p>\n<p>Pateicoties Vectorize tehnolo\u0123ijai, kas nodro\u0161ina akt\u012bvo sast\u0101vda\u013cu izdal\u012b\u0161anos l\u012bdz 48 stund\u0101m, kr\u0113mam ir ilgnotur\u012bga iedarb\u012bba, tas dzi\u013ci ies\u016bcas \u0101d\u0101.<\/p>\n<p>NB! <strong>Losjons nav piem\u0113rots lieto\u0161anai uz sejas.<\/strong><\/p>\n<h2 class=\"yikes-custom-woo-tab-title yikes-custom-woo-tab-title-lietosana\">Lieto\u0161ana<\/h2>\n<p>No r\u012bta un vakar\u0101 iemas\u0113jiet att\u012br\u012bt\u0101 \u0101d\u0101. Nav piem\u0113rots lieto\u0161anai uz sejas.<\/p>\n<h2 class=\"yikes-custom-woo-tab-title yikes-custom-woo-tab-title-sastavs\">Sast\u0101vs<\/h2>\n<p>Aqua, Caprylic\/Capric Triglyceride, Glycerin, Butylene Glycol Dicaprylate\/Dicaprate, Hydroxypropyl Starch Phosphate, Dimethicone, Glyceryl Stearate, Peg- 100 Stearate, Ppg-12\/Sdmi Copolymer, Methyl Undecylenoyl Dipeptide-16, Aminomethyl Propanol, Stearic Acid, Glycyrrhiza Glabra Root Extract, Puerararia Tuberosa Leaf Cell Extract, Bellis Perennis Extract, Curcuma Longa Root Extract, Bidens Pilosa Extract, Hippophae Rhamnoides Oil, Elaeis Guineensis Oil, Gossypium Herbaceum Seed Oil, Linum Usitatissimum Seed Oil, Tocopherol, Tocopheryl Acetate, Xanthan Gum, Propylene Glycol, Dicetyl Phosphate, Ceteth-10 Phosphate, Citrus Aurantium Dulcis Peel Oil, Disodium Edta, Phenoxyethanol, Caprylyl Glycol, Hexylene Glycol, Ethylhexylglycerin<\/p>\n<p>* Produkta sast\u0101v\u0101 var b\u016bt da\u017eas izmai\u0146as. Prec\u012bzs sast\u0101vs ir nor\u0101d\u012bts uz produkta iepakojuma.<\/p>","protected":false},"excerpt":{"rendered":"<p>\u041b\u043e\u0441\u044c\u043e\u043d \u0434\u043b\u044f \u0442\u0435\u043b\u0430 \u0434\u043b\u044f \u0440\u043e\u0432\u043d\u043e\u0433\u043e \u0442\u043e\u043d\u0430 \u043a\u043e\u0436\u0438<\/p>","protected":false},"featured_media":4037,"comment_status":"open","ping_status":"closed","template":"","meta":[],"product_cat":[92,135],"product_tag":[],"class_list":{"0":"post-4035","1":"product","2":"type-product","3":"status-publish","4":"has-post-thumbnail","6":"product_cat-body-care","7":"product_cat-lotions-body-care","8":"pa_brands-image-skincare","9":"pa_capacity-170-g","11":"first","12":"instock","13":"featured","14":"taxable","15":"shipping-taxable","16":"purchasable","17":"product-type-simple"},"_links":{"self":[{"href":"https:\/\/margus.lv\/ru\/wp-json\/wp\/v2\/product\/4035","targetHints":{"allow":["GET"]}}],"collection":[{"href":"https:\/\/margus.lv\/ru\/wp-json\/wp\/v2\/product"}],"about":[{"href":"https:\/\/margus.lv\/ru\/wp-json\/wp\/v2\/types\/product"}],"replies":[{"embeddable":true,"href":"https:\/\/margus.lv\/ru\/wp-json\/wp\/v2\/comments?post=4035"}],"version-history":[{"count":2,"href":"https:\/\/margus.lv\/ru\/wp-json\/wp\/v2\/product\/4035\/revisions"}],"predecessor-version":[{"id":4049,"href":"https:\/\/margus.lv\/ru\/wp-json\/wp\/v2\/product\/4035\/revisions\/4049"}],"wp:featuredmedia":[{"embeddable":true,"href":"https:\/\/margus.lv\/ru\/wp-json\/wp\/v2\/media\/4037"}],"wp:attachment":[{"href":"https:\/\/margus.lv\/ru\/wp-json\/wp\/v2\/media?parent=4035"}],"wp:term":[{"taxonomy":"product_cat","embeddable":true,"href":"https:\/\/margus.lv\/ru\/wp-json\/wp\/v2\/product_cat?post=4035"},{"taxonomy":"product_tag","embeddable":true,"href":"https:\/\/margus.lv\/ru\/wp-json\/wp\/v2\/product_tag?post=4035"}],"curies":[{"name":"wp","href":"https:\/\/api.w.org\/{rel}","templated":true}]}}