{"id":4029,"date":"2025-08-26T16:11:56","date_gmt":"2025-08-26T13:11:56","guid":{"rendered":"https:\/\/margus.lv\/?post_type=product&#038;p=4029"},"modified":"2025-08-26T16:49:55","modified_gmt":"2025-08-26T13:49:55","slug":"the-max-nostiprinosais-krems","status":"publish","type":"product","link":"https:\/\/margus.lv\/ru\/shop\/the-max-nostiprinosais-krems\/","title":{"rendered":"the MAX Nostiprino\u0161ais kr\u0113ms"},"content":{"rendered":"<p>Nostiprino\u0161s un mitrino\u0161s kr\u0113ms kaklam, dekolt\u0113 un zoda l\u012bnijai. Pept\u012bdi, kas \u012bpa\u0161i izstr\u0101d\u0101ti \u017eok\u013ca un kakla zonas nostiprin\u0101\u0161anai, apvienojum\u0101 ar cilmes \u0161\u016bnu ekstraktiem pal\u012bdz palielin\u0101t \u0101das elast\u012bbu un nostiprin\u0101t \u0101du.<\/p>\n<p>Vectorize tehnolo\u0123ija nodro\u0161ina ilgsto\u0161u iedarb\u012bbas efektu, izdalot akt\u012bv\u0101s sast\u0101vda\u013cas l\u012bdz 48 stund\u0101m.<\/p>\n<h2 class=\"yikes-custom-woo-tab-title yikes-custom-woo-tab-title-lietosana\">Lieto\u0161ana<\/h2>\n<p>No r\u012bta un vakar\u0101 uzkl\u0101jiet zem zoda, uz kakla un dekolt\u0113 zon\u0101. Lietojiet kop\u0101 ar\u00a0The Max serumu, lai pan\u0101ktu vislab\u0101kos rezult\u0101tus kakla un dekolt\u0113 zon\u0101.<\/p>\n<h2 class=\"yikes-custom-woo-tab-title yikes-custom-woo-tab-title-sastavs\">Sast\u0101vs<\/h2>\n<p>Aqua (Water \/ Eau), Glycerin, Dimethicone, Caprylic \/ Capric Triglyceride, Butyrospermum Parkii (Shea) Butter, Isononyl Isononanoate, Squalane, Butylene Glycol, Cetearyl Alcohol, Propanediol, Stearic Acid, Glyceryl Stearate, Peg-100 Stearate, Pentylene Glycol, Phenoxyethanol, Prunus Amygdalus Dulcis (Sweet Almond) Seed Extract, Citrus Grandis (Grapefruit) Peel Oil, Leontopodium Alpinum Callus Culture Extract, Citrus Aurantium Bergamia Fruit Oil, Tetrahexyldecyl Ascorbate, Sucrose Palmitate, Camellia Sinensis Leaf Extract, Paullinia Cupana Seed Extract, Acetyl Tetrapeptide-2, Trifluoroacetyl Tripeptide-2, Malus Domestica Fruit Cell Culture Extract, Phospholipids, Palmitoyl Tripeptide-38, Dimethicone Crosspolymer, Acrylates\/C10-30 Alkyl Acrylate Crosspolymer, Propylene Glycol, Sorbitan Laurate, Disodium Edta, Ethylhexylglycerin, Sodium Hydroxide, Hydroxyethylcellulose, 3-Aminopropane Sulfonic Acid, Calcium Hydroxymethionine, Polysorbate 20, Gamma Polyglumatic Acid, Acetyl Dipeptide-1 Cetyl Ester, Tocopherol, Biosaccharide Gum-1, Caprylyl Glycol, Xanthan Gum, Carrageenan, Dextran, Tocopheryl Acetate, Sea Salt, Citric Acid, Potassium Sorbate, Hydroxypropyl Cyclodextrin<\/p>\n<p>* Produkta sast\u0101v\u0101 var b\u016bt da\u017eas izmai\u0146as. Prec\u012bzs sast\u0101vs ir nor\u0101d\u012bts uz produkta iepakojuma.<\/p>\n<h2 class=\"yikes-custom-woo-tab-title yikes-custom-woo-tab-title-daudzums\">Daudzums<\/h2>\n<p>Produkta tilpums 59 ml.<\/p>","protected":false},"excerpt":{"rendered":"<p>Nostiprino\u0161ais kr\u0113ms kakla \u0101dai ar cilmes \u0161\u016bnu ekstraktiem<\/p>","protected":false},"featured_media":4030,"comment_status":"open","ping_status":"closed","template":"","meta":[],"product_cat":[92,134],"product_tag":[],"class_list":{"0":"post-4029","1":"product","2":"type-product","3":"status-publish","4":"has-post-thumbnail","6":"product_cat-body-care","7":"product_cat-creams-body-care","8":"pa_brands-image-skincare","9":"pa_capacity-59-ml","11":"first","12":"instock","13":"featured","14":"taxable","15":"shipping-taxable","16":"purchasable","17":"product-type-simple"},"_links":{"self":[{"href":"https:\/\/margus.lv\/ru\/wp-json\/wp\/v2\/product\/4029","targetHints":{"allow":["GET"]}}],"collection":[{"href":"https:\/\/margus.lv\/ru\/wp-json\/wp\/v2\/product"}],"about":[{"href":"https:\/\/margus.lv\/ru\/wp-json\/wp\/v2\/types\/product"}],"replies":[{"embeddable":true,"href":"https:\/\/margus.lv\/ru\/wp-json\/wp\/v2\/comments?post=4029"}],"version-history":[{"count":2,"href":"https:\/\/margus.lv\/ru\/wp-json\/wp\/v2\/product\/4029\/revisions"}],"predecessor-version":[{"id":4034,"href":"https:\/\/margus.lv\/ru\/wp-json\/wp\/v2\/product\/4029\/revisions\/4034"}],"wp:featuredmedia":[{"embeddable":true,"href":"https:\/\/margus.lv\/ru\/wp-json\/wp\/v2\/media\/4030"}],"wp:attachment":[{"href":"https:\/\/margus.lv\/ru\/wp-json\/wp\/v2\/media?parent=4029"}],"wp:term":[{"taxonomy":"product_cat","embeddable":true,"href":"https:\/\/margus.lv\/ru\/wp-json\/wp\/v2\/product_cat?post=4029"},{"taxonomy":"product_tag","embeddable":true,"href":"https:\/\/margus.lv\/ru\/wp-json\/wp\/v2\/product_tag?post=4029"}],"curies":[{"name":"wp","href":"https:\/\/api.w.org\/{rel}","templated":true}]}}