{"id":3751,"date":"2025-07-15T08:04:03","date_gmt":"2025-07-15T08:04:03","guid":{"rendered":"https:\/\/margus.lv\/shop\/la-roche-posay-hyalu-b5-serum-30ml\/"},"modified":"2025-09-23T22:16:20","modified_gmt":"2025-09-23T19:16:20","slug":"vital-c-mitrinoss-pretnovecosanas-serums","status":"publish","type":"product","link":"https:\/\/margus.lv\/ru\/shop\/vital-c-mitrinoss-pretnovecosanas-serums\/","title":{"rendered":"VITAL C Mitrino\u0161s pretnoveco\u0161an\u0101s serums"},"content":{"rendered":"<p>Sul\u012bgs kr\u0113mveida serums ar svaiga apels\u012bna arom\u0101tu noveco\u0161an\u0101s paz\u012bmju nov\u0113r\u0161anai. Serums, kas satur \u010detras da\u017e\u0101das C vitam\u012bna formas, m\u012bkstina grumbas, uzlabo \u0101das elast\u012bbu un c\u012bn\u0101s pret apk\u0101rt\u0113j\u0101s vides kait\u0113jumu. Pie\u0161\u0137ir t\u016bl\u012bt\u0113ji paman\u0101mu rezult\u0101tu noguru\u0161ai, sausai un saspringtai \u0101dai.<\/p>\n<h2 class=\"yikes-custom-woo-tab-title yikes-custom-woo-tab-title-lietosana\">Lieto\u0161ana<\/h2>\n<p>Uzkl\u0101jiet serumu uz t\u012bras \u0101das no r\u012bta un vakar\u0101.<\/p>\n<p>Piem\u0113rots ar\u012b saus\u0101m p\u016bt\u012bt\u0113m.<\/p>\n<h2 class=\"yikes-custom-woo-tab-title yikes-custom-woo-tab-title-sastavs\">Sast\u0101vs<\/h2>\n<p>AQUA, GLYCERIN, CITRUS AURANTIUM DULCIS (ORANGE) PEEL OIL, LIMONENE, CAPRYLIC\/ CAPRIC TRIGLYCERIDE, C12-15 ALKYL BENZOATE, CETEARYL OLIVATE, SORBITAN OLIVATE, IMPERATA CYLINDRICA ROOT EXTRACT, GLYCERYL STEARATE, MAGNESIUM ASCORBYL PHOSPHATE, PPG-12\/SMDI COPOLYMER, TETRAHEXYLDECYL ASCORBATE, ASCORBIC ACID, ASCORBYL PALMITATE, ALOE BARBADENSIS LEAF JUICE POWDER, PALMITOYL TRIPEPTIDE-1, PALMITOYL PENTAPEPTIDE-4, ACETYL HEXAPEPTIDE-8, CENTELLA ASIATICA FLOWER\/LEAF\/STEM EXTRACT, CENTELLA ASIATICA EXTRACT, LYSINE, ARGININE, LEUCINE, TAURINE, VALINE, CAMELLIA SINENSIS LEAF EXTRACT, PHYLLANTHUS EMBLICA FRUIT EXTRACT, TOCOPHEROL, SQUALANE, SPIRAEA ULMARIA FLOWER EXTRACT, VITIS VINIFERA (GRAPE) SEED EXTRACT, YEAST POLYSACCHARIDES, SODIUM HYALURONATE, PHOSPHOLIPIDS, SODIUM LACTATE, LINOLEIC ACID, BIOTIN, PANTHENOL, OLEA EUROPAEA LEAF EXTRACT, SIMMONDSIA CHINENSIS (JOJOBA) SEED OIL, CORALLINA OFFICINALIS EXTRACT, CITRIC ACID, PRUNUS AMYGDALUS DULCIS (SWEET ALMOND) OIL, TOCOPHERYL ACETATE, GLYCINE SOJA (SOYA BEAN) STEROLS, PROPYLENE GLYCOL, ETHYLHEXYLGYLERIN, GLUCOSAMINE HCL, HEXYLENE GLYCOL, LINOLEAMIDOPROPYL PG-DIMONIUM CHLORIDE PHOSPHATE, PISUM SATIVUM (PEA) EXTRACT, CITRUS NOBILIS (MANDARIN ORANGE) PEEL OIL, DIPOTASSIUM GLYCYRRHIZATE, STEARYL GLYCYRRHETINATE, BAMBUSA VULGARIS LEAF\/STEM EXTRACT, XANTHAN GUM, CAPRYLYL GLYCOL, BUTYLENE GLYCOL, DISODIUM EDTA, EUGENIA CARYOPHYLLUS (CLOVE) LEAF OIL, GLYCERYL POLYMETHACRYLATE, CARBOMER, EUGENOL, SODIUM CITRATE, BENZOIC ACID, ACETIC ACID, POLYSORBATE 20, ACRYLATES\/C10-30 ALKYL ACRYLATE CROSPOLYMER, POTASSIUM SORBATE, DARUTOSIDE, BHA, PEG-100 STEARATE, PEG-8, SODIUM BENZOATE, CETYL ALCOHOL, DI-PPG-2 MYRETH-10 ADIPATE, DIMETHICONE, LINALOOL, STEARIC ACID, PHENOXYETHANOL, MAGNESIUM ALUMINUM SILICATE<\/p>\n<p>* Produkta sast\u0101v\u0101 var b\u016bt da\u017eas izmai\u0146as. Prec\u012bzs sast\u0101vs ir nor\u0101d\u012bts uz produkta iepakojuma.<\/p>","protected":false},"excerpt":{"rendered":"<p>Sul\u012bgs kr\u0113mveida serums ar svaiga apels\u012bna arom\u0101tu noveco\u0161an\u0101s paz\u012bmju nov\u0113r\u0161anai.<\/p>","protected":false},"featured_media":3983,"comment_status":"open","ping_status":"closed","template":"","meta":[],"product_cat":[141,102,91],"product_tag":[131,88],"class_list":{"0":"post-3751","1":"product","2":"type-product","3":"status-publish","4":"has-post-thumbnail","6":"product_cat-vitamin-c","7":"product_cat-moisturisers","8":"product_cat-serums","9":"product_tag-serums","10":"product_tag-vitamin-c","11":"pa_brands-image-skincare","12":"pa_capacity-50ml","14":"first","15":"instock","16":"featured","17":"taxable","18":"shipping-taxable","19":"purchasable","20":"product-type-simple"},"_links":{"self":[{"href":"https:\/\/margus.lv\/ru\/wp-json\/wp\/v2\/product\/3751","targetHints":{"allow":["GET"]}}],"collection":[{"href":"https:\/\/margus.lv\/ru\/wp-json\/wp\/v2\/product"}],"about":[{"href":"https:\/\/margus.lv\/ru\/wp-json\/wp\/v2\/types\/product"}],"replies":[{"embeddable":true,"href":"https:\/\/margus.lv\/ru\/wp-json\/wp\/v2\/comments?post=3751"}],"version-history":[{"count":2,"href":"https:\/\/margus.lv\/ru\/wp-json\/wp\/v2\/product\/3751\/revisions"}],"predecessor-version":[{"id":3982,"href":"https:\/\/margus.lv\/ru\/wp-json\/wp\/v2\/product\/3751\/revisions\/3982"}],"wp:featuredmedia":[{"embeddable":true,"href":"https:\/\/margus.lv\/ru\/wp-json\/wp\/v2\/media\/3983"}],"wp:attachment":[{"href":"https:\/\/margus.lv\/ru\/wp-json\/wp\/v2\/media?parent=3751"}],"wp:term":[{"taxonomy":"product_cat","embeddable":true,"href":"https:\/\/margus.lv\/ru\/wp-json\/wp\/v2\/product_cat?post=3751"},{"taxonomy":"product_tag","embeddable":true,"href":"https:\/\/margus.lv\/ru\/wp-json\/wp\/v2\/product_tag?post=3751"}],"curies":[{"name":"wp","href":"https:\/\/api.w.org\/{rel}","templated":true}]}}