{"id":4222,"date":"2025-09-06T17:53:25","date_gmt":"2025-09-06T14:53:25","guid":{"rendered":"https:\/\/margus.lv\/?page_id=4222"},"modified":"2025-09-06T18:03:39","modified_gmt":"2025-09-06T15:03:39","slug":"terms-and-conditions","status":"publish","type":"page","link":"https:\/\/margus.lv\/ru\/terms-and-conditions\/","title":{"rendered":"P\u0101rdo\u0161anas noteikumi"},"content":{"rendered":"<div data-elementor-type=\"wp-page\" data-elementor-id=\"4222\" class=\"elementor elementor-4222\">\n\t\t\t\t<div class=\"elementor-element elementor-element-2e34115 e-flex e-con-boxed e-con e-parent\" data-id=\"2e34115\" data-element_type=\"container\" data-e-type=\"container\">\n\t\t\t\t\t<div class=\"e-con-inner\">\n\t\t\t\t<div class=\"elementor-element elementor-element-daf1613 elementor-widget elementor-widget-text-editor\" data-id=\"daf1613\" data-element_type=\"widget\" data-e-type=\"widget\" data-widget_type=\"text-editor.default\">\n\t\t\t\t<div class=\"elementor-widget-container\">\n\t\t\t\t\t\t\t\t\t<section class=\"elementor-section elementor-top-section elementor-element elementor-element-2f2c931 elementor-section-boxed elementor-section-height-default elementor-section-height-default\" data-id=\"2f2c931\" data-element_type=\"section\"><div class=\"elementor-container elementor-column-gap-default\"><div class=\"elementor-column elementor-col-50 elementor-top-column elementor-element elementor-element-d1bb862\" data-id=\"d1bb862\" data-element_type=\"column\"><div class=\"elementor-widget-wrap elementor-element-populated\"><div class=\"elementor-element elementor-element-7ab022f elementor-widget elementor-widget-heading\" data-id=\"7ab022f\" data-element_type=\"widget\" data-widget_type=\"heading.default\"><div class=\"elementor-widget-container\"><h5>P\u0101rdo\u0161anas NOTEIKUMI<\/h5><\/div><\/div><\/div><\/div><div class=\"elementor-column elementor-col-50 elementor-top-column elementor-element elementor-element-2842e97\" data-id=\"2842e97\" data-element_type=\"column\"><div class=\"elementor-widget-wrap elementor-element-populated\"><div class=\"elementor-element elementor-element-c1a78b7 elementor-widget elementor-widget-heading\" data-id=\"c1a78b7\" data-element_type=\"widget\" data-widget_type=\"heading.default\"><div class=\"elementor-widget-container\"><p>\u00a0<\/p><p class=\"elementor-heading-title elementor-size-default\">No 06.09.2025<\/p><\/div><\/div><\/div><\/div><\/div><\/section><section class=\"elementor-section elementor-top-section elementor-element elementor-element-c8e57ce elementor-section-boxed elementor-section-height-default elementor-section-height-default\" data-id=\"c8e57ce\" data-element_type=\"section\"><div class=\"elementor-container elementor-column-gap-default\"><div class=\"elementor-column elementor-col-100 elementor-top-column elementor-element elementor-element-b3937a0\" data-id=\"b3937a0\" data-element_type=\"column\"><div class=\"elementor-widget-wrap elementor-element-populated\"><div class=\"elementor-element elementor-element-de5d3b4 elementor-widget elementor-widget-text-editor\" data-id=\"de5d3b4\" data-element_type=\"widget\" data-widget_type=\"text-editor.default\"><div class=\"elementor-widget-container\"><p><strong>1. VISP\u0100R\u012aGI NOTEIKUMI<\/strong><\/p><p>1.1. \u0160ie interneta veikala (\u201cInterneta veikals\u201d) p\u0101rdo\u0161anas noteikumi un nosac\u012bjumi (\u201cNoteikumi un nosac\u012bjumi\u201d) attiecas uz pirkumiem, kas veikti\u00a0 interneta veikal\u0101 <a href=\"http:\/\/margus.lv\/ru\/\" target=\"_blank\" rel=\"noopener\">margus.lv<\/a>. Pre\u010du p\u0101rdev\u0113js ir SIA &#8220;Value Solutions&#8221; (turpm\u0101k tekst\u0101 \u2013 p\u0101rdev\u0113js), adrese Aleksandra \u010caka iela 64 -3, R\u012bga, Latvija, re\u0123istracijas numurs: 40103911405, t\u0101lrunis: +371 29586874, e-pasta adrese: <a href=\"http:\/\/info@margus.lv\/ru\/\" target=\"_blank\" rel=\"noopener\">info@margus.lv<\/a>. Noteikumi un nosac\u012bjumi attiecas uz vis\u0101m tiesiskaj\u0101m attiec\u012bb\u0101m starp klientu un p\u0101rdev\u0113ju, kas rodas, ieg\u0101d\u0101joties preces interneta veikal\u0101.<\/p><p>1.2. P\u0101rdev\u0113jam ir ties\u012bbas vienpus\u0113ji main\u012bt un papildin\u0101t noteikumus, public\u0113jot jaunos noteikumus m\u0101jas lap\u0101\u00a0<a href=\"http:\/\/margus.lv\/ru\/terms-and-conditions\/\" target=\"_blank\" rel=\"noopener\">http:\/\/margus.lv\/terms-and-conditions<\/a>. Ja klients veica pas\u016bt\u012bjumu pirms noteikumu izmai\u0146u st\u0101\u0161an\u0101s sp\u0113k\u0101, tad tiesisk\u0101s attiec\u012bbas starp pirc\u0113ju un p\u0101rdev\u0113ju attiecas uz pas\u016bt\u012bjuma veik\u0161anas br\u012bd\u012b sp\u0113k\u0101 eso\u0161ajiem noteikumiem.<\/p><p>1.3. Pirms pirkuma veik\u0161anas klientam ir iesp\u0113ja saglab\u0101t, izdruk\u0101t un, ja nepiecie\u0161ams, pavairot noteikumus un nosac\u012bjumus, un, veicot pirkumu interneta veikal\u0101, klients piekr\u012bt noteikumiem un nosac\u012bjumiem.<\/p><p>1.4. Papildus noteikumiem un nosac\u012bjumiem, pirkumiem no interneta veikala piem\u0113ro Latvijas Republik\u0101 sp\u0113k\u0101 eso\u0161os ties\u012bbu aktus.<\/p><p><strong>2. PRE\u010cU CENAS, PAS\u016aT\u012aJUMA VEIK\u0160ANA, APMAKSAS IESP\u0112JAS<\/strong><\/p><p>2.1. Inform\u0101cija par prec\u0113m tiek atspogu\u013cota interneta veikal\u0101 tie\u0161i pie preces.<\/p><p>2.2. Visas cenas, kas tiek p\u0101rdotas interneta veikal\u0101, ir nor\u0101d\u012btas blakus produktiem. Cenai tiek pievienota maksa par pre\u010du pieg\u0101di. Visas cenas ir nor\u0101d\u012btas eiro un ietver PVN.<\/p><p>2.3. Pieg\u0101des maksa ir atkar\u012bga no pirc\u0113ja atra\u0161an\u0101s vietas un pieg\u0101des veida. Pieg\u0101des maksa tiek nor\u0101d\u012bta pirc\u0113jam, veicot pas\u016bt\u012bjumu.<\/p><p>2.4. Pas\u016bt\u012bjumus var veikt interneta veikal\u0101, piesakoties k\u0101 viesis vai k\u0101 re\u0123istr\u0113ts klients.<\/p><p>2.5. Lai pas\u016bt\u012btu, iepirkumu groz\u0101 j\u0101pievieno v\u0113lam\u0101s preces. Lai veiktu pas\u016bt\u012bjumu, jums j\u0101aizpilda nepiecie\u0161amie datu lauki un j\u0101izv\u0113las atbilsto\u0161\u0101 produkta pieg\u0101des metode. P\u0113c tam ekr\u0101n\u0101 tiks par\u0101d\u012bta maksas summa, kuru var dro\u0161i apmaks\u0101t, izmantojot \u0161\u0101das maks\u0101jumu metodes: Latvijas banku saites: Swedbank, SEB, Luminor, Citadele Maks\u0101jot ar bankas saiti, bankas lap\u0101 noteikti noklik\u0161\u0137iniet uz pogas \u201c\u201dAtpaka\u013c pie tirgot\u0101ja\u201d\u201d.<\/p><p>2.6 SIA &#8220;Value Solutions&#8221; ir personas datu p\u0101rzinis, SIA &#8220;Value Solutions&#8221; nodod personas datus, kas nepiecie\u0161ami maks\u0101jumu veik\u0161anai, apstr\u0101d\u0101t\u0101jam Maksekeskus AS.<\/p><p>2.7. Maks\u0101jumus veic AS Maksekeskus. Maks\u0101jums notiek \u0101rpus interneta veikala dro\u0161\u0101 vid\u0113 \u2013 maks\u0101juma ar bankas p\u0101rskait\u012bjumu gad\u012bjum\u0101 attiec\u012bg\u0101s bankas dro\u0161\u0101 vid\u0113 un maks\u0101juma ar kred\u012btkarti gad\u012bjum\u0101 \u2013 Maksekeskus AS dro\u0161\u0101 vid\u0113. P\u0101rdev\u0113jam nav piek\u013cuves klienta bankas un kred\u012btkartes datiem. L\u012bgums st\u0101jas sp\u0113k\u0101, sa\u0146emot p\u0101rdev\u0113ja nor\u0113\u0137inu kont\u0101 pien\u0101ko\u0161os summu.<\/p><p>2.8. P\u0101rdev\u0113js nos\u016bt\u012bs klientam apstiprin\u0101juma e-pastu un r\u0113\u0137inu par pas\u016bt\u012bjuma sa\u0146em\u0161anu un samaksu.<\/p><p>2.9. SIA &#8220;Value Solutions&#8221; ir personas datu p\u0101rzinis, SIA &#8220;Value Solutions&#8221; nodod personas datus, kas nepiecie\u0161ami maks\u0101jumu veik\u0161anai, apstr\u0101d\u0101t\u0101jam Maksekeskus AS.<\/p><p>2.10. Ja pas\u016bt\u012bt\u0101s preces nevar tikt pieg\u0101d\u0101tas l\u012bdz pieg\u0101des termi\u0146a beig\u0101m vai k\u0101da cita iemesla d\u0113\u013c, pirc\u0113js tiks inform\u0113ts p\u0113c iesp\u0113jas \u0101tr\u0101k, un samaks\u0101t\u0101 nauda (ieskaitot pieg\u0101des izmaksas) tiks atmaks\u0101ta nekav\u0113joties, bet ne v\u0113l\u0101k k\u0101 14 dienu laik\u0101 p\u0113c pazi\u0146ojuma sa\u0146em\u0161anas.<\/p><p><strong>3. PIEG\u0100DE<\/strong><\/p><p>3.1. Preces var pas\u016bt\u012bt Latvijas robe\u017e\u0101s ar Omniva, Itella SmartPost un DPD kurjerkomp\u0101nij\u0101m uz nor\u0101d\u012bto adresi.<\/p><p>3.2. S\u016bt\u012bjumi Latvijas robe\u017e\u0101s parasti sasniedz pirc\u0113ja nor\u0101d\u012bto galam\u0113r\u0137i 5-7 darba dienu laik\u0101 p\u0113c p\u0101rdo\u0161anas l\u012bguma st\u0101\u0161an\u0101s sp\u0113k\u0101.<\/p><p><strong>3.3. PRE\u010cU IZ\u0145EM\u0160ANA NO PAKOM\u0100TA<\/strong><\/p><p>3.3.1. Pieg\u0101d\u0101jot preces uz klienta izv\u0113l\u0113to Omniva, DPD vai Itella SmartPost pakom\u0101tu, pre\u010du cenai tiks pievienota pieg\u0101des maksa 3 \u20ac. Ja pas\u016bt\u012bjuma izmaksas p\u0101rsniedz 50 \u20ac, pieg\u0101des maksa netiks pievienota.<\/p><p>3.3.2. Par preces non\u0101k\u0161anu pakom\u0101t\u0101 klients tiek inform\u0113ts ar SMS \u012bszi\u0146u, kur\u0101 ir unik\u0101ls durvju kods pakom\u0101ta durvju atv\u0113r\u0161anai.<\/p><p>3.3.3. P\u0101rdev\u0113js nav atbild\u012bgs par jebk\u0101diem zaud\u0113jumiem vai kait\u0113jumu, kas radu\u0161ies klientam, ja no p\u0101rdev\u0113ja neatkar\u012bgu iemeslu d\u0113\u013c tre\u0161\u0101s personas ir ieguvu\u0161as pakom\u0101ta unik\u0101lo kodu un preces ir pieg\u0101d\u0101tas, pamatojoties uz \u0161o kodu.<\/p><p>3.3.4. Ja uzglab\u0101\u0161anas termi\u0146a beig\u0101s klients neb\u016bs iz\u0146\u0113mis preces no pakom\u0101ta, p\u0101rdev\u0113js uzskat\u012bs, ka klients ir atc\u0113lis pas\u016bt\u012bjumu. P\u0101rdev\u0113js atmaks\u0101s pirc\u0113jam pirkuma cenu kop\u0101 ar pieg\u0101des maksu 14 kalend\u0101ro dienu laik\u0101 p\u0113c tam, kad preces ir atgrieztas p\u0101rdev\u0113jam vai pirc\u0113js ir iesniedzis pier\u0101d\u012bjumus, ka atgrie\u017eam\u0101s preces ir nog\u0101d\u0101tas p\u0101rvad\u0101t\u0101jam. Atmaksa tiks veikta taj\u0101 pa\u0161\u0101 nor\u0113\u0137inu kont\u0101, no kura tika veikts pirkums.<\/p><p><strong>3.4. PRE\u010cU SA\u0145EM\u0160ANA AR KURJERU<\/strong><\/p><p>3.4.1. Ja izv\u0113laties kurjerpieg\u0101di uz m\u0101j\u0101m, pre\u010du cenai tiks pieskait\u012bta pieg\u0101des maksa 7 \u20ac apm\u0113r\u0101. Ja pas\u016bt\u012bjuma izmaksas p\u0101rsniedz 150 \u20ac, pieg\u0101des maksa netiks pievienota.<\/p><p>3.4.2. Prec\u012bzu pieg\u0101des laiku kurjers ar klientu iepriek\u0161 saska\u0146os telefoniski.<\/p><p>3.4.3. Klientam ir j\u0101nodro\u0161ina pre\u010du sa\u0146em\u0161ana norun\u0101taj\u0101 laik\u0101 un adres\u0113. Ja klients iera\u0161an\u0101s br\u012bd\u012b nav pieejams, kurjers veiks vienu papildu m\u0113\u0123in\u0101jumu pieg\u0101d\u0101t preces. Ja abi m\u0113\u0123in\u0101jumi pieg\u0101d\u0101t preces klientam neizdodas, p\u0101rdev\u0113js uzskata, ka klients ir atc\u0113lis pas\u016bt\u012bjumu. P\u0101rdev\u0113js atmaks\u0101s pirc\u0113jam pirkuma cenu kop\u0101 ar pieg\u0101des maksu 14 kalend\u0101ro dienu laik\u0101 p\u0113c tam, kad preces ir atgrieztas p\u0101rdev\u0113jam vai pirc\u0113js ir iesniedzis pier\u0101d\u012bjumus, ka atgrie\u017eam\u0101s preces ir nog\u0101d\u0101tas p\u0101rvad\u0101t\u0101jam. Atmaksa tiks veikta taj\u0101 pa\u0161\u0101 nor\u0113\u0137inu kont\u0101, no kura tika veikts pirkums.<\/p><p><strong>3.5. PRE\u010cU KONTROLE<\/strong><\/p><p>3.5.1. Sa\u0146emot preci, klients ap\u0146emas uzman\u012bgi atv\u0113rt preces iepakojumu, nesaboj\u0101jot iepakojumu vai preci. Ja klients ir saboj\u0101jis iepakojumu neuzman\u012bbas d\u0113\u013c, t. i., ja iepakojumu bija iesp\u0113jams atv\u0113rt, to nesaboj\u0101jot, p\u0101rdev\u0113jam ir ties\u012bbas piepras\u012bt kompens\u0101ciju par rad\u012bto kait\u0113jumu, atgrie\u017eot preci. Ja produkta iepakojumu nav iesp\u0113jams atv\u0113rt, nesaboj\u0101jot\/ nesalau\u017eot, klients nav atbild\u012bgs par boj\u0101to iepakojumu.<\/p><p>3.5.2. Ja, sa\u0146emot preces, klients atkl\u0101j, ka preces vi\u0146am ir nos\u016bt\u012btas nepareizi vai ar defektiem, vai ar\u012b t\u0101s nav non\u0101ku\u0161as pie klienta lab\u0101 st\u0101vokl\u012b un nosl\u0113gt\u0101 iepakojum\u0101, par to nekav\u0113joties j\u0101inform\u0113 p\u0101rdev\u0113js. Pazi\u0146ojumam j\u0101pievieno fotogr\u0101fija vai video, kur\u0101 redzamas nepareizas vai boj\u0101tas preces un defekta apm\u0113rs.<\/p><p>3.5.3. P\u0101rdev\u0113js ir atbild\u012bgs par klienta ieg\u0101d\u0101taj\u0101m prec\u0113m to transport\u0113\u0161anas laik\u0101. No pre\u010du sa\u0146em\u0161anas br\u012b\u017ea pre\u010du boj\u0101juma vai nozaud\u0113\u0161anas risks p\u0101riet uz klientu.<\/p><p><strong>4. PRE\u010cU ATGRIE\u0160ANA, L\u012aGUMA ATCEL\u0160ANA UN NAUDAS ATMAKS\u0100\u0160ANA<\/strong><\/p><p>4.1. Klientam ir ties\u012bbas atk\u0101pties no l\u012bguma, nenor\u0101dot iemeslu 14 kalend\u0101ro dienu laik\u0101 p\u0113c preces sa\u0146em\u0161anas.<\/p><p>4.1.1. Atteikuma ties\u012bbas nav sp\u0113k\u0101, ja pirc\u0113js ir juridiska persona.<\/p><p>4.2. Lai izmantotu 14 dienu atteikuma ties\u012bbas, pas\u016bt\u012bt\u0101s preces nedr\u012bkst izmantot nek\u0101d\u0101 cit\u0101 veid\u0101, iz\u0146emot to, kas nepiecie\u0161ams, lai p\u0101rliecin\u0101tos par pre\u010du raksturu, \u012bpa\u0161\u012bb\u0101m un darb\u012bbu, t\u0101pat, k\u0101 tas ir at\u013cauts pre\u010du test\u0113\u0161anai fizisk\u0101 veikal\u0101.<\/p><p>4.3. Ja preces ir lietotas m\u0113r\u0137iem, kas nav nepiecie\u0161ami, lai p\u0101rliecin\u0101tos par pre\u010du raksturu, \u012bpa\u0161\u012bb\u0101m un darb\u012bbu, vai ja t\u0101m ir lieto\u0161anas vai nolietojuma paz\u012bmes, p\u0101rdev\u0113jam ir ties\u012bbas samazin\u0101t atmaks\u0101jamo cenu proporcion\u0101li pre\u010du nolietojumam.<\/p><p>4.4. Lai atgrieztu preces, jums ir j\u0101iesniedz atteikuma veidlapa. Atteikuma veidlapa atrodama\u00a0<a href=\"#\">\u0161eit<\/a>. Atteikuma veidlapa j\u0101nos\u016bta uz e-pasta adresi\u00a0<a href=\"mailto:info@margus.lv\">info@margus.lv<\/a>\u00a0ne v\u0113l\u0101k k\u0101 14 dienu laik\u0101 p\u0113c pre\u010du sa\u0146em\u0161anas.<\/p><p>4.5. Pre\u010du atgrie\u0161anas izmaksas sedz pirc\u0113js, ja vien atgrie\u0161anas iemesls nav saist\u012bts ar to, ka atgrie\u017eam\u0101 prece neatbilst pas\u016bt\u012btajam (piem\u0113ram, nepareiza vai boj\u0101ta prece).<\/p><p>4.6. Izmantojot atteikuma ties\u012bbas, klientam ir pien\u0101kums ne v\u0113l\u0101k k\u0101 14 dienu laik\u0101 no atteikuma piepras\u012bjuma iesnieg\u0161anas dienas atgriezt preces p\u0101rdev\u0113jam vai uz e-pasta adresi\u00a0<a href=\"mailto:info@margus.lv\">info@margus.lv<\/a>\u00a0iesniegt pier\u0101d\u012bjumus, ka vi\u0146\u0161\/vi\u0146a iepriek\u0161 min\u0113taj\u0101 termi\u0146\u0101 ir pieg\u0101d\u0101jis preces p\u0101rvad\u0101t\u0101jam.<\/p><p>4.7. P\u0101rdev\u0113js atmaks\u0101s pirc\u0113jam pirkuma cenu kop\u0101 ar pieg\u0101des maksu 14 kalend\u0101ro dienu laik\u0101 p\u0113c tam, kad preces ir atgrieztas p\u0101rdev\u0113jam vai pirc\u0113js ir iesniedzis pier\u0101d\u012bjumus, ka atgrie\u017eam\u0101s preces ir nog\u0101d\u0101tas p\u0101rvad\u0101t\u0101jam. Atmaksa tiks veikta taj\u0101 pa\u0161\u0101 nor\u0113\u0137inu kont\u0101, no kura tika veikts pirkums.<\/p><p>4.8. Ja klients ir t\u012b\u0161i vai nolaid\u012bbas d\u0113\u013c saboj\u0101jis atgrie\u017eamo preci, p\u0101rdev\u0113jam ir ties\u012bbas atteikties pie\u0146emt preci atpaka\u013c un piepras\u012bt atl\u012bdzin\u0101t zaud\u0113jumus.<\/p><p>4.9. P\u0101rdev\u0113jam ir ties\u012bbas atk\u0101pties no p\u0101rdo\u0161anas dar\u012bjuma un atg\u016bt preci no pirc\u0113ja, ja preces cena interneta veikal\u0101 k\u013c\u016bdas d\u0113\u013c ir atz\u012bm\u0113ta iev\u0113rojami zem preces tirgus cenas.<\/p><p><strong>5. TIE\u0160\u0100 MARKETINGA UN PERSONAS DATU APSTR\u0100DE<\/strong><\/p><p>5.1. P\u0101rdev\u0113js izmanto klienta ievad\u012btos personas datus tikai pas\u016bt\u012bjuma apstr\u0101dei un pre\u010du nos\u016bt\u012b\u0161anai pirc\u0113jam. P\u0101rdev\u0113js nodod personas datus uz\u0146\u0113mumiem, kas sniedz transporta pakalpojumus, lai pieg\u0101d\u0101tu preces.<\/p><p>5.2. P\u0101rdev\u0113js nos\u016bt\u012bs jaunumus un pied\u0101v\u0101jumus uz pirc\u0113ja e-pasta adresi tikai tad, ja pirc\u0113js b\u016bs izteicis v\u0113lmi sa\u0146emt \u0161\u0101dus jaunumus un pied\u0101v\u0101jumus, ievadot savu e-pasta adresi m\u0101jas lap\u0101 un nor\u0101d\u012bjis savu v\u0113lmi sa\u0146emt tie\u0161\u0101 pasta pazi\u0146ojumus.<\/p><p>5.3. Klients jebkur\u0101 laik\u0101 var atcelt uz e-pastu nos\u016bt\u012btos pied\u0101v\u0101jumus un jaunumu v\u0113stules, pazi\u0146ojot par to p\u0101rdev\u0113jam pa e-pastu vai izpildot nor\u0101d\u012bjumus jaunumu v\u0113stul\u0113.<\/p><p><strong>6. S\u016aDZ\u012aBU IESNIEG\u0160ANA UN STR\u012aDU RISIN\u0100\u0160ANA<\/strong><\/p><p><span data-sheets-formula-bar-text-style=\"font-size:13px;color:#000000;font-weight:normal;text-decoration:none;font-family:'Arial';font-style:normal;text-decoration-skip-ink:none;\">6.1. Ja pirc\u0113jam ir s\u016bdz\u012bbas par interneta veikalu, t\u0101s j\u0101nos\u016bta pa e-pastu uz\u00a0<a href=\"mailto:info@margus.lv\">info@margus.lv<\/a>, vai pa t\u0101lruni:\u00a0<a href=\"tel:+37129586874\">+371 295 868 74.<\/a><\/span><\/p><p><span data-sheets-formula-bar-text-style=\"font-size:13px;color:#000000;font-weight:normal;text-decoration:none;font-family:'Arial';font-style:normal;text-decoration-skip-ink:none;\">6.2. P\u0101rdev\u0113js ir atbild\u012bgs par ieg\u0101d\u0101to pre\u010du neatbilst\u012bbu 2 gadu laik\u0101 no preces pieg\u0101des klientam. Attiec\u012bb\u0101 uz pre\u010du p\u0101rdo\u0161anu pat\u0113r\u0113t\u0101jam tiek pie\u0146emts, ka l\u012bguma nosac\u012bjumu neiev\u0113ro\u0161ana 6 m\u0113ne\u0161u laik\u0101 no pieg\u0101des br\u012b\u017ea pirc\u0113jam past\u0101v\u0113ja pieg\u0101des laik\u0101, ja vien \u0161\u0101ds pie\u0146\u0113mums nav pretrun\u0101 b\u016bt\u012bbai par lietu vai defektu. Klients ap\u0146emas pazi\u0146ot p\u0101rdev\u0113jam par pre\u010du neatbilst\u012bbu ne v\u0113l\u0101k k\u0101 2 m\u0113ne\u0161u laik\u0101 p\u0113c t\u0101 atkl\u0101\u0161anas, proti, iesniegt s\u016bdz\u012bbu.<\/span><\/p><p><span data-sheets-formula-bar-text-style=\"font-size:13px;color:#000000;font-weight:normal;text-decoration:none;font-family:'Arial';font-style:normal;text-decoration-skip-ink:none;\">6.3. Lai iesniegtu s\u016bdz\u012bbu, l\u016bdzu, sazinieties pa e-pastu:\u00a0<a href=\"mailto:info@margus.lv\">info@margus.lv<\/a>. S\u016bdz\u012bb\u0101 j\u0101nor\u0101da klienta v\u0101rds un kontaktinform\u0101cija, s\u016bdz\u012bbas iesnieg\u0161anas datums, preces defekts un iesniedzam\u0101s s\u016bdz\u012bbas saturs un j\u0101pievieno pirkumu apliecino\u0161s dokuments.<\/span><\/p><p><span data-sheets-formula-bar-text-style=\"font-size:13px;color:#000000;font-weight:normal;text-decoration:none;font-family:'Arial';font-style:normal;text-decoration-skip-ink:none;\">6.4. P\u0101rdev\u0113js atbild\u0113s uz pirc\u0113ja s\u016bdz\u012bbu rakstiski e-past\u0101 14 dienu laik\u0101.<\/span><\/p><p><span data-sheets-formula-bar-text-style=\"font-size:13px;color:#000000;font-weight:normal;text-decoration:none;font-family:'Arial';font-style:normal;text-decoration-skip-ink:none;\">6.5. P\u0101rdev\u0113js nav atbild\u012bgs par zaud\u0113jumiem vai jebk\u0101d\u0101m cit\u0101m sek\u0101m, kas izriet no nepareiziem datiem, ko klients ir sniedzis pas\u016bt\u012bjuma izpildes laik\u0101, ieskaitot pieg\u0101des aizkav\u0113\u0161anos, ja to izraisa apst\u0101k\u013ci, kas nav atkar\u012bgi no p\u0101rdev\u0113ja.<\/span><\/p><p><span data-sheets-formula-bar-text-style=\"font-size:13px;color:#000000;font-weight:normal;text-decoration:none;font-family:'Arial';font-style:normal;text-decoration-skip-ink:none;\">6.6. Ja p\u0101rdev\u0113ja p\u0101rdotaj\u0101m prec\u0113m ir defekti, par kuriem p\u0101rdev\u0113js ir atbild\u012bgs, p\u0101rdev\u0113js labos vai nomain\u012bs boj\u0101t\u0101s preces. Ja preces nevar salabot vai nomain\u012bt, p\u0101rdev\u0113js atgriez\u012bs pirc\u0113jam visas ar pirkuma l\u012bgumu saist\u012bt\u0101s izmaksas.<\/span><\/p><p><span data-sheets-formula-bar-text-style=\"font-size:13px;color:#000000;font-weight:normal;text-decoration:none;font-family:'Arial';font-style:normal;text-decoration-skip-ink:none;\">6.7. P\u0101rdev\u0113js nav atbild\u012bgs par defektiem, kas radu\u0161ies p\u0113c preces pieg\u0101des pirc\u0113jam.<\/span><\/p><p><span data-sheets-formula-bar-text-style=\"font-size:13px;color:#000000;font-weight:normal;text-decoration:none;font-family:'Arial';font-style:normal;text-decoration-skip-ink:none;\">6.8. Str\u012bdus starp p\u0101rdev\u0113ju un klientu puses risina sarunu ce\u013c\u0101. Ja vieno\u0161an\u0101s netiek pan\u0101kta, str\u012bdus iz\u0161\u0137ir saska\u0146\u0101 ar Latvijas Republikas likumiem. Turkl\u0101t Eiropas Savien\u012bbas elektronisk\u0101 vide s\u016bdz\u012bbu risin\u0101\u0161anai ar interneta tirgot\u0101jiem, kas ir pieejama visiem klientiem, ir ODR (tie\u0161saistes str\u012bdu iz\u0161\u0137ir\u0161anas) platforma vietn\u0113\u00a0<\/span><a class=\"waffle-rich-text-link\" href=\"http:\/\/ec.europa.eu\/odr\" target=\"_blank\" rel=\"noopener\" data-sheets-formula-bar-text-link=\"http:\/\/ec.europa.eu\/odr\" data-sheets-formula-bar-text-style=\"font-size:13px;color:#1155cc;font-weight:normal;text-decoration:underline;font-family:''Arial'';font-style:normal;text-decoration-skip-ink:none;\">http:\/\/ec.europa.eu\/odr<\/a><\/p><\/div><\/div><\/div><\/div><\/div><\/section>\t\t\t\t\t\t\t\t<\/div>\n\t\t\t\t<\/div>\n\t\t\t\t\t<\/div>\n\t\t\t\t<\/div>\n\t\t\t\t<\/div>","protected":false},"excerpt":{"rendered":"<p>P\u0101rdo\u0161anas NOTEIKUMI \u00a0 No 06.09.2025 1. VISP\u0100R\u012aGI NOTEIKUMI 1.1. \u0160ie interneta veikala (\u201cInterneta veikals\u201d) p\u0101rdo\u0161anas noteikumi un nosac\u012bjumi (\u201cNoteikumi un nosac\u012bjumi\u201d) attiecas&hellip;<\/p>","protected":false},"author":1,"featured_media":0,"parent":0,"menu_order":0,"comment_status":"closed","ping_status":"closed","template":"","meta":{"footnotes":""},"class_list":["post-4222","page","type-page","status-publish","hentry"],"_hostinger_reach_plugin_has_subscription_block":false,"_hostinger_reach_plugin_is_elementor":false,"_links":{"self":[{"href":"https:\/\/margus.lv\/ru\/wp-json\/wp\/v2\/pages\/4222","targetHints":{"allow":["GET"]}}],"collection":[{"href":"https:\/\/margus.lv\/ru\/wp-json\/wp\/v2\/pages"}],"about":[{"href":"https:\/\/margus.lv\/ru\/wp-json\/wp\/v2\/types\/page"}],"author":[{"embeddable":true,"href":"https:\/\/margus.lv\/ru\/wp-json\/wp\/v2\/users\/1"}],"replies":[{"embeddable":true,"href":"https:\/\/margus.lv\/ru\/wp-json\/wp\/v2\/comments?post=4222"}],"version-history":[{"count":8,"href":"https:\/\/margus.lv\/ru\/wp-json\/wp\/v2\/pages\/4222\/revisions"}],"predecessor-version":[{"id":4231,"href":"https:\/\/margus.lv\/ru\/wp-json\/wp\/v2\/pages\/4222\/revisions\/4231"}],"wp:attachment":[{"href":"https:\/\/margus.lv\/ru\/wp-json\/wp\/v2\/media?parent=4222"}],"curies":[{"name":"wp","href":"https:\/\/api.w.org\/{rel}","templated":true}]}}