{"id":3329,"date":"2020-10-18T13:07:58","date_gmt":"2020-10-18T13:07:58","guid":{"rendered":"https:\/\/margus.lv\/about\/"},"modified":"2025-09-06T22:15:12","modified_gmt":"2025-09-06T19:15:12","slug":"about","status":"publish","type":"page","link":"https:\/\/margus.lv\/ru\/about\/","title":{"rendered":"\u041e\u0431\u043e \u043c\u043d\u0435"},"content":{"rendered":"<div data-elementor-type=\"wp-page\" data-elementor-id=\"3329\" class=\"elementor elementor-3329\">\n\t\t\t\t\t\t<section class=\"elementor-section elementor-top-section elementor-element elementor-element-f7b080a elementor-section-full_width elementor-section-height-default elementor-section-height-default\" data-id=\"f7b080a\" data-element_type=\"section\" data-e-type=\"section\">\n\t\t\t\t\t\t<div class=\"elementor-container elementor-column-gap-no\">\n\t\t\t\t\t<div class=\"elementor-column elementor-col-100 elementor-top-column elementor-element elementor-element-484697d\" data-id=\"484697d\" data-element_type=\"column\" data-e-type=\"column\">\n\t\t\t<div class=\"elementor-widget-wrap elementor-element-populated\">\n\t\t\t\t\t\t<div class=\"elementor-element elementor-element-91fe4a5 elementor-widget elementor-widget-ideapark-heading\" data-id=\"91fe4a5\" data-element_type=\"widget\" data-e-type=\"widget\" data-widget_type=\"ideapark-heading.default\">\n\t\t\t\t<div class=\"elementor-widget-container\">\n\t\t\t\t\t<div class=\"c-ip-heading c-ip-heading--small c-ip-heading--center c-ip-heading--bullet-after\"><span class=\"c-ip-heading__inner\">Maria<\/span><\/div>\t\t\t\t<\/div>\n\t\t\t\t<\/div>\n\t\t\t\t<div class=\"elementor-element elementor-element-4fbfb12 elementor-widget elementor-widget-ideapark-heading\" data-id=\"4fbfb12\" data-element_type=\"widget\" data-e-type=\"widget\" data-widget_type=\"ideapark-heading.default\">\n\t\t\t\t<div class=\"elementor-widget-container\">\n\t\t\t\t\t<div class=\"c-ip-heading c-ip-heading--medium c-ip-heading--center c-ip-heading--bullet-hide\"><span class=\"c-ip-heading__inner\">Guselnikova<\/span><\/div>\t\t\t\t<\/div>\n\t\t\t\t<\/div>\n\t\t\t\t<section class=\"elementor-section elementor-inner-section elementor-element elementor-element-2943bc4 elementor-section-boxed elementor-section-height-default elementor-section-height-default\" data-id=\"2943bc4\" data-element_type=\"section\" data-e-type=\"section\">\n\t\t\t\t\t\t<div class=\"elementor-container elementor-column-gap-no\">\n\t\t\t\t\t<div class=\"elementor-column elementor-col-50 elementor-inner-column elementor-element elementor-element-9fbe0ef\" data-id=\"9fbe0ef\" data-element_type=\"column\" data-e-type=\"column\">\n\t\t\t<div class=\"elementor-widget-wrap elementor-element-populated\">\n\t\t\t\t\t\t<div class=\"elementor-element elementor-element-bc4e9cd elementor-widget elementor-widget-ideapark-heading\" data-id=\"bc4e9cd\" data-element_type=\"widget\" data-e-type=\"widget\" data-widget_type=\"ideapark-heading.default\">\n\t\t\t\t<div class=\"elementor-widget-container\">\n\t\t\t\t\t<div class=\"c-ip-heading c-ip-heading--default c-ip-heading--left c-ip-heading--bullet-hide\"><span class=\"c-ip-heading__inner\">\u042f \u0445\u043e\u0447\u0443 \u043f\u043e\u043c\u043e\u0447\u044c \u0442\u0435\u0431\u0435 \u0447\u0443\u0432\u0441\u0442\u0432\u043e\u0432\u0430\u0442\u044c \u0441\u0435\u0431\u044f \u0443\u0432\u0435\u0440\u0435\u043d\u043d\u043e \u0438 \u043a\u043e\u043c\u0444\u043e\u0440\u0442\u043d\u043e \u0432 \u0441\u0432\u043e\u0435\u0439 \u043a\u043e\u0436\u0435. \u041c\u043e\u044f \u0437\u0430\u0434\u0430\u0447\u0430 \u2014 \u043f\u0440\u0435\u0434\u043e\u0441\u0442\u0430\u0432\u0438\u0442\u044c \u0438\u043d\u0434\u0438\u0432\u0438\u0434\u0443\u0430\u043b\u044c\u043d\u044b\u0439 \u0443\u0445\u043e\u0434, \u043e\u043f\u0438\u0440\u0430\u044f\u0441\u044c \u043d\u0430 \u043f\u0440\u043e\u0444\u0435\u0441\u0441\u0438\u043e\u043d\u0430\u043b\u044c\u043d\u044b\u0435 \u0437\u043d\u0430\u043d\u0438\u044f \u0438 \u0432\u043d\u0438\u043c\u0430\u0442\u0435\u043b\u044c\u043d\u044b\u0439 \u043f\u043e\u0434\u0445\u043e\u0434. \u042f \u0432\u0435\u0440\u044e, \u0447\u0442\u043e \u043a\u0430\u0447\u0435\u0441\u0442\u0432\u0435\u043d\u043d\u0430\u044f \u043a\u043e\u0441\u043c\u0435\u0442\u0438\u043a\u0430 \u0438 \u043f\u043e\u0434\u0445\u043e\u0434\u044f\u0449\u0438\u0435 \u043f\u0440\u043e\u0446\u0435\u0434\u0443\u0440\u044b \u043c\u043e\u0433\u0443\u0442 \u043d\u0435 \u0442\u043e\u043b\u044c\u043a\u043e \u0443\u043b\u0443\u0447\u0448\u0438\u0442\u044c \u0442\u0432\u043e\u0439 \u0432\u043d\u0435\u0448\u043d\u0438\u0439 \u0432\u0438\u0434, \u043d\u043e \u0438 \u043f\u043e\u0434\u0430\u0440\u0438\u0442\u044c \u0447\u0443\u0432\u0441\u0442\u0432\u043e \u0431\u043b\u0430\u0433\u043e\u043f\u043e\u043b\u0443\u0447\u0438\u044f \u0438 \u0432\u043d\u0443\u0442\u0440\u0435\u043d\u043d\u0435\u0433\u043e \u0440\u0430\u0432\u043d\u043e\u0432\u0435\u0441\u0438\u044f.<\/span><\/div>\t\t\t\t<\/div>\n\t\t\t\t<\/div>\n\t\t\t\t\t<\/div>\n\t\t<\/div>\n\t\t\t\t<div class=\"elementor-column elementor-col-50 elementor-inner-column elementor-element elementor-element-4f469bf\" data-id=\"4f469bf\" data-element_type=\"column\" data-e-type=\"column\">\n\t\t\t<div class=\"elementor-widget-wrap elementor-element-populated\">\n\t\t\t\t\t\t<div class=\"elementor-element elementor-element-8c1e177 elementor-widget elementor-widget-ideapark-heading\" data-id=\"8c1e177\" data-element_type=\"widget\" data-e-type=\"widget\" data-widget_type=\"ideapark-heading.default\">\n\t\t\t\t<div class=\"elementor-widget-container\">\n\t\t\t\t\t<div class=\"c-ip-heading c-ip-heading--default c-ip-heading--left c-ip-heading--bullet-hide\"><span class=\"c-ip-heading__inner\">\u042f \u0441\u0442\u0440\u0435\u043c\u043b\u044e\u0441\u044c \u0441\u043e\u0437\u0434\u0430\u0432\u0430\u0442\u044c \u0430\u0442\u043c\u043e\u0441\u0444\u0435\u0440\u0443 \u0434\u043e\u0432\u0435\u0440\u0438\u044f, \u043a\u043e\u043c\u0444\u043e\u0440\u0442\u0430 \u0438 \u043f\u043e\u043a\u043e\u044f, \u0433\u0434\u0435 \u043a\u0430\u0436\u0434\u044b\u0439 \u043a\u043b\u0438\u0435\u043d\u0442 \u0447\u0443\u0432\u0441\u0442\u0432\u0443\u0435\u0442 \u0441\u0435\u0431\u044f \u043f\u043e-\u043d\u0430\u0441\u0442\u043e\u044f\u0449\u0435\u043c\u0443 \u0437\u0430\u0431\u043e\u0442\u043b\u0438\u0432\u043e \u043e\u0431\u0441\u043b\u0443\u0436\u0435\u043d\u043d\u044b\u043c. \u041c\u043e\u044f \u0446\u0435\u043b\u044c \u2014 \u043d\u0435 \u043f\u0440\u043e\u0441\u0442\u043e \u043f\u0440\u043e\u0432\u0435\u0441\u0442\u0438 \u043f\u0440\u043e\u0446\u0435\u0434\u0443\u0440\u0443, \u0430 \u043f\u043e\u043d\u044f\u0442\u044c \u0438\u0441\u0442\u0438\u043d\u043d\u044b\u0435 \u043f\u043e\u0442\u0440\u0435\u0431\u043d\u043e\u0441\u0442\u0438 \u043a\u0430\u0436\u0434\u043e\u0433\u043e \u0447\u0435\u043b\u043e\u0432\u0435\u043a\u0430 \u0438 \u043f\u0440\u0435\u0434\u043b\u043e\u0436\u0438\u0442\u044c \u0431\u0435\u0437\u043e\u043f\u0430\u0441\u043d\u044b\u0435, \u044d\u0444\u0444\u0435\u043a\u0442\u0438\u0432\u043d\u044b\u0435 \u0440\u0435\u0448\u0435\u043d\u0438\u044f, \u043a\u043e\u0442\u043e\u0440\u044b\u0435 \u043f\u0440\u0438\u043d\u043e\u0441\u044f\u0442 \u0440\u0435\u0430\u043b\u044c\u043d\u044b\u0435 \u0440\u0435\u0437\u0443\u043b\u044c\u0442\u0430\u0442\u044b \u0438 \u043f\u043e\u043b\u043e\u0436\u0438\u0442\u0435\u043b\u044c\u043d\u044b\u0435 \u0438\u0437\u043c\u0435\u043d\u0435\u043d\u0438\u044f.<\/span><\/div>\t\t\t\t<\/div>\n\t\t\t\t<\/div>\n\t\t\t\t\t<\/div>\n\t\t<\/div>\n\t\t\t\t\t<\/div>\n\t\t<\/section>\n\t\t\t\t\t<\/div>\n\t\t<\/div>\n\t\t\t\t\t<\/div>\n\t\t<\/section>\n\t\t\t\t<section class=\"elementor-section elementor-top-section elementor-element elementor-element-d5aa12f h-banner-1 elementor-section-boxed elementor-section-height-default elementor-section-height-default\" data-id=\"d5aa12f\" data-element_type=\"section\" data-e-type=\"section\" data-settings=\"{&quot;background_background&quot;:&quot;classic&quot;}\">\n\t\t\t\t\t\t<div class=\"elementor-container elementor-column-gap-no\">\n\t\t\t\t\t<div class=\"elementor-column elementor-col-50 elementor-top-column elementor-element elementor-element-b62dc98 h-banner-1__column-left\" data-id=\"b62dc98\" data-element_type=\"column\" data-e-type=\"column\" data-settings=\"{&quot;background_background&quot;:&quot;classic&quot;}\">\n\t\t\t<div class=\"elementor-widget-wrap\">\n\t\t\t\t\t\t\t<\/div>\n\t\t<\/div>\n\t\t\t\t<div class=\"elementor-column elementor-col-50 elementor-top-column elementor-element elementor-element-c6794bc\" data-id=\"c6794bc\" data-element_type=\"column\" data-e-type=\"column\" data-settings=\"{&quot;background_background&quot;:&quot;classic&quot;}\">\n\t\t\t<div class=\"elementor-widget-wrap elementor-element-populated\">\n\t\t\t\t\t\t<div class=\"elementor-element elementor-element-c2649d2 elementor-widget elementor-widget-ideapark-heading\" data-id=\"c2649d2\" data-element_type=\"widget\" data-e-type=\"widget\" data-widget_type=\"ideapark-heading.default\">\n\t\t\t\t<div class=\"elementor-widget-container\">\n\t\t\t\t\t<div class=\"c-ip-heading c-ip-heading--small c-ip-heading--center c-ip-heading--bullet-after\"><span class=\"c-ip-heading__inner\">\u041c\u043e\u044f<\/span><\/div>\t\t\t\t<\/div>\n\t\t\t\t<\/div>\n\t\t\t\t<div class=\"elementor-element elementor-element-29ffde5 elementor-widget elementor-widget-ideapark-heading\" data-id=\"29ffde5\" data-element_type=\"widget\" data-e-type=\"widget\" data-widget_type=\"ideapark-heading.default\">\n\t\t\t\t<div class=\"elementor-widget-container\">\n\t\t\t\t\t<div class=\"c-ip-heading c-ip-heading--medium c-ip-heading--center c-ip-heading--bullet-hide\"><span class=\"c-ip-heading__inner\">\u041c\u0438\u0441\u0441\u0438\u044f<\/span><\/div>\t\t\t\t<\/div>\n\t\t\t\t<\/div>\n\t\t\t\t<div class=\"elementor-element elementor-element-90893ef elementor-widget elementor-widget-ideapark-heading\" data-id=\"90893ef\" data-element_type=\"widget\" data-e-type=\"widget\" data-widget_type=\"ideapark-heading.default\">\n\t\t\t\t<div class=\"elementor-widget-container\">\n\t\t\t\t\t<div class=\"c-ip-heading c-ip-heading--default c-ip-heading--justify c-ip-heading--bullet-hide\"><span class=\"c-ip-heading__inner\">\u042f \u043f\u043e\u0441\u0442\u043e\u044f\u043d\u043d\u043e \u0438\u0437\u0443\u0447\u0430\u044e \u043d\u043e\u0432\u044b\u0435 \u043a\u043e\u0441\u043c\u0435\u0442\u0438\u0447\u0435\u0441\u043a\u0438\u0435 \u043f\u0440\u043e\u0434\u0443\u043a\u0442\u044b \u0438 \u0438\u043d\u0433\u0440\u0435\u0434\u0438\u0435\u043d\u0442\u044b, \u0430 \u0442\u0430\u043a\u0436\u0435 \u0440\u0435\u0433\u0443\u043b\u044f\u0440\u043d\u043e \u043f\u043e\u0441\u0435\u0449\u0430\u044e \u043f\u0440\u043e\u0444\u0435\u0441\u0441\u0438\u043e\u043d\u0430\u043b\u044c\u043d\u044b\u0435 \u0441\u0435\u043c\u0438\u043d\u0430\u0440\u044b \u0438 \u0432\u0435\u0431\u0438\u043d\u0430\u0440\u044b, \u0447\u0442\u043e\u0431\u044b \u043f\u0440\u0435\u0434\u043e\u0441\u0442\u0430\u0432\u043b\u044f\u0442\u044c \u0441\u0432\u043e\u0438\u043c \u043a\u043b\u0438\u0435\u043d\u0442\u0430\u043c \u043b\u0443\u0447\u0448\u0438\u0439 \u0443\u0445\u043e\u0434 \u0438 \u0443\u0432\u0435\u0440\u0435\u043d\u043d\u043e \u043e\u0442\u0432\u0435\u0447\u0430\u0442\u044c \u043d\u0430 \u0438\u0445 \u0432\u043e\u043f\u0440\u043e\u0441\u044b.<br \/>\n<br \/>\n\u0414\u043b\u044f \u043c\u0435\u043d\u044f \u0432\u0430\u0436\u043d\u043e \u0432\u044b\u0441\u043b\u0443\u0448\u0430\u0442\u044c \u0438 \u043f\u043e\u043d\u044f\u0442\u044c \u043a\u0430\u0436\u0434\u043e\u0433\u043e \u043a\u043b\u0438\u0435\u043d\u0442\u0430, \u0441\u043e\u0437\u0434\u0430\u0432\u0430\u044f \u0441\u043f\u043e\u043a\u043e\u0439\u043d\u0443\u044e \u0430\u0442\u043c\u043e\u0441\u0444\u0435\u0440\u0443 \u0431\u0435\u0437 \u043b\u0438\u0448\u043d\u0438\u0445 \u0440\u0430\u0437\u0433\u043e\u0432\u043e\u0440\u043e\u0432, \u0433\u0434\u0435 \u043e\u043d \u043c\u043e\u0436\u0435\u0442 \u043f\u043e\u043b\u043d\u043e\u0441\u0442\u044c\u044e \u0440\u0430\u0441\u0441\u043b\u0430\u0431\u0438\u0442\u044c\u0441\u044f \u0438 \u0447\u0443\u0432\u0441\u0442\u0432\u043e\u0432\u0430\u0442\u044c \u0441\u0435\u0431\u044f \u043a\u043e\u043c\u0444\u043e\u0440\u0442\u043d\u043e. \u042f \u0441\u0442\u0440\u043e\u0433\u043e \u0441\u043e\u0431\u043b\u044e\u0434\u0430\u044e \u043a\u043e\u043d\u0444\u0438\u0434\u0435\u043d\u0446\u0438\u0430\u043b\u044c\u043d\u043e\u0441\u0442\u044c \u0438 \u043d\u0438\u043a\u043e\u0433\u0434\u0430 \u043d\u0435 \u0437\u0430\u0434\u0430\u044e \u043b\u0438\u0447\u043d\u044b\u0435 \u0432\u043e\u043f\u0440\u043e\u0441\u044b.<br \/>\n<br \/>\n\u041a\u0430\u0436\u0434\u043e\u043c\u0443 \u043a\u043b\u0438\u0435\u043d\u0442\u0443 \u044f \u0443\u0434\u0435\u043b\u044f\u044e \u0434\u043e\u0441\u0442\u0430\u0442\u043e\u0447\u043d\u043e \u0432\u0440\u0435\u043c\u0435\u043d\u0438, \u0440\u0430\u0431\u043e\u0442\u0430\u044e \u0431\u0435\u0437 \u0441\u043f\u0435\u0448\u043a\u0438 \u0438 \u0441 \u043f\u043e\u043b\u043d\u044b\u043c \u0432\u043d\u0438\u043c\u0430\u043d\u0438\u0435\u043c \u043a \u0434\u0435\u0442\u0430\u043b\u044f\u043c. \u041f\u0435\u0440\u0435\u0434 \u043b\u044e\u0431\u043e\u0439 \u043f\u0440\u043e\u0446\u0435\u0434\u0443\u0440\u043e\u0439 \u044f \u0442\u0449\u0430\u0442\u0435\u043b\u044c\u043d\u043e \u043e\u0431\u0441\u0443\u0436\u0434\u0430\u044e \u0432\u0441\u0435 \u0430\u0441\u043f\u0435\u043a\u0442\u044b \u0438, \u043f\u0440\u0438 \u043d\u0435\u043e\u0431\u0445\u043e\u0434\u0438\u043c\u043e\u0441\u0442\u0438, \u043f\u0440\u0435\u0434\u043b\u0430\u0433\u0430\u044e \u0431\u043e\u043b\u0435\u0435 \u0431\u0435\u0437\u043e\u043f\u0430\u0441\u043d\u044b\u0435 \u0430\u043b\u044c\u0442\u0435\u0440\u043d\u0430\u0442\u0438\u0432\u044b \u2014 \u043c\u043e\u044f \u043f\u0440\u0438\u043e\u0440\u0438\u0442\u0435\u0442\u043d\u0430\u044f \u0437\u0430\u0434\u0430\u0447\u0430 \u0432\u0441\u0435\u0433\u0434\u0430 \u0437\u0430\u043a\u043b\u044e\u0447\u0430\u0435\u0442\u0441\u044f \u0432 \u0431\u043b\u0430\u0433\u043e\u043f\u043e\u043b\u0443\u0447\u0438\u0438 \u043a\u043b\u0438\u0435\u043d\u0442\u0430.<\/span><\/div>\t\t\t\t<\/div>\n\t\t\t\t<\/div>\n\t\t\t\t\t<\/div>\n\t\t<\/div>\n\t\t\t\t\t<\/div>\n\t\t<\/section>\n\t\t\t\t<section class=\"elementor-section elementor-top-section elementor-element elementor-element-542f32c elementor-section-full_width elementor-section-height-default elementor-section-height-default\" data-id=\"542f32c\" data-element_type=\"section\" data-e-type=\"section\" data-settings=\"{&quot;background_background&quot;:&quot;classic&quot;}\">\n\t\t\t\t\t\t<div class=\"elementor-container elementor-column-gap-no\">\n\t\t\t\t\t<div class=\"elementor-column elementor-col-100 elementor-top-column elementor-element elementor-element-de2cdd8\" data-id=\"de2cdd8\" data-element_type=\"column\" data-e-type=\"column\">\n\t\t\t<div class=\"elementor-widget-wrap elementor-element-populated\">\n\t\t\t\t\t\t<div class=\"elementor-element elementor-element-5254ab8 elementor-absolute elementor-widget__width-auto elementor-widget elementor-widget-image\" data-id=\"5254ab8\" data-element_type=\"widget\" data-e-type=\"widget\" data-settings=\"{&quot;_position&quot;:&quot;absolute&quot;}\" data-widget_type=\"image.default\">\n\t\t\t\t<div class=\"elementor-widget-container\">\n\t\t\t\t\t\t\t\t\t\t\t\t\t\t\t<img fetchpriority=\"high\" decoding=\"async\" width=\"341\" height=\"246\" src=\"https:\/\/margus.lv\/wp-content\/uploads\/2020\/10\/luchiana-2242231634.png\" class=\"attachment-full size-full wp-image-240\" alt=\"\" srcset=\"https:\/\/margus.lv\/wp-content\/uploads\/2020\/10\/luchiana-2242231634.png 341w, https:\/\/margus.lv\/wp-content\/uploads\/2020\/10\/luchiana-2242231634-201x145.png 201w\" sizes=\"(max-width: 341px) 100vw, 341px\" \/>\t\t\t\t\t\t\t\t\t\t\t\t\t\t\t<\/div>\n\t\t\t\t<\/div>\n\t\t\t\t<div class=\"elementor-element elementor-element-5a826ba elementor-widget elementor-widget-ideapark-icon-list-1\" data-id=\"5a826ba\" data-element_type=\"widget\" data-e-type=\"widget\" data-widget_type=\"ideapark-icon-list-1.default\">\n\t\t\t\t<div class=\"elementor-widget-container\">\n\t\t\t\t\t\t\t<div class=\"c-ip-icon-list-1\">\n\t\t\t<ul class=\"c-ip-icon-list-1__list\">\n\t\t\t\t\t\t\t\t\t\t\t\t\t\t<li class=\"c-ip-icon-list-1__item\">\n\t\t\t\t\t\t\t\t\t\t\t\t\t<svg aria-hidden=\"true\" class=\"c-ip-icon-list-1__icon e-font-icon-svg e-far-smile-beam\" viewbox=\"0 0 496 512\" xmlns=\"http:\/\/www.w3.org\/2000\/svg\"><path d=\"M248 8C111 8 0 119 0 256s111 248 248 248 248-111 248-248S385 8 248 8zm0 448c-110.3 0-200-89.7-200-200S137.7 56 248 56s200 89.7 200 200-89.7 200-200 200zm84-143.4c-20.8 25-51.5 39.4-84 39.4s-63.2-14.3-84-39.4c-8.5-10.2-23.6-11.5-33.8-3.1-10.2 8.5-11.5 23.6-3.1 33.8 30 36 74.1 56.6 120.9 56.6s90.9-20.6 120.9-56.6c8.5-10.2 7.1-25.3-3.1-33.8-10.2-8.4-25.3-7.1-33.8 3.1zM136.5 211c7.7-13.7 19.2-21.6 31.5-21.6s23.8 7.9 31.5 21.6l9.5 17c2.1 3.7 6.2 4.7 9.3 3.7 3.6-1.1 6-4.5 5.7-8.3-3.3-42.1-32.2-71.4-56-71.4s-52.7 29.3-56 71.4c-.3 3.7 2.1 7.2 5.7 8.3 3.4 1.1 7.4-.5 9.3-3.7l9.5-17zM328 152c-23.8 0-52.7 29.3-56 71.4-.3 3.7 2.1 7.2 5.7 8.3 3.5 1.1 7.4-.5 9.3-3.7l9.5-17c7.7-13.7 19.2-21.6 31.5-21.6s23.8 7.9 31.5 21.6l9.5 17c2.1 3.7 6.2 4.7 9.3 3.7 3.6-1.1 6-4.5 5.7-8.3-3.3-42.1-32.2-71.4-56-71.4z\"><\/path><\/svg>\t\t\t\t\t\t\t\t\t\t\t\t\t\t\t\t\t\t\t<div class=\"c-ip-icon-list-1__title\">\u0422\u043e\u043b\u044c\u043a\u043e \u0438\u043d\u0434\u0438\u0432\u0438\u0434\u0443\u0430\u043b\u044c\u043d\u044b\u0439 \u043f\u043e\u0434\u0445\u043e\u0434<\/div>\n\t\t\t\t\t\t\t<i class=\"ip-romb c-ip-icon-list-1__romb\"><\/i>\n\t\t\t\t\t\t\t\t\t\t\t\t\t\t\t\t\t\t\t<div class=\"c-ip-icon-list-1__description\">\u041d\u0435\u0442 \u0435\u0434\u0438\u043d\u043e\u0439 \u0444\u043e\u0440\u043c\u0443\u043b\u044b \u043a\u0440\u0430\u0441\u043e\u0442\u044b, \u043f\u043e\u044d\u0442\u043e\u043c\u0443 \u0434\u043b\u044f \u043a\u0430\u0436\u0434\u043e\u0433\u043e \u044f \u0440\u0430\u0437\u0440\u0430\u0431\u0430\u0442\u044b\u0432\u0430\u044e \u0441\u043f\u0435\u0446\u0438\u0430\u043b\u044c\u043d\u043e \u0430\u0434\u0430\u043f\u0442\u0438\u0440\u043e\u0432\u0430\u043d\u043d\u043e\u0435 \u0440\u0435\u0448\u0435\u043d\u0438\u0435<\/div>\n\t\t\t\t\t\t\n\t\t\t\t\t\t\t\t\t\t\t\t\t\t\t\t\t<\/li>\n\t\t\t\t\t\t\t\t\t\t\t\t\t\t<li class=\"c-ip-icon-list-1__item\">\n\t\t\t\t\t\t\t\t\t\t\t\t\t<svg aria-hidden=\"true\" class=\"c-ip-icon-list-1__icon e-font-icon-svg e-fas-book-open\" viewbox=\"0 0 576 512\" xmlns=\"http:\/\/www.w3.org\/2000\/svg\"><path d=\"M542.22 32.05c-54.8 3.11-163.72 14.43-230.96 55.59-4.64 2.84-7.27 7.89-7.27 13.17v363.87c0 11.55 12.63 18.85 23.28 13.49 69.18-34.82 169.23-44.32 218.7-46.92 16.89-.89 30.02-14.43 30.02-30.66V62.75c.01-17.71-15.35-31.74-33.77-30.7zM264.73 87.64C197.5 46.48 88.58 35.17 33.78 32.05 15.36 31.01 0 45.04 0 62.75V400.6c0 16.24 13.13 29.78 30.02 30.66 49.49 2.6 149.59 12.11 218.77 46.95 10.62 5.35 23.21-1.94 23.21-13.46V100.63c0-5.29-2.62-10.14-7.27-12.99z\"><\/path><\/svg>\t\t\t\t\t\t\t\t\t\t\t\t\t\t\t\t\t\t\t<div class=\"c-ip-icon-list-1__title\">\u041f\u0440\u043e\u0444\u0435\u0441\u0441\u0438\u043e\u043d\u0430\u043b\u044c\u043d\u044b\u0435 \u0437\u043d\u0430\u043d\u0438\u044f<\/div>\n\t\t\t\t\t\t\t<i class=\"ip-romb c-ip-icon-list-1__romb\"><\/i>\n\t\t\t\t\t\t\t\t\t\t\t\t\t\t\t\t\t\t\t<div class=\"c-ip-icon-list-1__description\">\u0420\u0435\u0433\u0443\u043b\u044f\u0440\u043d\u043e \u043f\u043e\u043f\u043e\u043b\u043d\u044f\u044e \u0441\u0432\u043e\u0438 \u0437\u043d\u0430\u043d\u0438\u044f \u043d\u0430 \u0441\u0435\u043c\u0438\u043d\u0430\u0440\u0430\u0445 \u0438 \u043e\u0431\u0443\u0447\u0435\u043d\u0438\u044f\u0445, \u0447\u0442\u043e\u0431\u044b \u043f\u0440\u0435\u0434\u043b\u0430\u0433\u0430\u0442\u044c \u043a\u043b\u0438\u0435\u043d\u0442\u0430\u043c \u0442\u043e\u043b\u044c\u043a\u043e \u0441\u0430\u043c\u044b\u0435 \u0441\u043e\u0432\u0440\u0435\u043c\u0435\u043d\u043d\u044b\u0435 \u0438 \u044d\u0444\u0444\u0435\u043a\u0442\u0438\u0432\u043d\u044b\u0435 \u0440\u0435\u0448\u0435\u043d\u0438\u044f<\/div>\n\t\t\t\t\t\t\n\t\t\t\t\t\t\t\t\t\t\t\t\t\t\t\t\t<\/li>\n\t\t\t\t\t\t\t\t\t\t\t\t\t\t<li class=\"c-ip-icon-list-1__item\">\n\t\t\t\t\t\t\t\t\t\t\t\t\t<svg aria-hidden=\"true\" class=\"c-ip-icon-list-1__icon e-font-icon-svg e-fas-globe-americas\" viewbox=\"0 0 496 512\" xmlns=\"http:\/\/www.w3.org\/2000\/svg\"><path d=\"M248 8C111.03 8 0 119.03 0 256s111.03 248 248 248 248-111.03 248-248S384.97 8 248 8zm82.29 357.6c-3.9 3.88-7.99 7.95-11.31 11.28-2.99 3-5.1 6.7-6.17 10.71-1.51 5.66-2.73 11.38-4.77 16.87l-17.39 46.85c-13.76 3-28 4.69-42.65 4.69v-27.38c1.69-12.62-7.64-36.26-22.63-51.25-6-6-9.37-14.14-9.37-22.63v-32.01c0-11.64-6.27-22.34-16.46-27.97-14.37-7.95-34.81-19.06-48.81-26.11-11.48-5.78-22.1-13.14-31.65-21.75l-.8-.72a114.792 114.792 0 0 1-18.06-20.74c-9.38-13.77-24.66-36.42-34.59-51.14 20.47-45.5 57.36-82.04 103.2-101.89l24.01 12.01C203.48 89.74 216 82.01 216 70.11v-11.3c7.99-1.29 16.12-2.11 24.39-2.42l28.3 28.3c6.25 6.25 6.25 16.38 0 22.63L264 112l-10.34 10.34c-3.12 3.12-3.12 8.19 0 11.31l4.69 4.69c3.12 3.12 3.12 8.19 0 11.31l-8 8a8.008 8.008 0 0 1-5.66 2.34h-8.99c-2.08 0-4.08.81-5.58 2.27l-9.92 9.65a8.008 8.008 0 0 0-1.58 9.31l15.59 31.19c2.66 5.32-1.21 11.58-7.15 11.58h-5.64c-1.93 0-3.79-.7-5.24-1.96l-9.28-8.06a16.017 16.017 0 0 0-15.55-3.1l-31.17 10.39a11.95 11.95 0 0 0-8.17 11.34c0 4.53 2.56 8.66 6.61 10.69l11.08 5.54c9.41 4.71 19.79 7.16 30.31 7.16s22.59 27.29 32 32h66.75c8.49 0 16.62 3.37 22.63 9.37l13.69 13.69a30.503 30.503 0 0 1 8.93 21.57 46.536 46.536 0 0 1-13.72 32.98zM417 274.25c-5.79-1.45-10.84-5-14.15-9.97l-17.98-26.97a23.97 23.97 0 0 1 0-26.62l19.59-29.38c2.32-3.47 5.5-6.29 9.24-8.15l12.98-6.49C440.2 193.59 448 223.87 448 256c0 8.67-.74 17.16-1.82 25.54L417 274.25z\"><\/path><\/svg>\t\t\t\t\t\t\t\t\t\t\t\t\t\t\t\t\t\t\t<div class=\"c-ip-icon-list-1__title\">\u041a\u043e\u0441\u043c\u0435\u0442\u0438\u043a\u0430 \u0432\u044b\u0441\u043e\u043a\u043e\u0433\u043e \u043a\u0430\u0447\u0435\u0441\u0442\u0432\u0430<\/div>\n\t\t\t\t\t\t\t<i class=\"ip-romb c-ip-icon-list-1__romb\"><\/i>\n\t\t\t\t\t\t\t\t\t\t\t\t\t\t\t\t\t\t\t<div class=\"c-ip-icon-list-1__description\">\u042f \u0440\u0430\u0431\u043e\u0442\u0430\u044e \u0442\u043e\u043b\u044c\u043a\u043e \u0441 \u043f\u0440\u043e\u0432\u0435\u0440\u0435\u043d\u043d\u044b\u043c\u0438, \u043f\u0440\u043e\u0444\u0435\u0441\u0441\u0438\u043e\u043d\u0430\u043b\u044c\u043d\u044b\u043c\u0438 \u0438 \u0431\u0435\u0437\u043e\u043f\u0430\u0441\u043d\u044b\u043c\u0438 \u043f\u0440\u043e\u0434\u0443\u043a\u0442\u0430\u043c\u0438, \u043a\u043e\u0442\u043e\u0440\u044b\u0435 \u0434\u0430\u044e\u0442 \u0437\u0430\u043c\u0435\u0442\u043d\u044b\u0435 \u0440\u0435\u0437\u0443\u043b\u044c\u0442\u0430\u0442\u044b<\/div>\n\t\t\t\t\t\t\n\t\t\t\t\t\t\t\t\t\t\t\t\t\t\t\t\t<\/li>\n\t\t\t\t\t\t\t<\/ul>\n\t\t<\/div>\n\t\t\t\t\t\t<\/div>\n\t\t\t\t<\/div>\n\t\t\t\t\t<\/div>\n\t\t<\/div>\n\t\t\t\t\t<\/div>\n\t\t<\/section>\n\t\t\t\t<\/div>","protected":false},"excerpt":{"rendered":"<p>Maria Guselnikova Es v\u0113los pal\u012bdz\u0113t Tev justies p\u0101rliecin\u0101ti un \u0113rti sav\u0101 \u0101d\u0101. Mans uzdevums ir sniegt individu\u0101lu apr\u016bpi, balstoties uz profesion\u0101l\u0101m zin\u0101\u0161an\u0101m&hellip;<\/p>","protected":false},"author":1,"featured_media":0,"parent":0,"menu_order":0,"comment_status":"closed","ping_status":"closed","template":"elementor_header_footer","meta":{"footnotes":""},"class_list":["post-3329","page","type-page","status-publish","hentry"],"_hostinger_reach_plugin_has_subscription_block":false,"_hostinger_reach_plugin_is_elementor":false,"_links":{"self":[{"href":"https:\/\/margus.lv\/ru\/wp-json\/wp\/v2\/pages\/3329","targetHints":{"allow":["GET"]}}],"collection":[{"href":"https:\/\/margus.lv\/ru\/wp-json\/wp\/v2\/pages"}],"about":[{"href":"https:\/\/margus.lv\/ru\/wp-json\/wp\/v2\/types\/page"}],"author":[{"embeddable":true,"href":"https:\/\/margus.lv\/ru\/wp-json\/wp\/v2\/users\/1"}],"replies":[{"embeddable":true,"href":"https:\/\/margus.lv\/ru\/wp-json\/wp\/v2\/comments?post=3329"}],"version-history":[{"count":33,"href":"https:\/\/margus.lv\/ru\/wp-json\/wp\/v2\/pages\/3329\/revisions"}],"predecessor-version":[{"id":4271,"href":"https:\/\/margus.lv\/ru\/wp-json\/wp\/v2\/pages\/3329\/revisions\/4271"}],"wp:attachment":[{"href":"https:\/\/margus.lv\/ru\/wp-json\/wp\/v2\/media?parent=3329"}],"curies":[{"name":"wp","href":"https:\/\/api.w.org\/{rel}","templated":true}]}}