{"id":179,"date":"2020-10-21T08:35:42","date_gmt":"2020-10-21T05:35:42","guid":{"rendered":"https:\/\/margus.lv\/faq\/"},"modified":"2025-09-07T21:14:19","modified_gmt":"2025-09-07T18:14:19","slug":"faq","status":"publish","type":"page","link":"https:\/\/margus.lv\/ru\/faq\/","title":{"rendered":"\u0427\u0410\u0412\u041e"},"content":{"rendered":"<div data-elementor-type=\"wp-page\" data-elementor-id=\"179\" class=\"elementor elementor-179\">\n\t\t\t\t\t\t<section class=\"elementor-section elementor-top-section elementor-element elementor-element-51cc69c elementor-section-full_width elementor-section-height-default elementor-section-height-default\" data-id=\"51cc69c\" data-element_type=\"section\" data-e-type=\"section\">\n\t\t\t\t\t\t<div class=\"elementor-container elementor-column-gap-no\">\n\t\t\t\t\t<div class=\"elementor-column elementor-col-100 elementor-top-column elementor-element elementor-element-d3159a6\" data-id=\"d3159a6\" data-element_type=\"column\" data-e-type=\"column\">\n\t\t\t<div class=\"elementor-widget-wrap elementor-element-populated\">\n\t\t\t\t\t\t<div class=\"elementor-element elementor-element-d04350a elementor-widget elementor-widget-ideapark-page-header\" data-id=\"d04350a\" data-element_type=\"widget\" data-e-type=\"widget\" data-widget_type=\"ideapark-page-header.default\">\n\t\t\t\t<div class=\"elementor-widget-container\">\n\t\t\t\t\t\t<header\n\t\tclass=\"l-section c-page-header c-page-header--header-type-4 c-page-header--default c-page-header--low\"\n\t\t>\n\n\t\t\t\t\t<div class=\"c-page-header__wrap\">\n\t\t\t\t\t\t\t\t\t<h1 class=\"c-page-header__title\">Bie\u017e\u0101k uzdotie jaut\u0101jumi<\/h1>\n\t\t\t\t\t\t\t<\/div>\n\t\t\t\t\t\t\t<div class=\"c-page-header__spacer\"><\/div>\n\t\t\t<\/header>\n\t\t\t\t<\/div>\n\t\t\t\t<\/div>\n\t\t\t\t\t<\/div>\n\t\t<\/div>\n\t\t\t\t\t<\/div>\n\t\t<\/section>\n\t\t\t\t<section class=\"elementor-section elementor-top-section elementor-element elementor-element-1617f7b elementor-section-boxed elementor-section-height-default elementor-section-height-default\" data-id=\"1617f7b\" data-element_type=\"section\" data-e-type=\"section\">\n\t\t\t\t\t\t<div class=\"elementor-container elementor-column-gap-no\">\n\t\t\t\t\t<div class=\"elementor-column elementor-col-100 elementor-top-column elementor-element elementor-element-bc288d3\" data-id=\"bc288d3\" data-element_type=\"column\" data-e-type=\"column\">\n\t\t\t<div class=\"elementor-widget-wrap elementor-element-populated\">\n\t\t\t\t\t\t<div class=\"elementor-element elementor-element-450377d elementor-widget elementor-widget-ideapark-accordion\" data-id=\"450377d\" data-element_type=\"widget\" data-e-type=\"widget\" data-widget_type=\"ideapark-accordion.default\">\n\t\t\t\t<div class=\"elementor-widget-container\">\n\t\t\t\t\t\t\t<div class=\"c-ip-accordion\">\n\t\t\t<div class=\"c-ip-accordion__wrap c-ip-accordion__wrap--layout-1\">\n\t\t\t\t<div class=\"c-ip-accordion__list c-ip-accordion__list--layout-1\">\n\t\t\t\t\t\t\t\t\t\t<div class=\"c-ip-accordion__item c-ip-accordion__item--layout-1\">\n\t\t\t\t\t\t<a class=\"c-ip-accordion__header c-ip-accordion__header--layout-1 js-accordion-title\" href=\"\" onclick=\"return false;\">Apmaksas veidi<i class=\"ip-right c-ip-accordion__arrow c-ip-accordion__arrow--layout-1\"><\/i><\/a>\t\t\t\t\t\t<div class=\"c-ip-accordion__content c-ip-accordion__content--layout-1\"><div class=\"elementor-element elementor-element-4324cfb e-flex e-con-boxed e-con e-parent e-lazyloaded\" data-id=\"4324cfb\" data-element_type=\"container\"><div class=\"e-con-inner\"><div class=\"elementor-element elementor-element-f07113b elementor-widget elementor-widget-heading\" data-id=\"f07113b\" data-element_type=\"widget\" data-widget_type=\"heading.default\"><div class=\"elementor-widget-container\"><h2 class=\"elementor-heading-title elementor-size-default\">Apmaksa<\/h2><\/div><\/div><\/div><\/div><div class=\"elementor-element elementor-element-4f8ce9a e-flex e-con-boxed e-con e-parent e-lazyloaded\" data-id=\"4f8ce9a\" data-element_type=\"container\"><div class=\"e-con-inner\"><div class=\"elementor-element elementor-element-99353a4 e-con-full e-flex e-con e-parent e-lazyloaded\" data-id=\"99353a4\" data-element_type=\"container\"><div class=\"elementor-element elementor-element-6b03577 elementor-widget elementor-widget-text-editor\" data-id=\"6b03577\" data-element_type=\"widget\" data-widget_type=\"text-editor.default\"><div class=\"elementor-widget-container\"><p><span data-sheets-value=\"{&quot;1&quot;:2,&quot;2&quot;:&quot;Image Skincare Latvija e-veikal\u0101 ir pieejamas \u0161\u0101das maks\u0101jumu metodes:&quot;}\" data-sheets-userformat=\"{&quot;2&quot;:14915,&quot;3&quot;:{&quot;1&quot;:0},&quot;4&quot;:{&quot;1&quot;:2,&quot;2&quot;:16777215},&quot;9&quot;:0,&quot;12&quot;:0,&quot;14&quot;:{&quot;1&quot;:2,&quot;2&quot;:8026746},&quot;15&quot;:&quot;\\&quot;Noto Serif\\&quot;, sans-serif&quot;,&quot;16&quot;:11}\">Margus.lv e-veikal\u0101 ir pieejamas \u0161\u0101das maks\u0101jumu metodes:<\/span><\/p><\/div><\/div><\/div><\/div><\/div><div class=\"elementor-element elementor-element-521e434 e-flex e-con-boxed e-con e-parent e-lazyloaded\" data-id=\"521e434\" data-element_type=\"container\"><div class=\"e-con-inner\"><div class=\"elementor-element elementor-element-37d7d01 e-con-full e-flex e-con e-parent e-lazyloaded\" data-id=\"37d7d01\" data-element_type=\"container\"><div class=\"elementor-element elementor-element-c780394 elementor-widget elementor-widget-text-editor\" data-id=\"c780394\" data-element_type=\"widget\" data-widget_type=\"text-editor.default\"><div class=\"elementor-widget-container\"><p><strong>Izmantojot bankas saiti<\/strong><\/p><p>Maks\u0101jumus apstr\u0101d\u0101 AS Maksekeskus. Maks\u0101jums tiek veikts \u0101rpus e-veikala \u2013 nor\u0113\u0137inoties ar bankas saiti attiec\u012bg\u0101s bankas dro\u0161\u0101 vid\u0113. Izmantojot \u0161o maks\u0101juma veidu, klienti var nor\u0113\u0137in\u0101ties ar Swedbank, SEB, Citadele un Luminor bankas sait\u0113m. P\u0101rdev\u0113jam nav piek\u013cuves klienta bankas un kred\u012btkartes datiem. L\u012bgums st\u0101jas sp\u0113k\u0101, sa\u0146emot p\u0101rdev\u0113ja nor\u0113\u0137inu kont\u0101 pien\u0101ko\u0161os summu.<\/p><\/div><\/div><\/div><\/div><\/div><div class=\"elementor-element elementor-element-862c46e e-flex e-con-boxed e-con e-parent e-lazyloaded\" data-id=\"862c46e\" data-element_type=\"container\"><div class=\"e-con-inner\"><div class=\"elementor-element elementor-element-8181846 elementor-widget elementor-widget-image\" data-id=\"8181846\" data-element_type=\"widget\" data-widget_type=\"image.default\"><div class=\"elementor-widget-container\"><img decoding=\"async\" class=\"attachment-large size-large wp-image-20663\" src=\"https:\/\/imageskincare.lv\/wp-content\/uploads\/2021\/11\/seb.png\" sizes=\"(max-width: 176px) 100vw, 176px\" srcset=\"https:\/\/imageskincare.lv\/wp-content\/uploads\/2021\/11\/seb.png 176w, https:\/\/imageskincare.lv\/wp-content\/uploads\/2021\/11\/seb-150x53.png 150w\" alt=\"\" width=\"176\" height=\"62\" \/><\/div><\/div><div class=\"elementor-element elementor-element-9143fd8 elementor-widget elementor-widget-image\" data-id=\"9143fd8\" data-element_type=\"widget\" data-widget_type=\"image.default\"><div class=\"elementor-widget-container\"><img decoding=\"async\" class=\"attachment-large size-large wp-image-20666\" src=\"https:\/\/imageskincare.lv\/wp-content\/uploads\/2021\/11\/swedbank.png\" sizes=\"(max-width: 176px) 100vw, 176px\" srcset=\"https:\/\/imageskincare.lv\/wp-content\/uploads\/2021\/11\/swedbank.png 176w, https:\/\/imageskincare.lv\/wp-content\/uploads\/2021\/11\/swedbank-150x53.png 150w\" alt=\"\" width=\"176\" height=\"62\" \/><\/div><\/div><div class=\"elementor-element elementor-element-87fbbd2 elementor-widget elementor-widget-image\" data-id=\"87fbbd2\" data-element_type=\"widget\" data-widget_type=\"image.default\"><div class=\"elementor-widget-container\"><img decoding=\"async\" class=\"attachment-large size-large wp-image-20650\" src=\"https:\/\/imageskincare.lv\/wp-content\/uploads\/2021\/11\/luminor.png\" sizes=\"(max-width: 176px) 100vw, 176px\" srcset=\"https:\/\/imageskincare.lv\/wp-content\/uploads\/2021\/11\/luminor.png 176w, https:\/\/imageskincare.lv\/wp-content\/uploads\/2021\/11\/luminor-150x53.png 150w\" alt=\"\" width=\"176\" height=\"62\" \/><\/div><\/div><div class=\"elementor-element elementor-element-6ee3d42 elementor-widget elementor-widget-image\" data-id=\"6ee3d42\" data-element_type=\"widget\" data-widget_type=\"image.default\"><div class=\"elementor-widget-container\"><img loading=\"lazy\" decoding=\"async\" class=\"attachment-large size-large wp-image-20654\" src=\"https:\/\/imageskincare.lv\/wp-content\/uploads\/2021\/11\/citadele.png\" sizes=\"(max-width: 176px) 100vw, 176px\" srcset=\"https:\/\/imageskincare.lv\/wp-content\/uploads\/2021\/11\/citadele.png 176w, https:\/\/imageskincare.lv\/wp-content\/uploads\/2021\/11\/citadele-150x53.png 150w\" alt=\"\" width=\"176\" height=\"62\" \/><\/div><\/div><\/div><\/div><div class=\"elementor-element elementor-element-5ef5940 e-flex e-con-boxed e-con e-parent e-lazyloaded\" data-id=\"5ef5940\" data-element_type=\"container\"><div class=\"e-con-inner\"><div class=\"elementor-element elementor-element-5c70895 e-con-full e-flex e-con e-parent e-lazyloaded\" data-id=\"5c70895\" data-element_type=\"container\"><div class=\"elementor-element elementor-element-3b54de7 elementor-widget elementor-widget-text-editor\" data-id=\"3b54de7\" data-element_type=\"widget\" data-widget_type=\"text-editor.default\"><div class=\"elementor-widget-container\"><p><strong>Ar kred\u012btkarti<\/strong><\/p><p>Maks\u0101jumus apstr\u0101d\u0101 AS Maksekeskus. Maks\u0101jums tiek veikts \u0101rpus e-veikala \u2013 nor\u0113\u0137inoties ar kred\u012btkarti dro\u0161\u0101 AS Maksekeskus vid\u0113. P\u0101rdev\u0113jam nav piek\u013cuves klienta bankas un kred\u012btkartes datiem. L\u012bgums st\u0101jas sp\u0113k\u0101, sa\u0146emot p\u0101rdev\u0113ja nor\u0113\u0137inu kont\u0101 pien\u0101ko\u0161os summu.<\/p><\/div><\/div><\/div><\/div><\/div><div class=\"elementor-element elementor-element-7a77a63 e-flex e-con-boxed e-con e-parent e-lazyloaded\" data-id=\"7a77a63\" data-element_type=\"container\"><div class=\"e-con-inner\"><div class=\"elementor-element elementor-element-ed81b4d elementor-widget elementor-widget-image\" data-id=\"ed81b4d\" data-element_type=\"widget\" data-widget_type=\"image.default\"><div class=\"elementor-widget-container\"><img loading=\"lazy\" decoding=\"async\" class=\"attachment-large size-large wp-image-20675\" src=\"https:\/\/imageskincare.lv\/wp-content\/uploads\/2021\/11\/visa.png\" sizes=\"(max-width: 176px) 100vw, 176px\" srcset=\"https:\/\/imageskincare.lv\/wp-content\/uploads\/2021\/11\/visa.png 176w, https:\/\/imageskincare.lv\/wp-content\/uploads\/2021\/11\/visa-150x53.png 150w\" alt=\"\" width=\"176\" height=\"62\" \/><\/div><\/div><div class=\"elementor-element elementor-element-cf2f684 elementor-widget elementor-widget-image\" data-id=\"cf2f684\" data-element_type=\"widget\" data-widget_type=\"image.default\"><div class=\"elementor-widget-container\"><img loading=\"lazy\" decoding=\"async\" class=\"attachment-large size-large wp-image-20678\" src=\"https:\/\/imageskincare.lv\/wp-content\/uploads\/2021\/11\/mastercard-1.png\" sizes=\"(max-width: 176px) 100vw, 176px\" srcset=\"https:\/\/imageskincare.lv\/wp-content\/uploads\/2021\/11\/mastercard-1.png 176w, https:\/\/imageskincare.lv\/wp-content\/uploads\/2021\/11\/mastercard-1-150x53.png 150w\" alt=\"\" width=\"176\" height=\"62\" \/><\/div><\/div><\/div><\/div><div class=\"elementor-element elementor-element-3c6bc08 e-flex e-con-boxed e-con e-parent e-lazyloaded\" data-id=\"3c6bc08\" data-element_type=\"container\"><div class=\"e-con-inner\"><div class=\"elementor-element elementor-element-ea9d7cb e-con-full e-flex e-con e-parent e-lazyloaded\" data-id=\"ea9d7cb\" data-element_type=\"container\"><div class=\"elementor-element elementor-element-2b4e5ff elementor-widget elementor-widget-text-editor\" data-id=\"2b4e5ff\" data-element_type=\"widget\" data-widget_type=\"text-editor.default\"><div class=\"elementor-widget-container\"><p><strong>Maks\u0101 v\u0113l\u0101k<\/strong><\/p><p>Bigbank AS \u2013 \u013cauj Latvijas klientiem br\u012bvi maks\u0101t procentus un apkalpo\u0161anas maksu 6 m\u0113ne\u0161u laik\u0101 vien\u0101d\u0101s da\u013c\u0101s par pirkumiem no 75 l\u012bdz 1399,99 eiro apm\u0113r\u0101. Izv\u0113loties \u0161o apmaksas metodi pric\u0113js tiek novirz\u012bts uz Bigbank vidi, kur ievadot savu inform\u0101ciju sa\u0146em l\u0113mumu nekav\u0113joties. Parakstot l\u012bgumu ar Smart-ID un p\u0113c veiksm\u012bgas dar\u012bjuma noform\u0113\u0161anas pirc\u0113js tiek novirz\u012bts atpaka\u013c uz interneta veikala pas\u016bt\u012bjuma apstiprin\u0101juma lapu.<\/p><\/div><\/div><\/div><\/div><\/div><div class=\"elementor-element elementor-element-f894ba7 e-flex e-con-boxed e-con e-parent e-lazyloaded\" data-id=\"f894ba7\" data-element_type=\"container\"><div class=\"e-con-inner\"><div class=\"elementor-element elementor-element-e74b977 elementor-widget elementor-widget-image\" data-id=\"e74b977\" data-element_type=\"widget\" data-widget_type=\"image.default\"><div class=\"elementor-widget-container\"><img loading=\"lazy\" decoding=\"async\" class=\"attachment-medium size-medium wp-image-20682\" src=\"https:\/\/imageskincare.lv\/wp-content\/uploads\/2021\/11\/bigbank-300x114.png\" sizes=\"(max-width: 300px) 100vw, 300px\" srcset=\"https:\/\/imageskincare.lv\/wp-content\/uploads\/2021\/11\/bigbank-300x114.png 300w, https:\/\/imageskincare.lv\/wp-content\/uploads\/2021\/11\/bigbank-600x227.png 600w, https:\/\/imageskincare.lv\/wp-content\/uploads\/2021\/11\/bigbank-1024x388.png 1024w, https:\/\/imageskincare.lv\/wp-content\/uploads\/2021\/11\/bigbank-768x291.png 768w, https:\/\/imageskincare.lv\/wp-content\/uploads\/2021\/11\/bigbank-990x375.png 990w, https:\/\/imageskincare.lv\/wp-content\/uploads\/2021\/11\/bigbank-441x167.png 441w, https:\/\/imageskincare.lv\/wp-content\/uploads\/2021\/11\/bigbank-150x57.png 150w, https:\/\/imageskincare.lv\/wp-content\/uploads\/2021\/11\/bigbank.png 1416w\" alt=\"\" width=\"300\" height=\"114\" \/><\/div><\/div><\/div><\/div><\/div>\t\t\t\t\t<\/div>\n\t\t\t\t\t\t\t\t\t\t\t\t\t\t\t<div class=\"c-ip-accordion__item c-ip-accordion__item--layout-1\">\n\t\t\t\t\t\t<a class=\"c-ip-accordion__header c-ip-accordion__header--layout-1 js-accordion-title\" href=\"\" onclick=\"return false;\">Pieg\u0101de<i class=\"ip-right c-ip-accordion__arrow c-ip-accordion__arrow--layout-1\"><\/i><\/a>\t\t\t\t\t\t<div class=\"c-ip-accordion__content c-ip-accordion__content--layout-1\"><div class=\"elementor-element elementor-element-c20346f e-flex e-con-boxed e-con e-parent e-lazyloaded\" data-id=\"c20346f\" data-element_type=\"container\"><div class=\"e-con-inner\"><div class=\"elementor-element elementor-element-1ab838d elementor-widget elementor-widget-heading\" data-id=\"1ab838d\" data-element_type=\"widget\" data-widget_type=\"heading.default\"><div class=\"elementor-widget-container\"><h2 class=\"elementor-heading-title elementor-size-default\">Pre\u010du pieg\u0101de<\/h2><\/div><\/div><\/div><\/div><div class=\"elementor-element elementor-element-4ba5dbc e-flex e-con-boxed e-con e-parent e-lazyloaded\" data-id=\"4ba5dbc\" data-element_type=\"container\"><div class=\"e-con-inner\"><div class=\"elementor-element elementor-element-8129de9 e-con-full e-flex e-con e-parent e-lazyloaded\" data-id=\"8129de9\" data-element_type=\"container\"><div class=\"elementor-element elementor-element-7237bab elementor-widget elementor-widget-image\" data-id=\"7237bab\" data-element_type=\"widget\" data-widget_type=\"image.default\"><div class=\"elementor-widget-container\"><img loading=\"lazy\" decoding=\"async\" class=\"attachment-medium size-medium wp-image-20696\" src=\"https:\/\/imageskincare.lv\/wp-content\/uploads\/2021\/11\/Omniva-logo-300x75.png\" sizes=\"(max-width: 300px) 100vw, 300px\" srcset=\"https:\/\/imageskincare.lv\/wp-content\/uploads\/2021\/11\/Omniva-logo-300x75.png 300w, https:\/\/imageskincare.lv\/wp-content\/uploads\/2021\/11\/Omniva-logo-600x149.png 600w, https:\/\/imageskincare.lv\/wp-content\/uploads\/2021\/11\/Omniva-logo-768x191.png 768w, https:\/\/imageskincare.lv\/wp-content\/uploads\/2021\/11\/Omniva-logo-990x247.png 990w, https:\/\/imageskincare.lv\/wp-content\/uploads\/2021\/11\/Omniva-logo-441x110.png 441w, https:\/\/imageskincare.lv\/wp-content\/uploads\/2021\/11\/Omniva-logo-150x37.png 150w, https:\/\/imageskincare.lv\/wp-content\/uploads\/2021\/11\/Omniva-logo.png 1000w\" alt=\"\" width=\"300\" height=\"75\" \/><\/div><\/div><\/div><\/div><\/div><div class=\"elementor-element elementor-element-a044ba3 e-flex e-con-boxed e-con e-parent e-lazyloaded\" data-id=\"a044ba3\" data-element_type=\"container\"><div class=\"e-con-inner\"><div class=\"elementor-element elementor-element-1f16bcb e-con-full e-flex e-con e-parent e-lazyloaded\" data-id=\"1f16bcb\" data-element_type=\"container\"><div class=\"elementor-element elementor-element-16ea695 elementor-widget elementor-widget-text-editor\" data-id=\"16ea695\" data-element_type=\"widget\" data-widget_type=\"text-editor.default\"><div class=\"elementor-widget-container\"><p><strong>Ominva pakom\u0101ts<\/strong><\/p><p>Pieg\u0101d\u0101jot preces uz klienta izv\u0113l\u0113to Omniva pakom\u0101tu, pre\u010du cenai tiks pievienota pieg\u0101des maksa 4 \u20ac. Ja pas\u016bt\u012bjuma izmaksas p\u0101rsniedz 60 \u20ac, pieg\u0101des maksa netiks pievienota. Par preces non\u0101k\u0161anu pakom\u0101t\u0101 klients tiek inform\u0113ts ar SMS \u012bszi\u0146u, kur\u0101 ir unik\u0101ls durvju kods pakom\u0101ta durvju atv\u0113r\u0161anai.<\/p><p><a href=\"https:\/\/www.omniva.lv\/privats\/adreses\" target=\"_blank\" rel=\"noopener\">Pakom\u0101tu atra\u0161an\u0101s vietas<\/a><\/p><\/div><\/div><\/div><div class=\"elementor-element elementor-element-634ce6d e-con-full e-flex e-con e-parent e-lazyloaded\" data-id=\"634ce6d\" data-element_type=\"container\"><div class=\"elementor-element elementor-element-d7233d4 elementor-widget elementor-widget-text-editor\" data-id=\"d7233d4\" data-element_type=\"widget\" data-widget_type=\"text-editor.default\"><div class=\"elementor-widget-container\"><p><strong>Omniva kurjers<\/strong><\/p><p>Izv\u0113loties Omniva kurjeru pre\u010du pieg\u0101dei, pre\u010du cenai tiks pievienota pieg\u0101des maksa 8 \u20ac. Ja pas\u016bt\u012bjuma izmaksas p\u0101rsniedz 150 \u20ac, pieg\u0101des maksa netiks pievienota. Prec\u012bzu pre\u010du pieg\u0101des laiku kurjers iepriek\u0161 saska\u0146o ar klientu pa t\u0101lruni.<\/p><\/div><\/div><\/div><\/div><\/div><div class=\"elementor-element elementor-element-0749bd6 e-flex e-con-boxed e-con e-parent e-lazyloaded\" data-id=\"0749bd6\" data-element_type=\"container\"><div class=\"e-con-inner\"><div class=\"elementor-element elementor-element-bc8cd6f e-con-full e-flex e-con e-parent e-lazyloaded\" data-id=\"bc8cd6f\" data-element_type=\"container\"><div class=\"elementor-element elementor-element-528a0d4 elementor-widget elementor-widget-image\" data-id=\"528a0d4\" data-element_type=\"widget\" data-widget_type=\"image.default\"><div class=\"elementor-widget-container\"><img loading=\"lazy\" decoding=\"async\" class=\"attachment-large size-large wp-image-20706\" src=\"https:\/\/imageskincare.lv\/wp-content\/uploads\/2021\/11\/2560px-DPD_logo_2015.svg_-1024x428.png\" sizes=\"(max-width: 1024px) 100vw, 1024px\" srcset=\"https:\/\/imageskincare.lv\/wp-content\/uploads\/2021\/11\/2560px-DPD_logo_2015.svg_-1024x428.png 1024w, https:\/\/imageskincare.lv\/wp-content\/uploads\/2021\/11\/2560px-DPD_logo_2015.svg_-600x251.png 600w, https:\/\/imageskincare.lv\/wp-content\/uploads\/2021\/11\/2560px-DPD_logo_2015.svg_-300x125.png 300w, https:\/\/imageskincare.lv\/wp-content\/uploads\/2021\/11\/2560px-DPD_logo_2015.svg_-768x321.png 768w, https:\/\/imageskincare.lv\/wp-content\/uploads\/2021\/11\/2560px-DPD_logo_2015.svg_-1536x642.png 1536w, https:\/\/imageskincare.lv\/wp-content\/uploads\/2021\/11\/2560px-DPD_logo_2015.svg_-2048x856.png 2048w, https:\/\/imageskincare.lv\/wp-content\/uploads\/2021\/11\/2560px-DPD_logo_2015.svg_-990x414.png 990w, https:\/\/imageskincare.lv\/wp-content\/uploads\/2021\/11\/2560px-DPD_logo_2015.svg_-441x184.png 441w, https:\/\/imageskincare.lv\/wp-content\/uploads\/2021\/11\/2560px-DPD_logo_2015.svg_-150x63.png 150w\" alt=\"\" width=\"1024\" height=\"428\" \/><\/div><\/div><\/div><\/div><\/div><div class=\"elementor-element elementor-element-eeed07b e-flex e-con-boxed e-con e-parent e-lazyloaded\" data-id=\"eeed07b\" data-element_type=\"container\"><div class=\"e-con-inner\"><div class=\"elementor-element elementor-element-f2ef09b e-con-full e-flex e-con e-parent e-lazyloaded\" data-id=\"f2ef09b\" data-element_type=\"container\"><div class=\"elementor-element elementor-element-eb6c55e elementor-widget elementor-widget-text-editor\" data-id=\"eb6c55e\" data-element_type=\"widget\" data-widget_type=\"text-editor.default\"><div class=\"elementor-widget-container\"><p><strong>DPD pakom\u0101ts<\/strong><\/p><p>Pieg\u0101d\u0101jot preces uz klienta izv\u0113l\u0113to DPD pakom\u0101tu, pre\u010du cenai tiks pievienota pieg\u0101des maksa 4 \u20ac. Ja pas\u016bt\u012bjuma izmaksas p\u0101rsniedz 60 \u20ac, pieg\u0101des maksa netiks pievienota.Par preces non\u0101k\u0161anu pakom\u0101t\u0101 klients tiek inform\u0113ts ar SMS \u012bszi\u0146u, kur\u0101 ir unik\u0101ls durvju kods pakom\u0101ta durvju atv\u0113r\u0161anai.<\/p><\/div><\/div><\/div><\/div><\/div><\/div>\t\t\t\t\t<\/div>\n\t\t\t\t\t\t\t\t\t\t\t\t\t\t\t<div class=\"c-ip-accordion__item c-ip-accordion__item--layout-1\">\n\t\t\t\t\t\t<a class=\"c-ip-accordion__header c-ip-accordion__header--layout-1 js-accordion-title\" href=\"\" onclick=\"return false;\">Atteikumi<i class=\"ip-right c-ip-accordion__arrow c-ip-accordion__arrow--layout-1\"><\/i><\/a>\t\t\t\t\t\t<div class=\"c-ip-accordion__content c-ip-accordion__content--layout-1\"><p>M\u0113s cen\u0161amies, lai m\u016bsu klienti b\u016btu apmierin\u0101ti ar Margus.lv pakalpojumu, t\u0101p\u0113c pied\u0101v\u0101jam \u0113rtu pre\u010du atgrie\u0161anas sist\u0113mu. Lai to izdar\u012btu, jums j\u0101veic da\u017eas vienk\u0101r\u0161as darb\u012bbas.<\/p><p>\u00a0<\/p><p><strong>1. Aizpildiet atbilsto\u0161o atgrie\u0161anas pieteikumu.<\/strong><\/p><p>\u00a0<\/p><p>a) Gad\u012bjum\u0101, ja paman\u0101t kurjera boj\u0101jumu pakai, l\u016bdzu, nofotograf\u0113jiet boj\u0101to iepakojumu un atsakieties no iepakojuma.<\/p><p>b) Ja iepakojuma viengabalain\u012bba netiek p\u0101rk\u0101pta, 14 dienu laik\u0101 no pirkuma dienas varat iesniegt ieg\u0101d\u0101t\u0101s preces atteikumu,\u00a0<a href=\"#\" target=\"_blank\" rel=\"noopener\">aizpildot iesniegumu.<\/a>\u00a0L\u016bdzu, \u0146emiet v\u0113r\u0101, ka atgrie\u0161ana ir iesp\u0113jama tikai visam iepakojumam.\u00a0<\/p><p>c) J\u016bs varat atgriezt neatbilsto\u0161as kvalit\u0101tes preces. Diem\u017e\u0113l pat slaven\u0101kie z\u012bmoli nav pasarg\u0101ti no ra\u017eo\u0161anas neveiksm\u0113m. Ja sa\u0146\u0113m\u0101t boj\u0101tu preci, l\u016bdzu, aizpildiet atbilsto\u0161o iesnieguma\u00a0<a href=\"#\" target=\"_blank\" rel=\"noopener\">formu.<\/a><\/p><p>\u00a0<\/p><p><strong>2. Izveidojiet lietojumprogrammas sken\u0113tu kopiju, produkta fotoatt\u0113lu un nos\u016btiet failus m\u016bsu mened\u017eeriem uz<a href=\"mailto:info@margus.lv\">e-pasta adresi.<\/a><\/strong><\/p><p>\u00a0<\/p><p>Pre\u010du fotogr\u0101fijas pal\u012bdz\u0113s mums izprast probl\u0113mu, pa\u0101trin\u0101s pre\u010du atgrie\u0161anas un naudas atgrie\u0161anas laiku. P\u0113c visu atgrie\u0161anas deta\u013cu saska\u0146o\u0161anas ar mened\u017eeri un nepiecie\u0161amo dokumentu aizpild\u012b\u0161anas iesai\u0146ojiet preces maisi\u0146\u0101 vai kast\u0113. L\u016bgums iepakojum\u0101\/kast\u012bt\u0113 oblig\u0101ti iek\u013caut iesniegumu un maks\u0101juma dokumenta kopiju, bez kura nevar\u0113sim pie\u0146emt atgrie\u0161anu.<\/p><p>\u00a0<\/p><p><strong>3. Kurjers pa\u0146ems paku un organiz\u0113s atgrie\u0161anu.\u00a0<\/strong><\/p><p>\u00a0<\/p><p><strong>4. 14 dienu laik\u0101 p\u0113c s\u016bt\u012bjuma sa\u0146em\u0161anas izsk atgriezt\u0101s preces un pie\u0146emam l\u0113mumu par naudas l\u012bdzek\u013cu atgrie\u0161anu nor\u0101d\u012btaj\u0101 kont\u0101. Turkl\u0101t j\u016bs epast\u0101 tiksiet inform\u0113ts par atgrie\u0161anas statusu.<\/strong><\/p><\/div>\t\t\t\t\t<\/div>\n\t\t\t\t\t\t\t\t\t\t\t\t\t\t\t<div class=\"c-ip-accordion__item c-ip-accordion__item--layout-1\">\n\t\t\t\t\t\t<a class=\"c-ip-accordion__header c-ip-accordion__header--layout-1 js-accordion-title\" href=\"\" onclick=\"return false;\">Naudas atgrie\u0161ana<i class=\"ip-right c-ip-accordion__arrow c-ip-accordion__arrow--layout-1\"><\/i><\/a>\t\t\t\t\t\t<div class=\"c-ip-accordion__content c-ip-accordion__content--layout-1\"><p>Nulla in faucibus praesent scelerisque neque ut tellus dolor. Auctor lorem convallis vulputate tincidunt tellus quis molestie pulvinar. Viverra ut pellentesque pulvinar erat ipsum amet pellentesque semper nunc. Vitae massa quisque gravida pellentesque ultrices nibh semper elit in. Ut velit vitae purus, ornare odio gravida nulla. Viverra et morbi sapien sapien mauris lacus adipiscing. Mi, tincidunt tortor sed purus. Urna dictumst mauris malesuada aliquam sit nullam volutpat. Tristique mattis vitae leo libero dui scelerisque quis.<\/p><\/div>\t\t\t\t\t<\/div>\n\t\t\t\t\t\t\t\t\t\t\t\t\t\t<\/div>\n\t\t\t<\/div>\n\t\t<\/div>\n\t\t\t\t\t\t<\/div>\n\t\t\t\t<\/div>\n\t\t\t\t\t<\/div>\n\t\t<\/div>\n\t\t\t\t\t<\/div>\n\t\t<\/section>\n\t\t\t\t<\/div>","protected":false},"excerpt":{"rendered":"<p>Bie\u017e\u0101k uzdotie jaut\u0101jumi Apmaksas veidi Apmaksa Margus.lv e-veikal\u0101 ir pieejamas \u0161\u0101das maks\u0101jumu metodes: Izmantojot bankas saiti Maks\u0101jumus apstr\u0101d\u0101 AS Maksekeskus. Maks\u0101jums tiek&hellip;<\/p>","protected":false},"author":1,"featured_media":0,"parent":0,"menu_order":0,"comment_status":"closed","ping_status":"closed","template":"elementor_header_footer","meta":{"footnotes":""},"class_list":["post-179","page","type-page","status-publish","hentry"],"_hostinger_reach_plugin_has_subscription_block":false,"_hostinger_reach_plugin_is_elementor":false,"_links":{"self":[{"href":"https:\/\/margus.lv\/ru\/wp-json\/wp\/v2\/pages\/179","targetHints":{"allow":["GET"]}}],"collection":[{"href":"https:\/\/margus.lv\/ru\/wp-json\/wp\/v2\/pages"}],"about":[{"href":"https:\/\/margus.lv\/ru\/wp-json\/wp\/v2\/types\/page"}],"author":[{"embeddable":true,"href":"https:\/\/margus.lv\/ru\/wp-json\/wp\/v2\/users\/1"}],"replies":[{"embeddable":true,"href":"https:\/\/margus.lv\/ru\/wp-json\/wp\/v2\/comments?post=179"}],"version-history":[{"count":17,"href":"https:\/\/margus.lv\/ru\/wp-json\/wp\/v2\/pages\/179\/revisions"}],"predecessor-version":[{"id":4315,"href":"https:\/\/margus.lv\/ru\/wp-json\/wp\/v2\/pages\/179\/revisions\/4315"}],"wp:attachment":[{"href":"https:\/\/margus.lv\/ru\/wp-json\/wp\/v2\/media?parent=179"}],"curies":[{"name":"wp","href":"https:\/\/api.w.org\/{rel}","templated":true}]}}