{"id":1009,"date":"2020-12-04T19:44:55","date_gmt":"2020-12-04T16:44:55","guid":{"rendered":"https:\/\/margus.lv\/featured\/"},"modified":"2025-09-07T21:15:19","modified_gmt":"2025-09-07T18:15:19","slug":"featured","status":"publish","type":"page","link":"https:\/\/margus.lv\/ru\/featured\/","title":{"rendered":"\u042d\u043a\u0441\u043a\u043b\u044e\u0437\u0438\u0432\u043d\u043e"},"content":{"rendered":"<div data-elementor-type=\"wp-page\" data-elementor-id=\"1009\" class=\"elementor elementor-1009\">\n\t\t\t\t\t\t<section class=\"elementor-section elementor-top-section elementor-element elementor-element-6c81dfe elementor-section-full_width elementor-section-height-default elementor-section-height-default\" data-id=\"6c81dfe\" data-element_type=\"section\" data-e-type=\"section\">\n\t\t\t\t\t\t<div class=\"elementor-container elementor-column-gap-no\">\n\t\t\t\t\t<div class=\"elementor-column elementor-col-100 elementor-top-column elementor-element elementor-element-9a0dbfe\" data-id=\"9a0dbfe\" data-element_type=\"column\" data-e-type=\"column\">\n\t\t\t<div class=\"elementor-widget-wrap elementor-element-populated\">\n\t\t\t\t\t\t<div class=\"elementor-element elementor-element-a46699e elementor-widget elementor-widget-ideapark-page-header\" data-id=\"a46699e\" data-element_type=\"widget\" data-e-type=\"widget\" data-widget_type=\"ideapark-page-header.default\">\n\t\t\t\t<div class=\"elementor-widget-container\">\n\t\t\t\t\t\t<header\n\t\tclass=\"l-section c-page-header c-page-header--header-type-4 c-page-header--default c-page-header--low\"\n\t\t>\n\n\t\t\t\t\t<div class=\"c-page-header__wrap\">\n\t\t\t\t\t\t\t\t\t<h1 class=\"c-page-header__title\">\u042d\u043a\u0441\u043a\u043b\u044e\u0437\u0438\u0432\u043d\u043e<\/h1>\n\t\t\t\t\t\t\t<\/div>\n\t\t\t\t\t\t\t<div class=\"c-page-header__spacer\"><\/div>\n\t\t\t<\/header>\n\t\t\t\t<\/div>\n\t\t\t\t<\/div>\n\t\t\t\t\t<\/div>\n\t\t<\/div>\n\t\t\t\t\t<\/div>\n\t\t<\/section>\n\t\t\t\t<section class=\"elementor-section elementor-top-section elementor-element elementor-element-4abe06e elementor-section-boxed elementor-section-height-default elementor-section-height-default\" data-id=\"4abe06e\" data-element_type=\"section\" data-e-type=\"section\">\n\t\t\t\t\t\t<div class=\"elementor-container elementor-column-gap-no\">\n\t\t\t\t\t<div class=\"elementor-column elementor-col-100 elementor-top-column elementor-element elementor-element-764d054\" data-id=\"764d054\" data-element_type=\"column\" data-e-type=\"column\">\n\t\t\t<div class=\"elementor-widget-wrap elementor-element-populated\">\n\t\t\t\t\t\t<div class=\"elementor-element elementor-element-7d86e68 elementor-widget elementor-widget-shortcode\" data-id=\"7d86e68\" data-element_type=\"widget\" data-e-type=\"widget\" data-widget_type=\"shortcode.default\">\n\t\t\t\t<div class=\"elementor-widget-container\">\n\t\t\t\t\t\t\t<div class=\"elementor-shortcode\"><div class=\"woocommerce columns-4\"><div\n\tclass=\"c-product-grid__wrap c-product-grid__wrap--4-per-row  c-product-grid__wrap--1-per-row\">\n\t<div\n\t\tclass=\"c-product-grid__list c-product-grid__list--4-per-row\">\n\t\t<!-- grid-start --><div class=\"c-product-grid__item c-product-grid__item--4-per-row c-product-grid__item--normal c-product-grid__item--hover c-product-grid__item--1-per-row product type-product post-4035 status-publish first instock product_cat-body-care product_cat-lotions-body-care has-post-thumbnail featured taxable shipping-taxable purchasable product-type-simple\">\r\n\t<div class=\"c-product-grid__badges c-badge__list\"><span class=\"c-badge c-badge--featured\">\u042d\u043a\u0441\u043a\u043b\u044e\u0437\u0438\u0432\u043d\u043e<\/span><\/div><!-- .c-product-grid__badges --><div class=\"c-product-grid__thumb-wrap c-product-grid__thumb-wrap--buttons\"><a href=\"https:\/\/margus.lv\/ru\/shop\/iluma-adas-toni-izlidzinoss-kermena-losjons\/\" class=\"woocommerce-LoopProduct-link woocommerce-loop-product__link\"><img fetchpriority=\"high\" decoding=\"async\" width=\"260\" height=\"230\" src=\"https:\/\/margus.lv\/wp-content\/uploads\/2025\/08\/image-skincare-iluma-adas-toni-izlidzinoss-kermena-losjons-260x230.jpg\" class=\"c-product-grid__thumb c-product-grid__thumb--cover\" alt=\"ILUMA \u0137erme\u0146a losjons\" srcset=\"https:\/\/margus.lv\/wp-content\/uploads\/2025\/08\/image-skincare-iluma-adas-toni-izlidzinoss-kermena-losjons-260x230.jpg 260w, https:\/\/margus.lv\/wp-content\/uploads\/2025\/08\/image-skincare-iluma-adas-toni-izlidzinoss-kermena-losjons-520x460.jpg 520w\" sizes=\"(max-width: 260px) 100vw, 260px\" \/><\/a>\t<div class=\"c-product-grid__thumb-button-list\">\n\t\t\t\t\t\t\t<button\n\t\t\t\tclass=\"h-cb c-product-grid__thumb-button js-grid-zoom\"\n\t\t\t\ttype=\"button\"\n\t\t\t\tdata-lang=\"ru_RU\"\n\t\t\t\tdata-product-id=\"4035\"\n\t\t\t\taria-label=\"Quick View\">\n\t\t\t\t<i class=\"ip-eye c-product-grid__icon c-product-grid__icon--normal c-product-grid__icon--quickview\"><\/i><i\n\t\t\t\t\tclass=\"ip-eye_hover c-product-grid__icon c-product-grid__icon--hover\"><\/i>\n\t\t\t<\/button>\n\t\t\t\t\t\t\t<button class=\"js-wishlist-btn c-wishlist__btn c-wishlist__item-4035-btn h-cb c-product-grid__thumb-button\" data-product-id=\"4035\" data-title=\"Wishlist\" aria-label=\"Wishlist\"><i class=\"ip-heart c-product-grid__icon c-product-grid__icon--wishlist c-wishlist__btn-icon c-wishlist__btn-icon-normal\"><\/i><i class=\"ip-heart_hover c-product-grid__icon c-product-grid__icon--wishlist c-wishlist__btn-icon c-wishlist__btn-icon--hover\"><\/i><\/button>\t\t\t<\/div>\n<\/div><!-- .c-product-grid__thumb-wrap --><a href=\"\/ru\/wp-json\/wp\/v2\/pages\/1009?add-to-cart=4035\"  data-quantity=\"1\" class=\"h-cb c-product-grid__atc button product_type_simple add_to_cart_button ajax_add_to_cart\" data-product_id=\"4035\" data-product_sku=\"\" aria-label=\"\u0414\u043e\u0431\u0430\u0432\u0438\u0442\u044c \u0432 \u043a\u043e\u0440\u0437\u0438\u043d\u0443 \u201cILUMA \u0137erme\u0146a losjons\u201d\" rel=\"nofollow\" data-success_message=\"\u00abILUMA \u0137erme\u0146a losjons\u00bb \u0434\u043e\u0431\u0430\u0432\u043b\u0435\u043d \u0432 \u0432\u0430\u0448\u0443 \u043a\u043e\u0440\u0437\u0438\u043d\u0443\" role=\"button\" data-no-translation-aria-label=\"\" data-no-translation-data-success_message=\"\"><i class=\"ip-plus c-product-grid__atc-icon\"><\/i><span class=\"c-product-grid__atc-text\" data-no-translation=\"\" data-trp-gettext=\"\">\u0412 \u043a\u043e\u0440\u0437\u0438\u043d\u0443<\/span><\/a><div class=\"c-product-grid__details\"><div class=\"c-product-grid__title-wrap\"><a href=\"https:\/\/margus.lv\/ru\/shop\/iluma-adas-toni-izlidzinoss-kermena-losjons\/\" class=\"woocommerce-LoopProduct-link woocommerce-loop-product__link\"><h2 class=\"woocommerce-loop-product__title\">ILUMA \u0137erme\u0146a losjons<\/h2><\/a>\t<div class=\"c-product-grid__short-desc\">\n\t\t<a href=\"https:\/\/margus.lv\/ru\/shop\/iluma-adas-toni-izlidzinoss-kermena-losjons\/\" role=\"presentation\"><p>\u041b\u043e\u0441\u044c\u043e\u043d \u0434\u043b\u044f \u0442\u0435\u043b\u0430 \u0434\u043b\u044f \u0440\u043e\u0432\u043d\u043e\u0433\u043e \u0442\u043e\u043d\u0430 \u043a\u043e\u0436\u0438<\/p>\n<\/a>\t<\/div>\n<div class=\"c-product-grid__star-rating\"><\/div><\/div>\n\t\t\t<!-- .c-product-grid__title-wrap -->\n\t\t\t<div class=\"c-product-grid__price-wrap\">\t<div class=\"c-product-grid__brands\">\n\t\t<a class=\"c-product-grid__brand\" href=\"https:\/\/margus.lv\/ru\/brands\/image-skincare\/\">Image Skincare<\/a>\t<\/div>\n\n\t<span class=\"price\"><span class=\"woocommerce-Price-amount amount\"><bdi><span class=\"woocommerce-Price-currencySymbol\">&euro;<\/span>73.00<\/bdi><\/span><\/span>\n<\/div>\n\t\t\t<!-- .c-product-grid__price-wrap --><\/div><!-- .c-product-grid__details --><\/div>\r\n<div class=\"c-product-grid__item c-product-grid__item--4-per-row c-product-grid__item--normal c-product-grid__item--hover c-product-grid__item--1-per-row product type-product post-4029 status-publish instock product_cat-body-care product_cat-creams-body-care has-post-thumbnail featured taxable shipping-taxable purchasable product-type-simple\">\r\n\t<div class=\"c-product-grid__badges c-badge__list\"><span class=\"c-badge c-badge--featured\">\u042d\u043a\u0441\u043a\u043b\u044e\u0437\u0438\u0432\u043d\u043e<\/span><\/div><!-- .c-product-grid__badges --><div class=\"c-product-grid__thumb-wrap c-product-grid__thumb-wrap--buttons\"><a href=\"https:\/\/margus.lv\/ru\/shop\/the-max-nostiprinosais-krems\/\" class=\"woocommerce-LoopProduct-link woocommerce-loop-product__link\"><img decoding=\"async\" width=\"260\" height=\"230\" src=\"https:\/\/margus.lv\/wp-content\/uploads\/2025\/08\/image-skincare-the-max-nostiprinosais-krems-kakla-adai-260x230.jpg\" class=\"c-product-grid__thumb c-product-grid__thumb--cover\" alt=\"the MAX Nostiprino\u0161ais kr\u0113ms\" srcset=\"https:\/\/margus.lv\/wp-content\/uploads\/2025\/08\/image-skincare-the-max-nostiprinosais-krems-kakla-adai-260x230.jpg 260w, https:\/\/margus.lv\/wp-content\/uploads\/2025\/08\/image-skincare-the-max-nostiprinosais-krems-kakla-adai-520x460.jpg 520w\" sizes=\"(max-width: 260px) 100vw, 260px\" \/><\/a>\t<div class=\"c-product-grid__thumb-button-list\">\n\t\t\t\t\t\t\t<button\n\t\t\t\tclass=\"h-cb c-product-grid__thumb-button js-grid-zoom\"\n\t\t\t\ttype=\"button\"\n\t\t\t\tdata-lang=\"ru_RU\"\n\t\t\t\tdata-product-id=\"4029\"\n\t\t\t\taria-label=\"Quick View\">\n\t\t\t\t<i class=\"ip-eye c-product-grid__icon c-product-grid__icon--normal c-product-grid__icon--quickview\"><\/i><i\n\t\t\t\t\tclass=\"ip-eye_hover c-product-grid__icon c-product-grid__icon--hover\"><\/i>\n\t\t\t<\/button>\n\t\t\t\t\t\t\t<button class=\"js-wishlist-btn c-wishlist__btn c-wishlist__item-4029-btn h-cb c-product-grid__thumb-button\" data-product-id=\"4029\" data-title=\"Wishlist\" aria-label=\"Wishlist\"><i class=\"ip-heart c-product-grid__icon c-product-grid__icon--wishlist c-wishlist__btn-icon c-wishlist__btn-icon-normal\"><\/i><i class=\"ip-heart_hover c-product-grid__icon c-product-grid__icon--wishlist c-wishlist__btn-icon c-wishlist__btn-icon--hover\"><\/i><\/button>\t\t\t<\/div>\n<\/div><!-- .c-product-grid__thumb-wrap --><a href=\"\/ru\/wp-json\/wp\/v2\/pages\/1009?add-to-cart=4029\"  data-quantity=\"1\" class=\"h-cb c-product-grid__atc button product_type_simple add_to_cart_button ajax_add_to_cart\" data-product_id=\"4029\" data-product_sku=\"\" aria-label=\"\u0414\u043e\u0431\u0430\u0432\u0438\u0442\u044c \u0432 \u043a\u043e\u0440\u0437\u0438\u043d\u0443 \u201cthe MAX Nostiprino\u0161ais kr\u0113ms\u201d\" rel=\"nofollow\" data-success_message=\"\u00abthe MAX Nostiprino\u0161ais kr\u0113ms\u00bb \u0434\u043e\u0431\u0430\u0432\u043b\u0435\u043d \u0432 \u0432\u0430\u0448\u0443 \u043a\u043e\u0440\u0437\u0438\u043d\u0443\" role=\"button\" data-no-translation-aria-label=\"\" data-no-translation-data-success_message=\"\"><i class=\"ip-plus c-product-grid__atc-icon\"><\/i><span class=\"c-product-grid__atc-text\" data-no-translation=\"\" data-trp-gettext=\"\">\u0412 \u043a\u043e\u0440\u0437\u0438\u043d\u0443<\/span><\/a><div class=\"c-product-grid__details\"><div class=\"c-product-grid__title-wrap\"><a href=\"https:\/\/margus.lv\/ru\/shop\/the-max-nostiprinosais-krems\/\" class=\"woocommerce-LoopProduct-link woocommerce-loop-product__link\"><h2 class=\"woocommerce-loop-product__title\">the MAX Nostiprino\u0161ais kr\u0113ms<\/h2><\/a>\t<div class=\"c-product-grid__short-desc\">\n\t\t<a href=\"https:\/\/margus.lv\/ru\/shop\/the-max-nostiprinosais-krems\/\" role=\"presentation\"><p>Nostiprino\u0161ais kr\u0113ms kakla \u0101dai ar cilmes \u0161\u016bnu ekstraktiem<\/p>\n<\/a>\t<\/div>\n<div class=\"c-product-grid__star-rating\"><\/div><\/div>\n\t\t\t<!-- .c-product-grid__title-wrap -->\n\t\t\t<div class=\"c-product-grid__price-wrap\">\t<div class=\"c-product-grid__brands\">\n\t\t<a class=\"c-product-grid__brand\" href=\"https:\/\/margus.lv\/ru\/brands\/image-skincare\/\">Image Skincare<\/a>\t<\/div>\n\n\t<span class=\"price\"><span class=\"woocommerce-Price-amount amount\"><bdi><span class=\"woocommerce-Price-currencySymbol\">&euro;<\/span>108.00<\/bdi><\/span><\/span>\n<\/div>\n\t\t\t<!-- .c-product-grid__price-wrap --><\/div><!-- .c-product-grid__details --><\/div>\r\n<div class=\"c-product-grid__item c-product-grid__item--4-per-row c-product-grid__item--normal c-product-grid__item--hover c-product-grid__item--1-per-row product type-product post-4017 status-publish instock product_cat-creams-face-care product_cat-face-care has-post-thumbnail featured taxable shipping-taxable purchasable product-type-simple\">\r\n\t<div class=\"c-product-grid__badges c-badge__list\"><span class=\"c-badge c-badge--featured\">\u042d\u043a\u0441\u043a\u043b\u044e\u0437\u0438\u0432\u043d\u043e<\/span><\/div><!-- .c-product-grid__badges --><div class=\"c-product-grid__thumb-wrap c-product-grid__thumb-wrap--buttons\"><a href=\"https:\/\/margus.lv\/ru\/shop\/vital-c-core-four-paraugu-komplekts\/\" class=\"woocommerce-LoopProduct-link woocommerce-loop-product__link\"><img decoding=\"async\" width=\"260\" height=\"230\" src=\"https:\/\/margus.lv\/wp-content\/uploads\/2025\/08\/IMAGE_Skincare_VITALC_CoreFour_Trial_Kit-260x230.jpg\" class=\"c-product-grid__thumb c-product-grid__thumb--cover\" alt=\"VITAL C CORE FOUR paraugu komplekts\" srcset=\"https:\/\/margus.lv\/wp-content\/uploads\/2025\/08\/IMAGE_Skincare_VITALC_CoreFour_Trial_Kit-260x230.jpg 260w, https:\/\/margus.lv\/wp-content\/uploads\/2025\/08\/IMAGE_Skincare_VITALC_CoreFour_Trial_Kit-520x460.jpg 520w\" sizes=\"(max-width: 260px) 100vw, 260px\" \/><\/a>\t<div class=\"c-product-grid__thumb-button-list\">\n\t\t\t\t\t\t\t<button\n\t\t\t\tclass=\"h-cb c-product-grid__thumb-button js-grid-zoom\"\n\t\t\t\ttype=\"button\"\n\t\t\t\tdata-lang=\"ru_RU\"\n\t\t\t\tdata-product-id=\"4017\"\n\t\t\t\taria-label=\"Quick View\">\n\t\t\t\t<i class=\"ip-eye c-product-grid__icon c-product-grid__icon--normal c-product-grid__icon--quickview\"><\/i><i\n\t\t\t\t\tclass=\"ip-eye_hover c-product-grid__icon c-product-grid__icon--hover\"><\/i>\n\t\t\t<\/button>\n\t\t\t\t\t\t\t<button class=\"js-wishlist-btn c-wishlist__btn c-wishlist__item-4017-btn h-cb c-product-grid__thumb-button\" data-product-id=\"4017\" data-title=\"Wishlist\" aria-label=\"Wishlist\"><i class=\"ip-heart c-product-grid__icon c-product-grid__icon--wishlist c-wishlist__btn-icon c-wishlist__btn-icon-normal\"><\/i><i class=\"ip-heart_hover c-product-grid__icon c-product-grid__icon--wishlist c-wishlist__btn-icon c-wishlist__btn-icon--hover\"><\/i><\/button>\t\t\t<\/div>\n<\/div><!-- .c-product-grid__thumb-wrap --><a href=\"\/ru\/wp-json\/wp\/v2\/pages\/1009?add-to-cart=4017\"  data-quantity=\"1\" class=\"h-cb c-product-grid__atc button product_type_simple add_to_cart_button ajax_add_to_cart\" data-product_id=\"4017\" data-product_sku=\"\" aria-label=\"\u0414\u043e\u0431\u0430\u0432\u0438\u0442\u044c \u0432 \u043a\u043e\u0440\u0437\u0438\u043d\u0443 \u201cVITAL C CORE FOUR paraugu komplekts\u201d\" rel=\"nofollow\" data-success_message=\"\u00abVITAL C CORE FOUR paraugu komplekts\u00bb \u0434\u043e\u0431\u0430\u0432\u043b\u0435\u043d \u0432 \u0432\u0430\u0448\u0443 \u043a\u043e\u0440\u0437\u0438\u043d\u0443\" role=\"button\" data-no-translation-aria-label=\"\" data-no-translation-data-success_message=\"\"><i class=\"ip-plus c-product-grid__atc-icon\"><\/i><span class=\"c-product-grid__atc-text\" data-no-translation=\"\" data-trp-gettext=\"\">\u0412 \u043a\u043e\u0440\u0437\u0438\u043d\u0443<\/span><\/a><div class=\"c-product-grid__details\"><div class=\"c-product-grid__title-wrap\"><a href=\"https:\/\/margus.lv\/ru\/shop\/vital-c-core-four-paraugu-komplekts\/\" class=\"woocommerce-LoopProduct-link woocommerce-loop-product__link\"><h2 class=\"woocommerce-loop-product__title\">VITAL C CORE FOUR paraugu komplekts<\/h2><\/a>\t<div class=\"c-product-grid__short-desc\">\n\t\t<a href=\"https:\/\/margus.lv\/ru\/shop\/vital-c-core-four-paraugu-komplekts\/\" role=\"presentation\"><p>Paraugu komplekts<\/p>\n<\/a>\t<\/div>\n<div class=\"c-product-grid__star-rating\"><div class=\"star-rating\" role=\"img\" aria-label=\"\u041e\u0446\u0435\u043d\u043a\u0430 5.00 \u0438\u0437 5\" data-no-translation-aria-label=\"\"><span style=\"width:100%\" data-no-translation=\"\" data-trp-gettext=\"\">\u041e\u0446\u0435\u043d\u043a\u0430 <strong class=\"rating\">5.00<\/strong> \u0438\u0437 5<\/span><\/div><span>1<\/span><\/div><\/div>\n\t\t\t<!-- .c-product-grid__title-wrap -->\n\t\t\t<div class=\"c-product-grid__price-wrap\">\t<div class=\"c-product-grid__brands\">\n\t\t<a class=\"c-product-grid__brand\" href=\"https:\/\/margus.lv\/ru\/brands\/image-skincare\/\">Image Skincare<\/a>\t<\/div>\n\n\t<span class=\"price\"><span class=\"woocommerce-Price-amount amount\"><bdi><span class=\"woocommerce-Price-currencySymbol\">&euro;<\/span>21.00<\/bdi><\/span><\/span>\n<\/div>\n\t\t\t<!-- .c-product-grid__price-wrap --><\/div><!-- .c-product-grid__details --><\/div>\r\n<div class=\"c-product-grid__item c-product-grid__item--4-per-row c-product-grid__item--normal c-product-grid__item--hover c-product-grid__item--1-per-row product type-product post-3883 status-publish last instock product_cat-creams-face-care product_tag-night-cream product_tag-peptides has-post-thumbnail featured taxable shipping-taxable purchasable product-type-simple\">\r\n\t<div class=\"c-product-grid__badges c-badge__list\"><span class=\"c-badge c-badge--featured\">\u042d\u043a\u0441\u043a\u043b\u044e\u0437\u0438\u0432\u043d\u043e<\/span><\/div><!-- .c-product-grid__badges --><div class=\"c-product-grid__thumb-wrap c-product-grid__thumb-wrap--buttons\"><a href=\"https:\/\/margus.lv\/ru\/shop\/night-cream-the-max\/\" class=\"woocommerce-LoopProduct-link woocommerce-loop-product__link\"><img loading=\"lazy\" decoding=\"async\" width=\"260\" height=\"230\" src=\"https:\/\/margus.lv\/wp-content\/uploads\/2025\/07\/image-skincare-the-max-krems-ar-cilmes-sunu-ekstraktiem-260x230.jpg\" class=\"c-product-grid__thumb c-product-grid__thumb--cover\" alt=\"Night cream THE MAX\" srcset=\"https:\/\/margus.lv\/wp-content\/uploads\/2025\/07\/image-skincare-the-max-krems-ar-cilmes-sunu-ekstraktiem-260x230.jpg 260w, https:\/\/margus.lv\/wp-content\/uploads\/2025\/07\/image-skincare-the-max-krems-ar-cilmes-sunu-ekstraktiem-520x460.jpg 520w\" sizes=\"(max-width: 260px) 100vw, 260px\" \/><\/a>\t<div class=\"c-product-grid__thumb-button-list\">\n\t\t\t\t\t\t\t<button\n\t\t\t\tclass=\"h-cb c-product-grid__thumb-button js-grid-zoom\"\n\t\t\t\ttype=\"button\"\n\t\t\t\tdata-lang=\"ru_RU\"\n\t\t\t\tdata-product-id=\"3883\"\n\t\t\t\taria-label=\"Quick View\">\n\t\t\t\t<i class=\"ip-eye c-product-grid__icon c-product-grid__icon--normal c-product-grid__icon--quickview\"><\/i><i\n\t\t\t\t\tclass=\"ip-eye_hover c-product-grid__icon c-product-grid__icon--hover\"><\/i>\n\t\t\t<\/button>\n\t\t\t\t\t\t\t<button class=\"js-wishlist-btn c-wishlist__btn c-wishlist__item-3883-btn h-cb c-product-grid__thumb-button\" data-product-id=\"3883\" data-title=\"Wishlist\" aria-label=\"Wishlist\"><i class=\"ip-heart c-product-grid__icon c-product-grid__icon--wishlist c-wishlist__btn-icon c-wishlist__btn-icon-normal\"><\/i><i class=\"ip-heart_hover c-product-grid__icon c-product-grid__icon--wishlist c-wishlist__btn-icon c-wishlist__btn-icon--hover\"><\/i><\/button>\t\t\t<\/div>\n<\/div><!-- .c-product-grid__thumb-wrap --><a href=\"\/ru\/wp-json\/wp\/v2\/pages\/1009?add-to-cart=3883\"  data-quantity=\"1\" class=\"h-cb c-product-grid__atc button product_type_simple add_to_cart_button ajax_add_to_cart\" data-product_id=\"3883\" data-product_sku=\"\" aria-label=\"\u0414\u043e\u0431\u0430\u0432\u0438\u0442\u044c \u0432 \u043a\u043e\u0440\u0437\u0438\u043d\u0443 \u201cNight cream THE MAX\u201d\" rel=\"nofollow\" data-success_message=\"\u00abNight cream THE MAX\u00bb \u0434\u043e\u0431\u0430\u0432\u043b\u0435\u043d \u0432 \u0432\u0430\u0448\u0443 \u043a\u043e\u0440\u0437\u0438\u043d\u0443\" role=\"button\" data-no-translation-aria-label=\"\" data-no-translation-data-success_message=\"\"><i class=\"ip-plus c-product-grid__atc-icon\"><\/i><span class=\"c-product-grid__atc-text\" data-no-translation=\"\" data-trp-gettext=\"\">\u0412 \u043a\u043e\u0440\u0437\u0438\u043d\u0443<\/span><\/a><div class=\"c-product-grid__details\"><div class=\"c-product-grid__title-wrap\"><a href=\"https:\/\/margus.lv\/ru\/shop\/night-cream-the-max\/\" class=\"woocommerce-LoopProduct-link woocommerce-loop-product__link\"><h2 class=\"woocommerce-loop-product__title\">Night cream THE MAX<\/h2><\/a>\t<div class=\"c-product-grid__short-desc\">\n\t\t<a href=\"https:\/\/margus.lv\/ru\/shop\/night-cream-the-max\/\" role=\"presentation\"><p>Night cream with plant stem cell extracts THE MAX<\/p>\n<\/a>\t<\/div>\n<div class=\"c-product-grid__star-rating\"><\/div><\/div>\n\t\t\t<!-- .c-product-grid__title-wrap -->\n\t\t\t<div class=\"c-product-grid__price-wrap\">\t<div class=\"c-product-grid__brands\">\n\t\t<a class=\"c-product-grid__brand\" href=\"https:\/\/margus.lv\/ru\/brands\/image-skincare\/\">Image Skincare<\/a>\t<\/div>\n\n\t<span class=\"price\"><span class=\"woocommerce-Price-amount amount\"><bdi><span class=\"woocommerce-Price-currencySymbol\">&euro;<\/span>136.00<\/bdi><\/span><\/span>\n<\/div>\n\t\t\t<!-- .c-product-grid__price-wrap --><\/div><!-- .c-product-grid__details --><\/div>\r\n<div class=\"c-product-grid__item c-product-grid__item--4-per-row c-product-grid__item--normal c-product-grid__item--hover c-product-grid__item--1-per-row product type-product post-3751 status-publish first instock product_cat-vitamin-c product_cat-moisturisers product_cat-serums product_tag-serums product_tag-vitamin-c has-post-thumbnail featured taxable shipping-taxable purchasable product-type-simple\">\r\n\t<div class=\"c-product-grid__badges c-badge__list\"><span class=\"c-badge c-badge--featured\">\u042d\u043a\u0441\u043a\u043b\u044e\u0437\u0438\u0432\u043d\u043e<\/span><\/div><!-- .c-product-grid__badges --><div class=\"c-product-grid__thumb-wrap c-product-grid__thumb-wrap--buttons\"><a href=\"https:\/\/margus.lv\/ru\/shop\/vital-c-mitrinoss-pretnovecosanas-serums\/\" class=\"woocommerce-LoopProduct-link woocommerce-loop-product__link\"><img loading=\"lazy\" decoding=\"async\" width=\"260\" height=\"230\" src=\"https:\/\/margus.lv\/wp-content\/uploads\/2025\/07\/image-skincare-vital-c-mitrinoss-pretnovecosanas-serums-260x230.jpg\" class=\"c-product-grid__thumb c-product-grid__thumb--cover\" alt=\"VITAL C Mitrino\u0161s pretnoveco\u0161an\u0101s serums\" srcset=\"https:\/\/margus.lv\/wp-content\/uploads\/2025\/07\/image-skincare-vital-c-mitrinoss-pretnovecosanas-serums-260x230.jpg 260w, https:\/\/margus.lv\/wp-content\/uploads\/2025\/07\/image-skincare-vital-c-mitrinoss-pretnovecosanas-serums-520x460.jpg 520w\" sizes=\"(max-width: 260px) 100vw, 260px\" \/><\/a>\t<div class=\"c-product-grid__thumb-button-list\">\n\t\t\t\t\t\t\t<button\n\t\t\t\tclass=\"h-cb c-product-grid__thumb-button js-grid-zoom\"\n\t\t\t\ttype=\"button\"\n\t\t\t\tdata-lang=\"ru_RU\"\n\t\t\t\tdata-product-id=\"3751\"\n\t\t\t\taria-label=\"Quick View\">\n\t\t\t\t<i class=\"ip-eye c-product-grid__icon c-product-grid__icon--normal c-product-grid__icon--quickview\"><\/i><i\n\t\t\t\t\tclass=\"ip-eye_hover c-product-grid__icon c-product-grid__icon--hover\"><\/i>\n\t\t\t<\/button>\n\t\t\t\t\t\t\t<button class=\"js-wishlist-btn c-wishlist__btn c-wishlist__item-3751-btn h-cb c-product-grid__thumb-button\" data-product-id=\"3751\" data-title=\"Wishlist\" aria-label=\"Wishlist\"><i class=\"ip-heart c-product-grid__icon c-product-grid__icon--wishlist c-wishlist__btn-icon c-wishlist__btn-icon-normal\"><\/i><i class=\"ip-heart_hover c-product-grid__icon c-product-grid__icon--wishlist c-wishlist__btn-icon c-wishlist__btn-icon--hover\"><\/i><\/button>\t\t\t<\/div>\n<\/div><!-- .c-product-grid__thumb-wrap --><a href=\"\/ru\/wp-json\/wp\/v2\/pages\/1009?add-to-cart=3751\"  data-quantity=\"1\" class=\"h-cb c-product-grid__atc button product_type_simple add_to_cart_button ajax_add_to_cart\" data-product_id=\"3751\" data-product_sku=\"\" aria-label=\"\u0414\u043e\u0431\u0430\u0432\u0438\u0442\u044c \u0432 \u043a\u043e\u0440\u0437\u0438\u043d\u0443 \u201cVITAL C Mitrino\u0161s pretnoveco\u0161an\u0101s serums\u201d\" rel=\"nofollow\" data-success_message=\"\u00abVITAL C Mitrino\u0161s pretnoveco\u0161an\u0101s serums\u00bb \u0434\u043e\u0431\u0430\u0432\u043b\u0435\u043d \u0432 \u0432\u0430\u0448\u0443 \u043a\u043e\u0440\u0437\u0438\u043d\u0443\" role=\"button\" data-no-translation-aria-label=\"\" data-no-translation-data-success_message=\"\"><i class=\"ip-plus c-product-grid__atc-icon\"><\/i><span class=\"c-product-grid__atc-text\" data-no-translation=\"\" data-trp-gettext=\"\">\u0412 \u043a\u043e\u0440\u0437\u0438\u043d\u0443<\/span><\/a><div class=\"c-product-grid__details\"><div class=\"c-product-grid__title-wrap\"><a href=\"https:\/\/margus.lv\/ru\/shop\/vital-c-mitrinoss-pretnovecosanas-serums\/\" class=\"woocommerce-LoopProduct-link woocommerce-loop-product__link\"><h2 class=\"woocommerce-loop-product__title\">VITAL C Mitrino\u0161s pretnoveco\u0161an\u0101s serums<\/h2><\/a>\t<div class=\"c-product-grid__short-desc\">\n\t\t<a href=\"https:\/\/margus.lv\/ru\/shop\/vital-c-mitrinoss-pretnovecosanas-serums\/\" role=\"presentation\"><p>Sul\u012bgs kr\u0113mveida serums ar svaiga apels\u012bna arom\u0101tu noveco\u0161an\u0101s paz\u012bmju nov\u0113r\u0161anai.<\/p>\n<\/a>\t<\/div>\n<div class=\"c-product-grid__star-rating\"><\/div><\/div>\n\t\t\t<!-- .c-product-grid__title-wrap -->\n\t\t\t<div class=\"c-product-grid__price-wrap\">\t<div class=\"c-product-grid__brands\">\n\t\t<a class=\"c-product-grid__brand\" href=\"https:\/\/margus.lv\/ru\/brands\/image-skincare\/\">Image Skincare<\/a>\t<\/div>\n\n\t<span class=\"price\"><span class=\"woocommerce-Price-amount amount\"><bdi><span class=\"woocommerce-Price-currencySymbol\">&euro;<\/span>96.00<\/bdi><\/span><\/span>\n<\/div>\n\t\t\t<!-- .c-product-grid__price-wrap --><\/div><!-- .c-product-grid__details --><\/div>\r\n<!-- grid-end -->\n<\/div>\n<\/div>\n<\/div><\/div>\n\t\t\t\t\t\t<\/div>\n\t\t\t\t<\/div>\n\t\t\t\t\t<\/div>\n\t\t<\/div>\n\t\t\t\t\t<\/div>\n\t\t<\/section>\n\t\t\t\t<\/div>","protected":false},"excerpt":{"rendered":"<p>\u042d\u043a\u0441\u043a\u043b\u044e\u0437\u0438\u0432\u043d\u043e<\/p>","protected":false},"author":1,"featured_media":0,"parent":0,"menu_order":0,"comment_status":"closed","ping_status":"closed","template":"elementor_header_footer","meta":{"footnotes":""},"class_list":["post-1009","page","type-page","status-publish","hentry"],"_hostinger_reach_plugin_has_subscription_block":false,"_hostinger_reach_plugin_is_elementor":false,"_links":{"self":[{"href":"https:\/\/margus.lv\/ru\/wp-json\/wp\/v2\/pages\/1009","targetHints":{"allow":["GET"]}}],"collection":[{"href":"https:\/\/margus.lv\/ru\/wp-json\/wp\/v2\/pages"}],"about":[{"href":"https:\/\/margus.lv\/ru\/wp-json\/wp\/v2\/types\/page"}],"author":[{"embeddable":true,"href":"https:\/\/margus.lv\/ru\/wp-json\/wp\/v2\/users\/1"}],"replies":[{"embeddable":true,"href":"https:\/\/margus.lv\/ru\/wp-json\/wp\/v2\/comments?post=1009"}],"version-history":[{"count":7,"href":"https:\/\/margus.lv\/ru\/wp-json\/wp\/v2\/pages\/1009\/revisions"}],"predecessor-version":[{"id":4316,"href":"https:\/\/margus.lv\/ru\/wp-json\/wp\/v2\/pages\/1009\/revisions\/4316"}],"wp:attachment":[{"href":"https:\/\/margus.lv\/ru\/wp-json\/wp\/v2\/media?parent=1009"}],"curies":[{"name":"wp","href":"https:\/\/api.w.org\/{rel}","templated":true}]}}